{"id":822,"date":"2018-08-11T17:02:40","date_gmt":"2018-08-11T14:02:40","guid":{"rendered":"http:\/\/multifarius.ee\/?page_id=822"},"modified":"2025-08-22T16:10:05","modified_gmt":"2025-08-22T13:10:05","slug":"kupumassaaz","status":"publish","type":"page","link":"https:\/\/multifarius.ee\/eng\/kupumassaaz\/","title":{"rendered":"Cupping Massage online course"},"content":{"rendered":"<div data-elementor-type=\"wp-post\" data-elementor-id=\"822\" class=\"elementor elementor-822\" data-elementor-post-type=\"page\">\n\t\t\t\t\t\t<section class=\"has_ae_slider elementor-section elementor-top-section elementor-element elementor-element-5c2c1ce8 elementor-section-boxed elementor-section-height-default elementor-section-height-default ae-bg-gallery-type-default\" data-id=\"5c2c1ce8\" data-element_type=\"section\" data-e-type=\"section\">\n\t\t\t\t\t\t<div class=\"elementor-container elementor-column-gap-default\">\n\t\t\t\t\t<div class=\"has_ae_slider elementor-column elementor-col-100 elementor-top-column elementor-element elementor-element-744fa7bf ae-bg-gallery-type-default\" data-id=\"744fa7bf\" data-element_type=\"column\" data-e-type=\"column\">\n\t\t\t<div class=\"elementor-widget-wrap elementor-element-populated\">\n\t\t\t\t\t\t<div class=\"elementor-element elementor-element-302bbb5 elementor-button-success oppekava-ruhm elementor-widget elementor-widget-global elementor-global-12948 elementor-widget-button\" data-id=\"302bbb5\" data-element_type=\"widget\" data-e-type=\"widget\" data-widget_type=\"button.default\">\n\t\t\t\t<div class=\"elementor-widget-container\">\n\t\t\t\t\t\t\t\t\t<div class=\"elementor-button-wrapper\">\n\t\t\t\t\t<a class=\"elementor-button elementor-button-link elementor-size-sm\" href=\"#\">\n\t\t\t\t\t\t<span class=\"elementor-button-content-wrapper\">\n\t\t\t\t\t\t\t\t\t<span class=\"elementor-button-text\">Therapy and rehabilitation<\/span>\n\t\t\t\t\t<\/span>\n\t\t\t\t\t<\/a>\n\t\t\t\t<\/div>\n\t\t\t\t\t\t\t\t<\/div>\n\t\t\t\t<\/div>\n\t\t\t\t<div class=\"elementor-element elementor-element-da10028 elementor-widget elementor-widget-spacer\" data-id=\"da10028\" data-element_type=\"widget\" data-e-type=\"widget\" data-widget_type=\"spacer.default\">\n\t\t\t\t<div class=\"elementor-widget-container\">\n\t\t\t\t\t\t\t<div class=\"elementor-spacer\">\n\t\t\t<div class=\"elementor-spacer-inner\"><\/div>\n\t\t<\/div>\n\t\t\t\t\t\t<\/div>\n\t\t\t\t<\/div>\n\t\t\t\t<div class=\"elementor-element elementor-element-5fb75999 elementor-widget elementor-widget-text-editor\" data-id=\"5fb75999\" data-element_type=\"widget\" data-e-type=\"widget\" data-widget_type=\"text-editor.default\">\n\t\t\t\t<div class=\"elementor-widget-container\">\n\t\t\t\t\t\t\t\t\t<p style=\"text-align: justify;\">The Cupping Massage online course is based on Western massage theory, where the skeletal muscles affected during a massage session, the massage techniques used, the directions of the massage techniques, and other essential principles are explained in logical arguments. For example, why certain massage movements with silicone cups are performed in one direction, why certain massage movements are not performed in another direction, why some massage movements with silicone cups are performed up and down the back, why some are performed crosswise, etc., are explained.\u00a0<\/p><h3 style=\"text-align: justify;\">1. Title of the Curriculum<\/h3><p style=\"text-align: justify;\">Cupping Massage (online course)<\/p><h3 style=\"text-align: justify;\">2. Curriculum Group<\/h3><p style=\"text-align: justify;\">Therapy and rehabilitation<\/p><h3 style=\"text-align: justify;\">3. Learning Outcomes and Objective<\/h3><p style=\"text-align: justify;\"><strong>Objective:\u00a0<\/strong>to give theoretical knowledge of cupping massage and the massage techniques used.<\/p><p style=\"text-align: justify;\"><strong>Learning Outcomes<\/strong><\/p><p style=\"text-align: justify;\">A participant who successfully completes the Cupping Massage online course:<\/p><ol style=\"text-align: justify;\"><li>knows the human organ systems, i.e. the systems influenced by cupping massage;<\/li><li>describes the structure of a cupping massage session;<\/li><li>knows the massage techniques used in cupping massage;<\/li><li>can highlight the main mistakes in the practical part;<\/li><li>knows when cupping massage could be performed;<\/li><li>understands which human body systems should be targeted in the case of a specific problem;<\/li><li>knows the main skeletal muscles affected by cupping massage and the reasons why they are affected;<\/li><li>is able to independently solve a situational task related to cupping massage.<\/li><\/ol><p style=\"text-align: justify;\"><strong> Methods of Evaluation<\/strong><br \/>The achievement of learning outcomes is assessed using the following assessment methods:<\/p><ol style=\"text-align: justify;\"><li>two multiple-choice module tests;<\/li><li>written answers to questions in two different modules;<\/li><li>final test;<\/li><li>written assessment: solving a scenario-based task related to cupping massage;<\/li><\/ol><p style=\"text-align: justify;\">The learning outcomes are assessed at the end of each sub-module. Written assignments receive written feedback, which may take 1\u20133 working days; only after the independent work has been reviewed and feedback provided can proceed to the next (sub-)module.<\/p><h3 style=\"text-align: justify;\">4. Conditions for Starting Studies<\/h3><p style=\"box-sizing: inherit; font-size: 16px; font-style: normal; font-weight: 400; color: #353535; text-align: justify;\">The Cupping Massage online course is open to anyone interested in gaining knowledge and skills in Cupping Massage. There are no prerequisites for participation in the online course, as the Cupping Massage is not challenging to learn and practice independently. It could even be argued that the Cupping Massage is one of the simplest types of massage.<\/p><h3 style=\"text-align: justify;\">5. Total Volume and Structure of Study<\/h3><p style=\"font-size: 16px; font-style: normal; font-weight: 400; text-align: justify;\"><span style=\"font-size: 16px;\">The Cupping Massage e-course has a total of 10 academic hours, of which 10 are independent learning (including e-learning).<\/span><span style=\"font-size: 16px;\">\u00a0<\/span><span style=\"font-size: 16px;\"><a style=\"font-size: 16px;\" href=\"https:\/\/www.riigiteataja.ee\/akt\/119032019093#para9\">One academic hour is equal to 45 minutes<\/a>.<\/span><\/p><p style=\"font-size: 16px; font-style: normal; font-weight: 400; text-align: justify;\"><span style=\"font-size: 16px;\">The Cupping Massage online course consists of three main modules.\u00a0<\/span><\/p><p style=\"font-size: 16px; font-style: normal; font-weight: 400; text-align: justify;\"><span style=\"font-size: 16px; font-weight: bold;\">Module I: human systems<\/span><\/p><p style=\"text-align: justify;\">The first module gives an overview of the different systems of the human body. The aim is to better understand which systems are affected by massage.<\/p><p style=\"font-size: 16px; font-style: normal; font-weight: 400; text-align: justify;\"><strong><span style=\"font-size: 16px;\">Module II: Cupping Massage<\/span><\/strong><\/p><p style=\"font-size: 16px; font-style: normal; font-weight: 400; text-align: justify;\"><span style=\"font-size: 16px;\">The second module provides an overview of the basic principles of Cupping Massage and highlights which systems of the human body are most affected by Cupping Massage.\u00a0<\/span><\/p><p style=\"font-size: 16px; font-style: normal; font-weight: 400; text-align: justify;\"><strong><span style=\"font-size: 16px;\">Module III: Cupping Massage techniques and their effects<\/span><\/strong><\/p><p style=\"text-align: justify;\">The third module analyses the different directions of Cupping Massage techniques. This reveals which skeletal muscles are most affected and their effects on the human body.<\/p><h3 style=\"text-align: justify;\">6. Content of Study and Learning Methods<\/h3><p style=\"text-align: justify;\">The Cupping Massage online course covers the following topics:\u00a0<\/p><ol style=\"text-align: justify;\"><li style=\"font-size: 16px;\">Cupping Massage in the context of Western massage theory;\u00a0<\/li><li style=\"font-size: 16px;\"><span style=\"font-size: 16px;\">the oils used in the Cupping Massage and their correct dosage;\u00a0<\/span><\/li><li style=\"font-size: 16px;\"><span style=\"font-size: 16px;\">comparison of different cups - pros and cons;<\/span><\/li><li style=\"font-size: 16px;\"><span style=\"font-size: 16px;\">maintenance of massage equipment (cups);<\/span><\/li><li style=\"font-size: 16px;\"><span style=\"font-size: 16px;\">main indications and contraindications for (cupping) massage;<\/span><\/li><li><span style=\"font-size: 16px;\">principles of the design of a Cupping Massage session;<\/span><\/li><li>massage techniques used in the Cupping Massage;<\/li><li style=\"font-size: 16px;\">the body regions and systems affected;<\/li><li style=\"font-size: 16px;\">duration of the Cupping Massage session;<\/li><li><span style=\"font-size: 16px;\">the optimal number of Cupping Massage sessions per calendar month;<\/span><\/li><li><span style=\"font-size: 16px;\">correct application of the silicone cups using different techniques;<\/span><\/li><li><span style=\"font-size: 16px;\">massage techniques with silicone cups in different regions of the body.<\/span><\/li><\/ol><p style=\"text-align: justify;\">In the Cupping Massage online course, the learning methods used are video-based and visual instruction, problem-based learning, case-based learning, analysis, independent study, as well as written assignments and tests.<\/p><h3 style=\"text-align: justify;\">7. Description of the Learning Environment<\/h3><p style=\"text-align: justify;\">The online course takes place in a web-based learning environment integrated into the website and is available to participants 24\/7. The course is based on a video format, where the content is delivered mainly in audio form: the course instructor explains the topic with a slide presentation or videos in the background, and the instructor\u2019s image is usually not displayed on the screen. To complete the online course, participants must create a user account on the website, have a fast internet connection, and use a device that allows watching video lectures, taking tests, and submitting assignments. A computer is recommended, but the course can also be completed on a smart device (e.g., a smartphone).<\/p><h3 style=\"text-align: justify;\">8. Conditions for Issuing Graduation Documents<\/h3><p style=\"text-align: justify;\">In the Cupping Massage online course, the achievement of learning outcomes is assessed. Upon achieving the learning outcomes, a certificate is issued. If not all learning outcomes are achieved, a notice is issued. The prerequisite for receiving the notice is the completion of at least 70% of the online course.\u00a0\u00a0<\/p><p style=\"text-align: justify;\">A certificate or notice is issued electronically. If you wish to receive a certificate or notice in printed form and sent by post, the fee for printing and delivery within Estonia is \u20ac15; delivery abroad is arranged by agreement. The fee for printing and sending a certificate or notice has been set for a simple reason: the cost of special paper, printing, envelope, postage, and the time required for the entire process. We want to keep our main focus on organizing courses rather than spending excessive time on formalities. Issuing a certificate or notice electronically takes about 10 minutes, but on paper it takes several times longer. At the same time, we understand that some learners prefer a certificate or notice in printed form, which is why we provide this option for a reasonable fee.<\/p><h3 style=\"text-align: justify;\" data-start=\"94\" data-end=\"161\">9. Description of the Course Instructor\u2019s Qualification, Learning or Work Experience Required for Conducting the Course or Studies<\/h3><p style=\"text-align: justify;\" data-start=\"122\" data-end=\"380\">The course instructor must have completed extensive studies in massage, successfully passed the massage practitioner qualification exam, and acquired knowledge and skills in cupping massage. In addition, the course instructor must have at least 5 years of experience in teaching adults and organizing e-learning.<\/p><div><h3 style=\"text-align: justify;\">10. How can I register for the Cupping Massage online course, and how long will I have access to it?<\/h3><p style=\"text-align: justify;\">You can register for the Cupping Massage online course <a href=\"https:\/\/multifarius.ee\/eng\/course\/kupumassaaz\/\">here<\/a>.<\/p><p style=\"text-align: justify;\">The Cupping Massage online course can be completed within one year after registration. The course can be taken at any time and at your own pace, as it is based on recorded video lectures.<\/p><\/div><p><!-- \/wp:columns --><\/p>\t\t\t\t\t\t\t\t<\/div>\n\t\t\t\t<\/div>\n\t\t\t\t\t<\/div>\n\t\t<\/div>\n\t\t\t\t\t<\/div>\n\t\t<\/section>\n\t\t\t\t<\/div>","protected":false},"excerpt":{"rendered":"<p>The Cupping Massage online course is based on Western massage theory, where the skeletal muscles affected during a massage session, the massage techniques used, the directions of the massage techniques, and other essential principles are explained in logical arguments. For example, why certain massage movements with silicone cups are performed in one direction, why certain massage movements are not performed in another direction, why some massage movements with silicone cups are performed up and down the back, why some are performed crosswise, etc., are explained.\u00a0<\/p>","protected":false},"author":6,"featured_media":0,"parent":0,"menu_order":0,"comment_status":"closed","ping_status":"closed","template":"","meta":{"_monsterinsights_skip_tracking":false,"_monsterinsights_sitenote_active":false,"_monsterinsights_sitenote_note":"","_monsterinsights_sitenote_category":0,"site-sidebar-layout":"right-sidebar","site-content-layout":"plain-container","ast-site-content-layout":"default","site-content-style":"default","site-sidebar-style":"default","ast-global-header-display":"","ast-banner-title-visibility":"","ast-main-header-display":"","ast-hfb-above-header-display":"","ast-hfb-below-header-display":"","ast-hfb-mobile-header-display":"","site-post-title":"","ast-breadcrumbs-content":"","ast-featured-img":"","footer-sml-layout":"","ast-disable-related-posts":"","theme-transparent-header-meta":"default","adv-header-id-meta":"","stick-header-meta":"","header-above-stick-meta":"","header-main-stick-meta":"","header-below-stick-meta":"","astra-migrate-meta-layouts":"default","ast-page-background-enabled":"default","ast-page-background-meta":{"desktop":{"background-color":"","background-image":"","background-repeat":"repeat","background-position":"center center","background-size":"auto","background-attachment":"scroll","background-type":"","background-media":"","overlay-type":"","overlay-color":"","overlay-opacity":"","overlay-gradient":""},"tablet":{"background-color":"","background-image":"","background-repeat":"repeat","background-position":"center center","background-size":"auto","background-attachment":"scroll","background-type":"","background-media":"","overlay-type":"","overlay-color":"","overlay-opacity":"","overlay-gradient":""},"mobile":{"background-color":"","background-image":"","background-repeat":"repeat","background-position":"center center","background-size":"auto","background-attachment":"scroll","background-type":"","background-media":"","overlay-type":"","overlay-color":"","overlay-opacity":"","overlay-gradient":""}},"ast-content-background-meta":{"desktop":{"background-color":"var(--ast-global-color-5)","background-image":"","background-repeat":"repeat","background-position":"center center","background-size":"auto","background-attachment":"scroll","background-type":"","background-media":"","overlay-type":"","overlay-color":"","overlay-opacity":"","overlay-gradient":""},"tablet":{"background-color":"var(--ast-global-color-5)","background-image":"","background-repeat":"repeat","background-position":"center center","background-size":"auto","background-attachment":"scroll","background-type":"","background-media":"","overlay-type":"","overlay-color":"","overlay-opacity":"","overlay-gradient":""},"mobile":{"background-color":"var(--ast-global-color-5)","background-image":"","background-repeat":"repeat","background-position":"center center","background-size":"auto","background-attachment":"scroll","background-type":"","background-media":"","overlay-type":"","overlay-color":"","overlay-opacity":"","overlay-gradient":""}},"footnotes":""},"class_list":["post-822","page","type-page","status-publish","hentry"],"yoast_head":"<!-- This site is optimized with the Yoast SEO Premium plugin v24.4 (Yoast SEO v27.3) - https:\/\/yoast.com\/product\/yoast-seo-premium-wordpress\/ -->\n<title>Kupumassaa\u017ei e-kursus - TeadmisteRadar<\/title>\n<meta name=\"robots\" content=\"index, follow, max-snippet:-1, max-image-preview:large, max-video-preview:-1\" \/>\n<link rel=\"canonical\" href=\"https:\/\/multifarius.ee\/eng\/kupumassaaz\/\" \/>\n<meta property=\"og:locale\" content=\"en_US\" \/>\n<meta property=\"og:type\" content=\"article\" \/>\n<meta property=\"og:title\" content=\"Kupumassaa\u017ei e-kursus\" \/>\n<meta property=\"og:description\" content=\"Kupumassaa\u017ei e-kursus on koostatud l\u00e4\u00e4neliku massaa\u017eiteooria p\u00f5hiselt, kus massaa\u017eiseansi k\u00e4igus m\u00f5jutatavad skeletilihased, kasutatavad massaa\u017eiv\u00f5tted, massaa\u017eiv\u00f5tete suunad ja teised olulised p\u00f5him\u00f5tted saavad p\u00f5hjendatud loogiliste seisukohtadega. N\u00e4iteks selgitatakse, miks teatud massaa\u017eiv\u00f5tteid silikoonkuppudega tehakse \u00fches suunas, miks ei tehta teatud massaa\u017eiv\u00f5tteid teises suunas, miks osa massaa\u017eiv\u00f5tteid silikoonkuppudega tehakse seljal \u00fcles-alla, miks osa risti jne.\u00a0\" \/>\n<meta property=\"og:url\" content=\"https:\/\/multifarius.ee\/eng\/kupumassaaz\/\" \/>\n<meta property=\"og:site_name\" content=\"TeadmisteRadar\" \/>\n<meta property=\"article:modified_time\" content=\"2025-08-22T13:10:05+00:00\" \/>\n<meta property=\"og:image\" content=\"http:\/\/multifarius.ee\/wp-content\/uploads\/2019\/03\/kupumassaa\u017e-1024x683.jpg\" \/>\n\t<meta property=\"og:image:width\" content=\"1024\" \/>\n\t<meta property=\"og:image:height\" content=\"683\" \/>\n\t<meta property=\"og:image:type\" content=\"image\/jpeg\" \/>\n<meta name=\"twitter:card\" content=\"summary_large_image\" \/>\n<meta name=\"twitter:label1\" content=\"Est. reading time\" \/>\n\t<meta name=\"twitter:data1\" content=\"4 minutes\" \/>\n<script type=\"application\/ld+json\" class=\"yoast-schema-graph\">{\"@context\":\"https:\\\/\\\/schema.org\",\"@graph\":[{\"@type\":\"WebPage\",\"@id\":\"https:\\\/\\\/multifarius.ee\\\/kupumassaaz\\\/\",\"url\":\"https:\\\/\\\/multifarius.ee\\\/kupumassaaz\\\/\",\"name\":\"Kupumassaa\u017ei e-kursus - TeadmisteRadar\",\"isPartOf\":{\"@id\":\"https:\\\/\\\/multifarius.ee\\\/#website\"},\"datePublished\":\"2018-08-11T14:02:40+00:00\",\"dateModified\":\"2025-08-22T13:10:05+00:00\",\"breadcrumb\":{\"@id\":\"https:\\\/\\\/multifarius.ee\\\/kupumassaaz\\\/#breadcrumb\"},\"inLanguage\":\"en-US\",\"potentialAction\":[{\"@type\":\"ReadAction\",\"target\":[\"https:\\\/\\\/multifarius.ee\\\/kupumassaaz\\\/\"]}]},{\"@type\":\"BreadcrumbList\",\"@id\":\"https:\\\/\\\/multifarius.ee\\\/kupumassaaz\\\/#breadcrumb\",\"itemListElement\":[{\"@type\":\"ListItem\",\"position\":1,\"name\":\"Home\",\"item\":\"https:\\\/\\\/multifarius.ee\\\/\"},{\"@type\":\"ListItem\",\"position\":2,\"name\":\"Kupumassaa\u017ei e-kursus\"}]},{\"@type\":\"WebSite\",\"@id\":\"https:\\\/\\\/multifarius.ee\\\/#website\",\"url\":\"https:\\\/\\\/multifarius.ee\\\/\",\"name\":\"TeadmisteRadar\",\"description\":\"Koolitused ja e-kursused\",\"publisher\":{\"@id\":\"https:\\\/\\\/multifarius.ee\\\/#organization\"},\"potentialAction\":[{\"@type\":\"SearchAction\",\"target\":{\"@type\":\"EntryPoint\",\"urlTemplate\":\"https:\\\/\\\/multifarius.ee\\\/?s={search_term_string}\"},\"query-input\":{\"@type\":\"PropertyValueSpecification\",\"valueRequired\":true,\"valueName\":\"search_term_string\"}}],\"inLanguage\":\"en-US\"},{\"@type\":\"Organization\",\"@id\":\"https:\\\/\\\/multifarius.ee\\\/#organization\",\"name\":\"TeadmisteRadar\",\"url\":\"https:\\\/\\\/multifarius.ee\\\/\",\"logo\":{\"@type\":\"ImageObject\",\"inLanguage\":\"en-US\",\"@id\":\"https:\\\/\\\/multifarius.ee\\\/#\\\/schema\\\/logo\\\/image\\\/\",\"url\":\"https:\\\/\\\/multifarius.ee\\\/wp-content\\\/uploads\\\/2022\\\/09\\\/tr-logo-uus3.png\",\"contentUrl\":\"https:\\\/\\\/multifarius.ee\\\/wp-content\\\/uploads\\\/2022\\\/09\\\/tr-logo-uus3.png\",\"width\":650,\"height\":143,\"caption\":\"TeadmisteRadar\"},\"image\":{\"@id\":\"https:\\\/\\\/multifarius.ee\\\/#\\\/schema\\\/logo\\\/image\\\/\"}}]}<\/script>\n<!-- \/ Yoast SEO Premium plugin. -->","yoast_head_json":{"title":"Kupumassaa\u017ei e-kursus - TeadmisteRadar","robots":{"index":"index","follow":"follow","max-snippet":"max-snippet:-1","max-image-preview":"max-image-preview:large","max-video-preview":"max-video-preview:-1"},"canonical":"https:\/\/multifarius.ee\/eng\/kupumassaaz\/","og_locale":"en_US","og_type":"article","og_title":"Kupumassaa\u017ei e-kursus","og_description":"Kupumassaa\u017ei e-kursus on koostatud l\u00e4\u00e4neliku massaa\u017eiteooria p\u00f5hiselt, kus massaa\u017eiseansi k\u00e4igus m\u00f5jutatavad skeletilihased, kasutatavad massaa\u017eiv\u00f5tted, massaa\u017eiv\u00f5tete suunad ja teised olulised p\u00f5him\u00f5tted saavad p\u00f5hjendatud loogiliste seisukohtadega. N\u00e4iteks selgitatakse, miks teatud massaa\u017eiv\u00f5tteid silikoonkuppudega tehakse \u00fches suunas, miks ei tehta teatud massaa\u017eiv\u00f5tteid teises suunas, miks osa massaa\u017eiv\u00f5tteid silikoonkuppudega tehakse seljal \u00fcles-alla, miks osa risti jne.\u00a0","og_url":"https:\/\/multifarius.ee\/eng\/kupumassaaz\/","og_site_name":"TeadmisteRadar","article_modified_time":"2025-08-22T13:10:05+00:00","og_image":[{"width":1024,"height":683,"url":"http:\/\/multifarius.ee\/wp-content\/uploads\/2019\/03\/kupumassaa\u017e-1024x683.jpg","type":"image\/jpeg"}],"twitter_card":"summary_large_image","twitter_misc":{"Est. reading time":"4 minutes"},"schema":{"@context":"https:\/\/schema.org","@graph":[{"@type":"WebPage","@id":"https:\/\/multifarius.ee\/kupumassaaz\/","url":"https:\/\/multifarius.ee\/kupumassaaz\/","name":"Kupumassaa\u017ei e-kursus - TeadmisteRadar","isPartOf":{"@id":"https:\/\/multifarius.ee\/#website"},"datePublished":"2018-08-11T14:02:40+00:00","dateModified":"2025-08-22T13:10:05+00:00","breadcrumb":{"@id":"https:\/\/multifarius.ee\/kupumassaaz\/#breadcrumb"},"inLanguage":"en-US","potentialAction":[{"@type":"ReadAction","target":["https:\/\/multifarius.ee\/kupumassaaz\/"]}]},{"@type":"BreadcrumbList","@id":"https:\/\/multifarius.ee\/kupumassaaz\/#breadcrumb","itemListElement":[{"@type":"ListItem","position":1,"name":"Home","item":"https:\/\/multifarius.ee\/"},{"@type":"ListItem","position":2,"name":"Kupumassaa\u017ei e-kursus"}]},{"@type":"WebSite","@id":"https:\/\/multifarius.ee\/#website","url":"https:\/\/multifarius.ee\/","name":"TeadmisteRadar","description":"Koolitused ja e-kursused","publisher":{"@id":"https:\/\/multifarius.ee\/#organization"},"potentialAction":[{"@type":"SearchAction","target":{"@type":"EntryPoint","urlTemplate":"https:\/\/multifarius.ee\/?s={search_term_string}"},"query-input":{"@type":"PropertyValueSpecification","valueRequired":true,"valueName":"search_term_string"}}],"inLanguage":"en-US"},{"@type":"Organization","@id":"https:\/\/multifarius.ee\/#organization","name":"TeadmisteRadar","url":"https:\/\/multifarius.ee\/","logo":{"@type":"ImageObject","inLanguage":"en-US","@id":"https:\/\/multifarius.ee\/#\/schema\/logo\/image\/","url":"https:\/\/multifarius.ee\/wp-content\/uploads\/2022\/09\/tr-logo-uus3.png","contentUrl":"https:\/\/multifarius.ee\/wp-content\/uploads\/2022\/09\/tr-logo-uus3.png","width":650,"height":143,"caption":"TeadmisteRadar"},"image":{"@id":"https:\/\/multifarius.ee\/#\/schema\/logo\/image\/"}}]}},"_links":{"self":[{"href":"https:\/\/multifarius.ee\/eng\/wp-json\/wp\/v2\/pages\/822","targetHints":{"allow":["GET"]}}],"collection":[{"href":"https:\/\/multifarius.ee\/eng\/wp-json\/wp\/v2\/pages"}],"about":[{"href":"https:\/\/multifarius.ee\/eng\/wp-json\/wp\/v2\/types\/page"}],"author":[{"embeddable":true,"href":"https:\/\/multifarius.ee\/eng\/wp-json\/wp\/v2\/users\/6"}],"replies":[{"embeddable":true,"href":"https:\/\/multifarius.ee\/eng\/wp-json\/wp\/v2\/comments?post=822"}],"version-history":[{"count":5,"href":"https:\/\/multifarius.ee\/eng\/wp-json\/wp\/v2\/pages\/822\/revisions"}],"predecessor-version":[{"id":37431,"href":"https:\/\/multifarius.ee\/eng\/wp-json\/wp\/v2\/pages\/822\/revisions\/37431"}],"wp:attachment":[{"href":"https:\/\/multifarius.ee\/eng\/wp-json\/wp\/v2\/media?parent=822"}],"curies":[{"name":"wp","href":"https:\/\/api.w.org\/{rel}","templated":true}]}}