{"id":4730,"date":"2019-07-08T21:04:38","date_gmt":"2019-07-08T18:04:38","guid":{"rendered":"http:\/\/multifarius.ee\/?page_id=4730"},"modified":"2024-05-17T15:53:40","modified_gmt":"2024-05-17T12:53:40","slug":"saun-ja-selle-moju-organismile","status":"publish","type":"page","link":"https:\/\/multifarius.ee\/eng\/saun-ja-selle-moju-organismile\/","title":{"rendered":"Sauna and its effects on the body"},"content":{"rendered":"<div data-elementor-type=\"wp-post\" data-elementor-id=\"4730\" class=\"elementor elementor-4730\" data-elementor-post-type=\"page\">\n\t\t\t\t\t\t<section class=\"has_ae_slider elementor-section elementor-top-section elementor-element elementor-element-2324249e elementor-section-boxed elementor-section-height-default elementor-section-height-default ae-bg-gallery-type-default\" data-id=\"2324249e\" data-element_type=\"section\" data-e-type=\"section\">\n\t\t\t\t\t\t<div class=\"elementor-container elementor-column-gap-default\">\n\t\t\t\t\t<div class=\"has_ae_slider elementor-column elementor-col-100 elementor-top-column elementor-element elementor-element-e636c9f ae-bg-gallery-type-default\" data-id=\"e636c9f\" data-element_type=\"column\" data-e-type=\"column\">\n\t\t\t<div class=\"elementor-widget-wrap elementor-element-populated\">\n\t\t\t\t\t\t<div class=\"elementor-element elementor-element-39e78ef elementor-widget elementor-widget-spacer\" data-id=\"39e78ef\" data-element_type=\"widget\" data-e-type=\"widget\" data-widget_type=\"spacer.default\">\n\t\t\t\t<div class=\"elementor-widget-container\">\n\t\t\t\t\t\t\t<div class=\"elementor-spacer\">\n\t\t\t<div class=\"elementor-spacer-inner\"><\/div>\n\t\t<\/div>\n\t\t\t\t\t\t<\/div>\n\t\t\t\t<\/div>\n\t\t\t\t<div class=\"elementor-element elementor-element-2e4436e elementor-widget elementor-widget-text-editor\" data-id=\"2e4436e\" data-element_type=\"widget\" data-e-type=\"widget\" data-widget_type=\"text-editor.default\">\n\t\t\t\t<div class=\"elementor-widget-container\">\n\t\t\t\t\t\t\t\t\t<p style=\"text-align: justify;\">A sauna is a place where the temperature is usually between 60 and 100 degrees. Going to a sauna is generally not expensive and is therefore accessible to most of us. Many people go to a sauna at least once a week, some even more often. Generally, saunas are suitable for most people because the temperature, humidity, etc., can be easily adjusted. The benefits of a sauna could be particularly significant for professionals such as athletes, firefighters, members of the defence forces, etc. They have to cope with more intense heat exposure than usual under certain conditions (e.g. when sporting in a hot climate), and saunas provide better preparation for such extreme situations. At the same time, saunas are not only meant for young and healthy people but are also suitable for the elderly and people with certain illnesses. It has been proven that sauna has a positive effect on better coping with diseases such as diabetes and high blood pressure. It also helps prevent traumas and provides pain relief to a certain extent. In addition, sauna can also speed up a person's recovery if the conditions in the sauna are optimal. Consequently, sauna has many positive effects, which will be analysed in the online course.<\/p><h3 style=\"text-align: justify;\">Requirements for starting a course<\/h3><p style=\"text-align: justify;\">There are no prerequisites for participation in the online course: anyone who wishes to gain in-depth knowledge of the sauna and its effects on the body can participate.<\/p><h3 style=\"font-size: 16px; font-style: normal; font-weight: 400; text-align: justify;\"><span style=\"font-size: 1.17em; font-weight: 600;\">Volume, duration, and structure of the online course<\/span><\/h3><p style=\"text-align: justify;\">The volume of the sauna-themed online course is 25 academic hours, of which 25 are independent learning (including online learning).<\/p><p style=\"text-align: justify;\">The sauna-themed online course can be accessed for two years after registration.\u00a0<\/p><p style=\"text-align: justify;\">The structure of the online course can be found <strong>here<\/strong>.<\/p><h3 style=\"font-size: 16px; font-style: normal; font-weight: 400; text-align: justify;\"><span style=\"font-size: 1.17em; font-weight: 600;\">Learning outcomes and documents to be delivered<\/span><\/h3><p style=\"text-align: justify;\">The sauna-themed online course assesses the achievement of learning outcomes. Upon completion of the online course, either a certificate or a notice will be issued. The certificate is issued on the condition that all learning outcomes have been achieved. To achieve these learning objectives, various written tasks and multiple-choice tests must be completed, as well as a final test and a written examination. Written feedback will be given on the assignments; the independent work submitted will be reviewed, and feedback will be provided within 24-72 (usually 24) hours. After that, you can move on to the next module.<\/p><div style=\"text-align: justify;\">If not all learning outcomes have been achieved, but at least 70% of the online course has been completed, a notice will be issued to the online course participant.<\/div><div style=\"text-align: justify;\">\u00a0<\/div><div style=\"text-align: justify;\">The certificate and the notice will be sent free of charge within Estonia; delivery abroad is by agreement.\u00a0<\/div><div style=\"text-align: justify;\">\u00a0<\/div><h3 style=\"text-align: justify;\">Topics of the online course<\/h3><p>The sauna-themed online course discusses the following topics:<\/p><ol style=\"text-align: justify;\"><li><a href=\"https:\/\/et.wikipedia.org\/wiki\/Saun#Saunaliigid\">types of sauna<\/a> and the specific effects of sauna;<\/li><li>effects of sauna on the body in general and schematically, analysis according to different diseases;<\/li><li>a first-level method for assessing whether or not to go to the sauna;<\/li><li style=\"font-size: 16px;\">previous sauna experience;<\/li><li style=\"font-size: 16px;\"><span style=\"font-size: 16px; color: var( --e-global-color-text );\">sauna temperature and humidity; the effects of smell and sauna whisk on the body;<\/span><\/li><li style=\"font-size: 16px;\"><span style=\"font-size: 16px; color: var( --e-global-color-text );\">sauna time, body position selection;<\/span><\/li><li style=\"font-size: 16px;\"><span style=\"font-size: 16px; color: var( --e-global-color-text );\">cooling;<\/span><\/li><li><span style=\"color: var( --e-global-color-text ); font-size: 16px;\">the importance of intensity and regularity when taking a sauna;<\/span><\/li><li><span style=\"font-size: 16px; color: var( --e-global-color-text );\">the risks associated with saunas;<\/span><\/li><li>eating and fluid consumption;<\/li><li><span style=\"font-size: 16px; color: var( --e-global-color-text );\">the different activities that influence the sauna experience and its outcome;<\/span><\/li><li>sauna in combination with other therapies and practices;<\/li><li><span style=\"font-size: 16px; color: var( --e-global-color-text );\">sauna effects on body weight;\u00a0<\/span><\/li><li><span style=\"font-size: 16px; color: var( --e-global-color-text );\">misconceptions and important principles about saunas.<\/span><\/li><\/ol><h3 style=\"font-style: normal; text-align: justify;\">In addition to the sauna-themed online course, what other online courses could you take?<\/h3><div style=\"text-align: justify;\"><p>The sauna-themed online course covers a lot of Human Anatomy and Physiology knowledge. Therefore, you should take the sauna-themed online course before or after the <a href=\"http:\/\/multifarius.ee\/eng\/anatoomia-ja-fusioloogia\/\">Human Anatomy and Physiology course<\/a><span style=\"color: #333333;\">.<\/span><\/p><\/div><h3 style=\"font-style: normal; text-align: justify;\">Where can I enroll for a sauna-themed online course?\u00a0<\/h3><div style=\"text-align: justify;\">You can find the sauna-themed online course <a href=\"http:\/\/multifarius.ee\/eng\/syndmus\/saun-ja-selle-moju-organismile\/\"><strong>here<\/strong><\/a>.<\/div><div style=\"text-align: justify;\">\u00a0<\/div><div><h3 style=\"font-size: 16px; font-style: normal; font-weight: 400; text-align: justify;\"><span style=\"font-size: 1.17em; font-style: normal; font-weight: 600;\">Any question? Send us an email!\u00a0<\/span><\/h3><h3 style=\"font-size: 16px; font-style: normal; font-weight: 400; text-align: justify;\"><span style=\"font-size: 16px;\">\n<div class=\"wpcf7 no-js\" id=\"wpcf7-f7-o1\" lang=\"en-US\" dir=\"ltr\" data-wpcf7-id=\"7\">\n<div class=\"screen-reader-response\"><p role=\"status\" aria-live=\"polite\" aria-atomic=\"true\"><\/p> <ul><\/ul><\/div>\n<form action=\"\/eng\/wp-json\/wp\/v2\/pages\/4730#wpcf7-f7-o1\" method=\"post\" class=\"wpcf7-form init\" aria-label=\"Contact form\" novalidate=\"novalidate\" data-status=\"init\" data-trp-original-action=\"\/eng\/wp-json\/wp\/v2\/pages\/4730#wpcf7-f7-o1\">\n<fieldset class=\"hidden-fields-container\"><input type=\"hidden\" name=\"_wpcf7\" value=\"7\" \/><input type=\"hidden\" name=\"_wpcf7_version\" value=\"6.1.5\" \/><input type=\"hidden\" name=\"_wpcf7_locale\" value=\"en_US\" \/><input type=\"hidden\" name=\"_wpcf7_unit_tag\" value=\"wpcf7-f7-o1\" \/><input type=\"hidden\" name=\"_wpcf7_container_post\" value=\"0\" \/><input type=\"hidden\" name=\"_wpcf7_posted_data_hash\" value=\"\" \/><input type=\"hidden\" name=\"_wpcf7_recaptcha_response\" value=\"\" \/>\n<\/fieldset>\n<p><label> Your name<br \/>\n<span class=\"wpcf7-form-control-wrap\" data-name=\"your-name\"><input size=\"40\" maxlength=\"400\" class=\"wpcf7-form-control wpcf7-text wpcf7-validates-as-required\" aria-required=\"true\" aria-invalid=\"false\" value=\"\" type=\"text\" name=\"your-name\" \/><\/span> <\/label>\n<\/p>\n<p><label> Your e-mail address<br \/>\n<span class=\"wpcf7-form-control-wrap\" data-name=\"your-email\"><input size=\"40\" maxlength=\"400\" class=\"wpcf7-form-control wpcf7-email wpcf7-validates-as-required wpcf7-text wpcf7-validates-as-email\" aria-required=\"true\" aria-invalid=\"false\" value=\"\" type=\"email\" name=\"your-email\" \/><\/span> <\/label>\n<\/p>\n<p><label> Subject<br \/>\n<span class=\"wpcf7-form-control-wrap\" data-name=\"your-subject\"><input size=\"40\" maxlength=\"400\" class=\"wpcf7-form-control wpcf7-text\" aria-invalid=\"false\" value=\"\" type=\"text\" name=\"your-subject\" \/><\/span> <\/label>\n<\/p>\n<p><label> Content of the topic (text)<br \/>\n<span class=\"wpcf7-form-control-wrap\" data-name=\"your-message\"><textarea cols=\"40\" rows=\"5\" maxlength=\"2000\" class=\"wpcf7-form-control wpcf7-textarea\" aria-invalid=\"false\" name=\"your-message\"><\/textarea><\/span> <\/label>\n<\/p>\n\n<p><input class=\"wpcf7-form-control wpcf7-submit has-spinner\" type=\"submit\" value=\"Send a letter!\" \/>\n<\/p><div class=\"wpcf7-response-output\" aria-hidden=\"true\"><\/div>\n<input type=\"hidden\" name=\"trp-form-language\" value=\"eng\"\/><\/form>\n<\/div>\n<\/span><\/h3><\/div><p><!-- \/wp:columns --><\/p>\t\t\t\t\t\t\t\t<\/div>\n\t\t\t\t<\/div>\n\t\t\t\t\t<\/div>\n\t\t<\/div>\n\t\t\t\t\t<\/div>\n\t\t<\/section>\n\t\t\t\t<section class=\"has_ae_slider elementor-section elementor-top-section elementor-element elementor-element-315219c elementor-section-boxed elementor-section-height-default elementor-section-height-default ae-bg-gallery-type-default\" data-id=\"315219c\" data-element_type=\"section\" data-e-type=\"section\">\n\t\t\t\t\t\t<div class=\"elementor-container elementor-column-gap-default\">\n\t\t\t\t\t<div class=\"has_ae_slider elementor-column elementor-col-100 elementor-top-column elementor-element elementor-element-1e0fe45 ae-bg-gallery-type-default\" data-id=\"1e0fe45\" data-element_type=\"column\" data-e-type=\"column\">\n\t\t\t<div class=\"elementor-widget-wrap\">\n\t\t\t\t\t\t\t<\/div>\n\t\t<\/div>\n\t\t\t\t\t<\/div>\n\t\t<\/section>\n\t\t\t\t<\/div>","protected":false},"excerpt":{"rendered":"<p>A sauna is a place where the temperature is usually between 60 and 100 degrees. Going to a sauna is generally not expensive and is therefore accessible to most of us. Many people go to a sauna at least once a week, some even more often. Generally, saunas are suitable for most people because the temperature, humidity, etc., can be easily adjusted. The benefits of a sauna could be particularly significant for professionals such as athletes, firefighters, members of the defence forces, etc. They have to cope with more intense heat exposure than usual under certain conditions (e.g. when sporting in a hot climate), and saunas provide better preparation for such extreme situations. At the same time, saunas are not only meant for young and healthy people but are also suitable for the elderly and people with certain illnesses. It has been proven that sauna has a positive effect on better coping with diseases such as diabetes and high blood pressure. It also helps prevent traumas and provides pain relief to a certain extent. In addition, sauna can also speed up a person's recovery if the conditions in the sauna are optimal. Consequently, sauna has many positive effects, which will be analysed in the online course.<\/p>","protected":false},"author":1,"featured_media":0,"parent":0,"menu_order":0,"comment_status":"closed","ping_status":"closed","template":"","meta":{"_monsterinsights_skip_tracking":false,"_monsterinsights_sitenote_active":false,"_monsterinsights_sitenote_note":"","_monsterinsights_sitenote_category":0,"site-sidebar-layout":"right-sidebar","site-content-layout":"plain-container","ast-site-content-layout":"default","site-content-style":"default","site-sidebar-style":"default","ast-global-header-display":"","ast-banner-title-visibility":"","ast-main-header-display":"","ast-hfb-above-header-display":"","ast-hfb-below-header-display":"","ast-hfb-mobile-header-display":"","site-post-title":"","ast-breadcrumbs-content":"","ast-featured-img":"","footer-sml-layout":"","ast-disable-related-posts":"","theme-transparent-header-meta":"default","adv-header-id-meta":"","stick-header-meta":"","header-above-stick-meta":"","header-main-stick-meta":"","header-below-stick-meta":"","astra-migrate-meta-layouts":"default","ast-page-background-enabled":"default","ast-page-background-meta":{"desktop":{"background-color":"","background-image":"","background-repeat":"repeat","background-position":"center center","background-size":"auto","background-attachment":"scroll","background-type":"","background-media":"","overlay-type":"","overlay-color":"","overlay-opacity":"","overlay-gradient":""},"tablet":{"background-color":"","background-image":"","background-repeat":"repeat","background-position":"center center","background-size":"auto","background-attachment":"scroll","background-type":"","background-media":"","overlay-type":"","overlay-color":"","overlay-opacity":"","overlay-gradient":""},"mobile":{"background-color":"","background-image":"","background-repeat":"repeat","background-position":"center center","background-size":"auto","background-attachment":"scroll","background-type":"","background-media":"","overlay-type":"","overlay-color":"","overlay-opacity":"","overlay-gradient":""}},"ast-content-background-meta":{"desktop":{"background-color":"var(--ast-global-color-5)","background-image":"","background-repeat":"repeat","background-position":"center center","background-size":"auto","background-attachment":"scroll","background-type":"","background-media":"","overlay-type":"","overlay-color":"","overlay-opacity":"","overlay-gradient":""},"tablet":{"background-color":"var(--ast-global-color-5)","background-image":"","background-repeat":"repeat","background-position":"center center","background-size":"auto","background-attachment":"scroll","background-type":"","background-media":"","overlay-type":"","overlay-color":"","overlay-opacity":"","overlay-gradient":""},"mobile":{"background-color":"var(--ast-global-color-5)","background-image":"","background-repeat":"repeat","background-position":"center center","background-size":"auto","background-attachment":"scroll","background-type":"","background-media":"","overlay-type":"","overlay-color":"","overlay-opacity":"","overlay-gradient":""}},"footnotes":""},"class_list":["post-4730","page","type-page","status-publish","hentry"],"yoast_head":"<!-- This site is optimized with the Yoast SEO Premium plugin v24.4 (Yoast SEO v27.3) - https:\/\/yoast.com\/product\/yoast-seo-premium-wordpress\/ -->\n<title>Saun ja selle m\u00f5ju organismile - TeadmisteRadar<\/title>\n<meta name=\"description\" content=\"Sauna olemus, m\u00f5ju tervisele, saunaliigid: Soome, Vene, T\u00fcrgi, Korea , Eesti, t\u00fcnnisaun, infrapuna saun, aurusaun, viht, \u00f5lid (l\u00f5hnad), taastab eluj\u00f5udu.\" \/>\n<meta name=\"robots\" content=\"index, follow, max-snippet:-1, max-image-preview:large, max-video-preview:-1\" \/>\n<link rel=\"canonical\" href=\"https:\/\/multifarius.ee\/eng\/saun-ja-selle-moju-organismile\/\" \/>\n<meta property=\"og:locale\" content=\"en_US\" \/>\n<meta property=\"og:type\" content=\"article\" \/>\n<meta property=\"og:title\" content=\"Saun ja selle m\u00f5ju organismile\" \/>\n<meta property=\"og:description\" content=\"Sauna olemus, m\u00f5ju tervisele, saunaliigid: Soome, Vene, T\u00fcrgi, Korea , Eesti, t\u00fcnnisaun, infrapuna saun, aurusaun, viht, \u00f5lid (l\u00f5hnad), taastab eluj\u00f5udu.\" \/>\n<meta property=\"og:url\" content=\"https:\/\/multifarius.ee\/eng\/saun-ja-selle-moju-organismile\/\" \/>\n<meta property=\"og:site_name\" content=\"TeadmisteRadar\" \/>\n<meta property=\"article:modified_time\" content=\"2024-05-17T12:53:40+00:00\" \/>\n<meta property=\"og:image\" content=\"https:\/\/multifarius.ee\/wp-content\/uploads\/2019\/07\/lava-1024x683.jpg\" \/>\n\t<meta property=\"og:image:width\" content=\"1024\" \/>\n\t<meta property=\"og:image:height\" content=\"683\" \/>\n\t<meta property=\"og:image:type\" content=\"image\/jpeg\" \/>\n<meta name=\"twitter:card\" content=\"summary_large_image\" \/>\n<meta name=\"twitter:label1\" content=\"Est. reading time\" \/>\n\t<meta name=\"twitter:data1\" content=\"3 minutes\" \/>\n<script type=\"application\/ld+json\" class=\"yoast-schema-graph\">{\"@context\":\"https:\\\/\\\/schema.org\",\"@graph\":[{\"@type\":\"WebPage\",\"@id\":\"https:\\\/\\\/multifarius.ee\\\/saun-ja-selle-moju-organismile\\\/\",\"url\":\"https:\\\/\\\/multifarius.ee\\\/saun-ja-selle-moju-organismile\\\/\",\"name\":\"Saun ja selle m\u00f5ju organismile - TeadmisteRadar\",\"isPartOf\":{\"@id\":\"https:\\\/\\\/multifarius.ee\\\/#website\"},\"datePublished\":\"2019-07-08T18:04:38+00:00\",\"dateModified\":\"2024-05-17T12:53:40+00:00\",\"description\":\"Sauna olemus, m\u00f5ju tervisele, saunaliigid: Soome, Vene, T\u00fcrgi, Korea , Eesti, t\u00fcnnisaun, infrapuna saun, aurusaun, viht, \u00f5lid (l\u00f5hnad), taastab eluj\u00f5udu.\",\"breadcrumb\":{\"@id\":\"https:\\\/\\\/multifarius.ee\\\/saun-ja-selle-moju-organismile\\\/#breadcrumb\"},\"inLanguage\":\"en-US\",\"potentialAction\":[{\"@type\":\"ReadAction\",\"target\":[\"https:\\\/\\\/multifarius.ee\\\/saun-ja-selle-moju-organismile\\\/\"]}]},{\"@type\":\"BreadcrumbList\",\"@id\":\"https:\\\/\\\/multifarius.ee\\\/saun-ja-selle-moju-organismile\\\/#breadcrumb\",\"itemListElement\":[{\"@type\":\"ListItem\",\"position\":1,\"name\":\"Home\",\"item\":\"https:\\\/\\\/multifarius.ee\\\/\"},{\"@type\":\"ListItem\",\"position\":2,\"name\":\"Saun ja selle m\u00f5ju organismile\"}]},{\"@type\":\"WebSite\",\"@id\":\"https:\\\/\\\/multifarius.ee\\\/#website\",\"url\":\"https:\\\/\\\/multifarius.ee\\\/\",\"name\":\"TeadmisteRadar\",\"description\":\"Koolitused ja e-kursused\",\"publisher\":{\"@id\":\"https:\\\/\\\/multifarius.ee\\\/#organization\"},\"potentialAction\":[{\"@type\":\"SearchAction\",\"target\":{\"@type\":\"EntryPoint\",\"urlTemplate\":\"https:\\\/\\\/multifarius.ee\\\/?s={search_term_string}\"},\"query-input\":{\"@type\":\"PropertyValueSpecification\",\"valueRequired\":true,\"valueName\":\"search_term_string\"}}],\"inLanguage\":\"en-US\"},{\"@type\":\"Organization\",\"@id\":\"https:\\\/\\\/multifarius.ee\\\/#organization\",\"name\":\"TeadmisteRadar\",\"url\":\"https:\\\/\\\/multifarius.ee\\\/\",\"logo\":{\"@type\":\"ImageObject\",\"inLanguage\":\"en-US\",\"@id\":\"https:\\\/\\\/multifarius.ee\\\/#\\\/schema\\\/logo\\\/image\\\/\",\"url\":\"https:\\\/\\\/multifarius.ee\\\/wp-content\\\/uploads\\\/2022\\\/09\\\/tr-logo-uus3.png\",\"contentUrl\":\"https:\\\/\\\/multifarius.ee\\\/wp-content\\\/uploads\\\/2022\\\/09\\\/tr-logo-uus3.png\",\"width\":650,\"height\":143,\"caption\":\"TeadmisteRadar\"},\"image\":{\"@id\":\"https:\\\/\\\/multifarius.ee\\\/#\\\/schema\\\/logo\\\/image\\\/\"}}]}<\/script>\n<!-- \/ Yoast SEO Premium plugin. -->","yoast_head_json":{"title":"Saun ja selle m\u00f5ju organismile - TeadmisteRadar","description":"Sauna olemus, m\u00f5ju tervisele, saunaliigid: Soome, Vene, T\u00fcrgi, Korea , Eesti, t\u00fcnnisaun, infrapuna saun, aurusaun, viht, \u00f5lid (l\u00f5hnad), taastab eluj\u00f5udu.","robots":{"index":"index","follow":"follow","max-snippet":"max-snippet:-1","max-image-preview":"max-image-preview:large","max-video-preview":"max-video-preview:-1"},"canonical":"https:\/\/multifarius.ee\/eng\/saun-ja-selle-moju-organismile\/","og_locale":"en_US","og_type":"article","og_title":"Saun ja selle m\u00f5ju organismile","og_description":"Sauna olemus, m\u00f5ju tervisele, saunaliigid: Soome, Vene, T\u00fcrgi, Korea , Eesti, t\u00fcnnisaun, infrapuna saun, aurusaun, viht, \u00f5lid (l\u00f5hnad), taastab eluj\u00f5udu.","og_url":"https:\/\/multifarius.ee\/eng\/saun-ja-selle-moju-organismile\/","og_site_name":"TeadmisteRadar","article_modified_time":"2024-05-17T12:53:40+00:00","og_image":[{"width":1024,"height":683,"url":"https:\/\/multifarius.ee\/wp-content\/uploads\/2019\/07\/lava-1024x683.jpg","type":"image\/jpeg"}],"twitter_card":"summary_large_image","twitter_misc":{"Est. reading time":"3 minutes"},"schema":{"@context":"https:\/\/schema.org","@graph":[{"@type":"WebPage","@id":"https:\/\/multifarius.ee\/saun-ja-selle-moju-organismile\/","url":"https:\/\/multifarius.ee\/saun-ja-selle-moju-organismile\/","name":"Saun ja selle m\u00f5ju organismile - TeadmisteRadar","isPartOf":{"@id":"https:\/\/multifarius.ee\/#website"},"datePublished":"2019-07-08T18:04:38+00:00","dateModified":"2024-05-17T12:53:40+00:00","description":"Sauna olemus, m\u00f5ju tervisele, saunaliigid: Soome, Vene, T\u00fcrgi, Korea , Eesti, t\u00fcnnisaun, infrapuna saun, aurusaun, viht, \u00f5lid (l\u00f5hnad), taastab eluj\u00f5udu.","breadcrumb":{"@id":"https:\/\/multifarius.ee\/saun-ja-selle-moju-organismile\/#breadcrumb"},"inLanguage":"en-US","potentialAction":[{"@type":"ReadAction","target":["https:\/\/multifarius.ee\/saun-ja-selle-moju-organismile\/"]}]},{"@type":"BreadcrumbList","@id":"https:\/\/multifarius.ee\/saun-ja-selle-moju-organismile\/#breadcrumb","itemListElement":[{"@type":"ListItem","position":1,"name":"Home","item":"https:\/\/multifarius.ee\/"},{"@type":"ListItem","position":2,"name":"Saun ja selle m\u00f5ju organismile"}]},{"@type":"WebSite","@id":"https:\/\/multifarius.ee\/#website","url":"https:\/\/multifarius.ee\/","name":"TeadmisteRadar","description":"Koolitused ja e-kursused","publisher":{"@id":"https:\/\/multifarius.ee\/#organization"},"potentialAction":[{"@type":"SearchAction","target":{"@type":"EntryPoint","urlTemplate":"https:\/\/multifarius.ee\/?s={search_term_string}"},"query-input":{"@type":"PropertyValueSpecification","valueRequired":true,"valueName":"search_term_string"}}],"inLanguage":"en-US"},{"@type":"Organization","@id":"https:\/\/multifarius.ee\/#organization","name":"TeadmisteRadar","url":"https:\/\/multifarius.ee\/","logo":{"@type":"ImageObject","inLanguage":"en-US","@id":"https:\/\/multifarius.ee\/#\/schema\/logo\/image\/","url":"https:\/\/multifarius.ee\/wp-content\/uploads\/2022\/09\/tr-logo-uus3.png","contentUrl":"https:\/\/multifarius.ee\/wp-content\/uploads\/2022\/09\/tr-logo-uus3.png","width":650,"height":143,"caption":"TeadmisteRadar"},"image":{"@id":"https:\/\/multifarius.ee\/#\/schema\/logo\/image\/"}}]}},"_links":{"self":[{"href":"https:\/\/multifarius.ee\/eng\/wp-json\/wp\/v2\/pages\/4730","targetHints":{"allow":["GET"]}}],"collection":[{"href":"https:\/\/multifarius.ee\/eng\/wp-json\/wp\/v2\/pages"}],"about":[{"href":"https:\/\/multifarius.ee\/eng\/wp-json\/wp\/v2\/types\/page"}],"author":[{"embeddable":true,"href":"https:\/\/multifarius.ee\/eng\/wp-json\/wp\/v2\/users\/1"}],"replies":[{"embeddable":true,"href":"https:\/\/multifarius.ee\/eng\/wp-json\/wp\/v2\/comments?post=4730"}],"version-history":[{"count":5,"href":"https:\/\/multifarius.ee\/eng\/wp-json\/wp\/v2\/pages\/4730\/revisions"}],"predecessor-version":[{"id":29927,"href":"https:\/\/multifarius.ee\/eng\/wp-json\/wp\/v2\/pages\/4730\/revisions\/29927"}],"wp:attachment":[{"href":"https:\/\/multifarius.ee\/eng\/wp-json\/wp\/v2\/media?parent=4730"}],"curies":[{"name":"wp","href":"https:\/\/api.w.org\/{rel}","templated":true}]}}