{"id":37516,"date":"2025-08-24T10:00:09","date_gmt":"2025-08-24T07:00:09","guid":{"rendered":"https:\/\/multifarius.ee\/?page_id=37516"},"modified":"2025-08-25T10:22:18","modified_gmt":"2025-08-25T07:22:18","slug":"joutreening-ja-sarkopeenia","status":"publish","type":"page","link":"https:\/\/multifarius.ee\/eng\/joutreening-ja-sarkopeenia\/","title":{"rendered":"Strength Training Methods for Reducing the Effects of Sarcopenia"},"content":{"rendered":"<div data-elementor-type=\"wp-post\" data-elementor-id=\"37516\" class=\"elementor elementor-37516\" data-elementor-post-type=\"page\">\n\t\t\t\t\t\t<section class=\"has_ae_slider elementor-section elementor-top-section elementor-element elementor-element-9c41be7 elementor-section-boxed elementor-section-height-default elementor-section-height-default ae-bg-gallery-type-default\" data-id=\"9c41be7\" data-element_type=\"section\" data-e-type=\"section\">\n\t\t\t\t\t\t<div class=\"elementor-container elementor-column-gap-default\">\n\t\t\t\t\t<div class=\"has_ae_slider elementor-column elementor-col-100 elementor-top-column elementor-element elementor-element-6f937edc ae-bg-gallery-type-default\" data-id=\"6f937edc\" data-element_type=\"column\" data-e-type=\"column\">\n\t\t\t<div class=\"elementor-widget-wrap elementor-element-populated\">\n\t\t\t\t\t\t<div class=\"elementor-element elementor-element-dd507af elementor-widget elementor-widget-spacer\" data-id=\"dd507af\" data-element_type=\"widget\" data-e-type=\"widget\" data-widget_type=\"spacer.default\">\n\t\t\t\t<div class=\"elementor-widget-container\">\n\t\t\t\t\t\t\t<div class=\"elementor-spacer\">\n\t\t\t<div class=\"elementor-spacer-inner\"><\/div>\n\t\t<\/div>\n\t\t\t\t\t\t<\/div>\n\t\t\t\t<\/div>\n\t\t\t\t<div class=\"elementor-element elementor-element-475b9bb7 elementor-widget elementor-widget-text-editor\" data-id=\"475b9bb7\" data-element_type=\"widget\" data-e-type=\"widget\" data-widget_type=\"text-editor.default\">\n\t\t\t\t<div class=\"elementor-widget-container\">\n\t\t\t\t\t\t\t\t\t<p style=\"text-align: justify;\">(text being inserted)<\/p><h3 style=\"text-align: justify;\">1. Title of the Curriculum<\/h3><p style=\"text-align: justify;\">Strength Training Methods for Reducing the Effects of Sarcopenia (online course)<\/p><h3 style=\"text-align: justify;\">2. Curriculum Group<\/h3><p style=\"text-align: justify;\">(text being inserted)<\/p><h3 style=\"text-align: justify;\">3. Learning Outcomes and Objective<\/h3><p style=\"text-align: justify;\"><strong>Objective:<\/strong> to give an overview of different strength training methods that can reduce the effects of sarcopenia.<\/p><p style=\"text-align: justify;\"><strong>Learning Outcomes<\/strong><\/p><p style=\"text-align: justify;\">(text being inserted)<\/p><p style=\"text-align: justify;\"><strong>Assessment of Learning Outcomes<\/strong><\/p><p style=\"text-align: justify;\">(text being inserted)<\/p><h3 style=\"text-align: justify;\">4. Conditions for Starting Studies<\/h3><p style=\"text-align: justify;\">There are no prerequisites for starting the studies. This online course is open to everyone who wishes to acquire knowledge about strength training methods for reducing the effects of sarcopenia. This online course could be especially useful for trainers specialized in strength training.<\/p><h3 style=\"text-align: justify;\">5. Total Volume and Structure of Study<\/h3><p style=\"text-align: justify;\">The total volume of the course is 20 academic hours, of which 20 academic hours are independent study. One academic hour equals 45 minutes.<\/p><p>(text being inserted)<\/p><h3 style=\"text-align: justify;\">6. Content of Study and Learning Methods<\/h3><p style=\"text-align: justify;\">(text being inserted)<\/p><h3 style=\"text-align: justify;\">7. Description of the Learning Environment<\/h3><p style=\"text-align: justify;\">The online course takes place in a web-based learning environment integrated into the website and is available to participants 24\/7. The course is based on a video format, where the content is delivered mainly in audio form: the course instructor explains the topic with a slide presentation or videos in the background, and the instructor\u2019s image is usually not displayed on the screen. To complete the online course, participants must create a user account on the website, have a fast internet connection, and use a device that allows watching video lectures, taking tests, and submitting assignments. A computer is recommended, but the course can also be completed on a smart device (e.g., a smartphone).<\/p><h3 style=\"text-align: justify;\">8. Conditions for Issuing Graduation Documents<\/h3><p style=\"text-align: justify;\">In the online course on sarcopenia and strength training, the achievement of learning outcomes will be assessed. A certificate will be issued upon achievement of the learning outcomes. If not all learning outcomes are achieved, a notice will be issued. The prerequisite for issuing the notice is the completion of at least 70% of the online course.<\/p><p style=\"text-align: justify;\">A certificate or notice is issued electronically. If you wish to receive a certificate or notice in printed form and sent by post, the fee for printing and delivery within Estonia is \u20ac15; delivery abroad is arranged by agreement. The fee for printing and sending a certificate or notice has been set for a simple reason: the cost of special paper, printing, envelope, postage, and the time required for the entire process. We want to keep our main focus on organizing courses rather than spending excessive time on formalities. Issuing a certificate or notice electronically takes about 10 minutes, but on paper it takes several times longer. At the same time, we understand that some learners prefer a certificate or notice in printed form, which is why we provide this option for a reasonable fee.<\/p><h3 style=\"text-align: justify;\">9. Description of the Course Instructor\u2019s Qualification, Learning or Work Experience Required for Conducting the Course or Studies<\/h3><p style=\"text-align: justify;\">The course instructor must have a relevant higher education supporting the delivery of the online course, for example a Master\u2019s degree in sports science, as well as at least 5 years of experience in teaching adults and organizing online learning.<\/p><h3 style=\"text-align: justify;\">10. Where can one register for the online course on strength training and sarcopenia? How long is the online course accessible?<\/h3><p style=\"text-align: justify;\">You can register for the online course on strength training and sarcopenia <a href=\"https:\/\/multifarius.ee\/eng\/course\/joutreening-ja-sarkopeenia\/\">here<\/a>.<\/p><p style=\"text-align: justify;\">The online course can be completed within one year after registration. You can study at your own time and pace, as the online course is based on recorded video lectures.<\/p>\t\t\t\t\t\t\t\t<\/div>\n\t\t\t\t<\/div>\n\t\t\t\t\t<\/div>\n\t\t<\/div>\n\t\t\t\t\t<\/div>\n\t\t<\/section>\n\t\t\t\t<\/div>","protected":false},"excerpt":{"rendered":"<p>(text being inserted)<\/p>","protected":false},"author":6,"featured_media":0,"parent":0,"menu_order":0,"comment_status":"closed","ping_status":"closed","template":"","meta":{"_monsterinsights_skip_tracking":false,"_monsterinsights_sitenote_active":false,"_monsterinsights_sitenote_note":"","_monsterinsights_sitenote_category":0,"site-sidebar-layout":"right-sidebar","site-content-layout":"plain-container","ast-site-content-layout":"normal-width-container","site-content-style":"unboxed","site-sidebar-style":"unboxed","ast-global-header-display":"","ast-banner-title-visibility":"","ast-main-header-display":"","ast-hfb-above-header-display":"","ast-hfb-below-header-display":"","ast-hfb-mobile-header-display":"","site-post-title":"","ast-breadcrumbs-content":"","ast-featured-img":"","footer-sml-layout":"","ast-disable-related-posts":"","theme-transparent-header-meta":"default","adv-header-id-meta":"","stick-header-meta":"","header-above-stick-meta":"","header-main-stick-meta":"","header-below-stick-meta":"","astra-migrate-meta-layouts":"set","ast-page-background-enabled":"default","ast-page-background-meta":{"desktop":{"background-color":"","background-image":"","background-repeat":"repeat","background-position":"center center","background-size":"auto","background-attachment":"scroll","background-type":"","background-media":"","overlay-type":"","overlay-color":"","overlay-opacity":"","overlay-gradient":""},"tablet":{"background-color":"","background-image":"","background-repeat":"repeat","background-position":"center center","background-size":"auto","background-attachment":"scroll","background-type":"","background-media":"","overlay-type":"","overlay-color":"","overlay-opacity":"","overlay-gradient":""},"mobile":{"background-color":"","background-image":"","background-repeat":"repeat","background-position":"center center","background-size":"auto","background-attachment":"scroll","background-type":"","background-media":"","overlay-type":"","overlay-color":"","overlay-opacity":"","overlay-gradient":""}},"ast-content-background-meta":{"desktop":{"background-color":"var(--ast-global-color-5)","background-image":"","background-repeat":"repeat","background-position":"center center","background-size":"auto","background-attachment":"scroll","background-type":"","background-media":"","overlay-type":"","overlay-color":"","overlay-opacity":"","overlay-gradient":""},"tablet":{"background-color":"var(--ast-global-color-5)","background-image":"","background-repeat":"repeat","background-position":"center center","background-size":"auto","background-attachment":"scroll","background-type":"","background-media":"","overlay-type":"","overlay-color":"","overlay-opacity":"","overlay-gradient":""},"mobile":{"background-color":"var(--ast-global-color-5)","background-image":"","background-repeat":"repeat","background-position":"center center","background-size":"auto","background-attachment":"scroll","background-type":"","background-media":"","overlay-type":"","overlay-color":"","overlay-opacity":"","overlay-gradient":""}},"footnotes":""},"class_list":["post-37516","page","type-page","status-publish","hentry"],"yoast_head":"<!-- This site is optimized with the Yoast SEO Premium plugin v24.4 (Yoast SEO v27.3) - https:\/\/yoast.com\/product\/yoast-seo-premium-wordpress\/ -->\n<title>J\u00f5utreeningu meetodid sarkopeenia m\u00f5jude v\u00e4hendamiseks - TeadmisteRadar<\/title>\n<meta name=\"robots\" content=\"index, follow, max-snippet:-1, max-image-preview:large, max-video-preview:-1\" \/>\n<link rel=\"canonical\" href=\"https:\/\/multifarius.ee\/eng\/joutreening-ja-sarkopeenia\/\" \/>\n<meta property=\"og:locale\" content=\"en_US\" \/>\n<meta property=\"og:type\" content=\"article\" \/>\n<meta property=\"og:title\" content=\"J\u00f5utreeningu meetodid sarkopeenia m\u00f5jude v\u00e4hendamiseks\" \/>\n<meta property=\"og:description\" content=\"(tekst sisestamisel)\" \/>\n<meta property=\"og:url\" content=\"https:\/\/multifarius.ee\/eng\/joutreening-ja-sarkopeenia\/\" \/>\n<meta property=\"og:site_name\" content=\"TeadmisteRadar\" \/>\n<meta property=\"article:modified_time\" content=\"2025-08-25T07:22:18+00:00\" \/>\n<meta property=\"og:image\" content=\"http:\/\/multifarius.ee\/wp-content\/uploads\/2024\/02\/Avaslaid-scaled.jpg\" \/>\n\t<meta property=\"og:image:width\" content=\"2560\" \/>\n\t<meta property=\"og:image:height\" content=\"1280\" \/>\n\t<meta property=\"og:image:type\" content=\"image\/webp\" \/>\n<meta name=\"twitter:card\" content=\"summary_large_image\" \/>\n<meta name=\"twitter:label1\" content=\"Est. reading time\" \/>\n\t<meta name=\"twitter:data1\" content=\"3 minutes\" \/>\n<script type=\"application\/ld+json\" class=\"yoast-schema-graph\">{\"@context\":\"https:\\\/\\\/schema.org\",\"@graph\":[{\"@type\":\"WebPage\",\"@id\":\"https:\\\/\\\/multifarius.ee\\\/joutreening-ja-sarkopeenia\\\/\",\"url\":\"https:\\\/\\\/multifarius.ee\\\/joutreening-ja-sarkopeenia\\\/\",\"name\":\"J\u00f5utreeningu meetodid sarkopeenia m\u00f5jude v\u00e4hendamiseks - TeadmisteRadar\",\"isPartOf\":{\"@id\":\"https:\\\/\\\/multifarius.ee\\\/#website\"},\"datePublished\":\"2025-08-24T07:00:09+00:00\",\"dateModified\":\"2025-08-25T07:22:18+00:00\",\"breadcrumb\":{\"@id\":\"https:\\\/\\\/multifarius.ee\\\/joutreening-ja-sarkopeenia\\\/#breadcrumb\"},\"inLanguage\":\"en-US\",\"potentialAction\":[{\"@type\":\"ReadAction\",\"target\":[\"https:\\\/\\\/multifarius.ee\\\/joutreening-ja-sarkopeenia\\\/\"]}]},{\"@type\":\"BreadcrumbList\",\"@id\":\"https:\\\/\\\/multifarius.ee\\\/joutreening-ja-sarkopeenia\\\/#breadcrumb\",\"itemListElement\":[{\"@type\":\"ListItem\",\"position\":1,\"name\":\"Home\",\"item\":\"https:\\\/\\\/multifarius.ee\\\/\"},{\"@type\":\"ListItem\",\"position\":2,\"name\":\"J\u00f5utreeningu meetodid sarkopeenia m\u00f5jude v\u00e4hendamiseks\"}]},{\"@type\":\"WebSite\",\"@id\":\"https:\\\/\\\/multifarius.ee\\\/#website\",\"url\":\"https:\\\/\\\/multifarius.ee\\\/\",\"name\":\"TeadmisteRadar\",\"description\":\"Koolitused ja e-kursused\",\"publisher\":{\"@id\":\"https:\\\/\\\/multifarius.ee\\\/#organization\"},\"potentialAction\":[{\"@type\":\"SearchAction\",\"target\":{\"@type\":\"EntryPoint\",\"urlTemplate\":\"https:\\\/\\\/multifarius.ee\\\/?s={search_term_string}\"},\"query-input\":{\"@type\":\"PropertyValueSpecification\",\"valueRequired\":true,\"valueName\":\"search_term_string\"}}],\"inLanguage\":\"en-US\"},{\"@type\":\"Organization\",\"@id\":\"https:\\\/\\\/multifarius.ee\\\/#organization\",\"name\":\"TeadmisteRadar\",\"url\":\"https:\\\/\\\/multifarius.ee\\\/\",\"logo\":{\"@type\":\"ImageObject\",\"inLanguage\":\"en-US\",\"@id\":\"https:\\\/\\\/multifarius.ee\\\/#\\\/schema\\\/logo\\\/image\\\/\",\"url\":\"https:\\\/\\\/multifarius.ee\\\/wp-content\\\/uploads\\\/2022\\\/09\\\/tr-logo-uus3.png\",\"contentUrl\":\"https:\\\/\\\/multifarius.ee\\\/wp-content\\\/uploads\\\/2022\\\/09\\\/tr-logo-uus3.png\",\"width\":650,\"height\":143,\"caption\":\"TeadmisteRadar\"},\"image\":{\"@id\":\"https:\\\/\\\/multifarius.ee\\\/#\\\/schema\\\/logo\\\/image\\\/\"}}]}<\/script>\n<!-- \/ Yoast SEO Premium plugin. -->","yoast_head_json":{"title":"J\u00f5utreeningu meetodid sarkopeenia m\u00f5jude v\u00e4hendamiseks - TeadmisteRadar","robots":{"index":"index","follow":"follow","max-snippet":"max-snippet:-1","max-image-preview":"max-image-preview:large","max-video-preview":"max-video-preview:-1"},"canonical":"https:\/\/multifarius.ee\/eng\/joutreening-ja-sarkopeenia\/","og_locale":"en_US","og_type":"article","og_title":"J\u00f5utreeningu meetodid sarkopeenia m\u00f5jude v\u00e4hendamiseks","og_description":"(tekst sisestamisel)","og_url":"https:\/\/multifarius.ee\/eng\/joutreening-ja-sarkopeenia\/","og_site_name":"TeadmisteRadar","article_modified_time":"2025-08-25T07:22:18+00:00","og_image":[{"width":2560,"height":1280,"url":"http:\/\/multifarius.ee\/wp-content\/uploads\/2024\/02\/Avaslaid-scaled.jpg","type":"image\/webp"}],"twitter_card":"summary_large_image","twitter_misc":{"Est. reading time":"3 minutes"},"schema":{"@context":"https:\/\/schema.org","@graph":[{"@type":"WebPage","@id":"https:\/\/multifarius.ee\/joutreening-ja-sarkopeenia\/","url":"https:\/\/multifarius.ee\/joutreening-ja-sarkopeenia\/","name":"J\u00f5utreeningu meetodid sarkopeenia m\u00f5jude v\u00e4hendamiseks - TeadmisteRadar","isPartOf":{"@id":"https:\/\/multifarius.ee\/#website"},"datePublished":"2025-08-24T07:00:09+00:00","dateModified":"2025-08-25T07:22:18+00:00","breadcrumb":{"@id":"https:\/\/multifarius.ee\/joutreening-ja-sarkopeenia\/#breadcrumb"},"inLanguage":"en-US","potentialAction":[{"@type":"ReadAction","target":["https:\/\/multifarius.ee\/joutreening-ja-sarkopeenia\/"]}]},{"@type":"BreadcrumbList","@id":"https:\/\/multifarius.ee\/joutreening-ja-sarkopeenia\/#breadcrumb","itemListElement":[{"@type":"ListItem","position":1,"name":"Home","item":"https:\/\/multifarius.ee\/"},{"@type":"ListItem","position":2,"name":"J\u00f5utreeningu meetodid sarkopeenia m\u00f5jude v\u00e4hendamiseks"}]},{"@type":"WebSite","@id":"https:\/\/multifarius.ee\/#website","url":"https:\/\/multifarius.ee\/","name":"TeadmisteRadar","description":"Koolitused ja e-kursused","publisher":{"@id":"https:\/\/multifarius.ee\/#organization"},"potentialAction":[{"@type":"SearchAction","target":{"@type":"EntryPoint","urlTemplate":"https:\/\/multifarius.ee\/?s={search_term_string}"},"query-input":{"@type":"PropertyValueSpecification","valueRequired":true,"valueName":"search_term_string"}}],"inLanguage":"en-US"},{"@type":"Organization","@id":"https:\/\/multifarius.ee\/#organization","name":"TeadmisteRadar","url":"https:\/\/multifarius.ee\/","logo":{"@type":"ImageObject","inLanguage":"en-US","@id":"https:\/\/multifarius.ee\/#\/schema\/logo\/image\/","url":"https:\/\/multifarius.ee\/wp-content\/uploads\/2022\/09\/tr-logo-uus3.png","contentUrl":"https:\/\/multifarius.ee\/wp-content\/uploads\/2022\/09\/tr-logo-uus3.png","width":650,"height":143,"caption":"TeadmisteRadar"},"image":{"@id":"https:\/\/multifarius.ee\/#\/schema\/logo\/image\/"}}]}},"_links":{"self":[{"href":"https:\/\/multifarius.ee\/eng\/wp-json\/wp\/v2\/pages\/37516","targetHints":{"allow":["GET"]}}],"collection":[{"href":"https:\/\/multifarius.ee\/eng\/wp-json\/wp\/v2\/pages"}],"about":[{"href":"https:\/\/multifarius.ee\/eng\/wp-json\/wp\/v2\/types\/page"}],"author":[{"embeddable":true,"href":"https:\/\/multifarius.ee\/eng\/wp-json\/wp\/v2\/users\/6"}],"replies":[{"embeddable":true,"href":"https:\/\/multifarius.ee\/eng\/wp-json\/wp\/v2\/comments?post=37516"}],"version-history":[{"count":5,"href":"https:\/\/multifarius.ee\/eng\/wp-json\/wp\/v2\/pages\/37516\/revisions"}],"predecessor-version":[{"id":37617,"href":"https:\/\/multifarius.ee\/eng\/wp-json\/wp\/v2\/pages\/37516\/revisions\/37617"}],"wp:attachment":[{"href":"https:\/\/multifarius.ee\/eng\/wp-json\/wp\/v2\/media?parent=37516"}],"curies":[{"name":"wp","href":"https:\/\/api.w.org\/{rel}","templated":true}]}}