{"id":28725,"date":"2024-03-20T09:35:51","date_gmt":"2024-03-20T07:35:51","guid":{"rendered":"http:\/\/multifarius.ee\/?page_id=28725"},"modified":"2024-05-02T18:20:11","modified_gmt":"2024-05-02T15:20:11","slug":"e-kursus-massaaz-ja-testimine","status":"publish","type":"page","link":"https:\/\/multifarius.ee\/eng\/e-kursus-massaaz-ja-testimine\/","title":{"rendered":"Online course \u201cMassage and Testing\u201d"},"content":{"rendered":"<div data-elementor-type=\"wp-post\" data-elementor-id=\"28725\" class=\"elementor elementor-28725\" data-elementor-post-type=\"page\">\n\t\t\t\t\t\t<section class=\"has_ae_slider elementor-section elementor-top-section elementor-element elementor-element-1b29b69a elementor-section-boxed elementor-section-height-default elementor-section-height-default ae-bg-gallery-type-default\" data-id=\"1b29b69a\" data-element_type=\"section\" data-e-type=\"section\">\n\t\t\t\t\t\t<div class=\"elementor-container elementor-column-gap-default\">\n\t\t\t\t\t<div class=\"has_ae_slider elementor-column elementor-col-100 elementor-top-column elementor-element elementor-element-2ce57419 ae-bg-gallery-type-default\" data-id=\"2ce57419\" data-element_type=\"column\" data-e-type=\"column\">\n\t\t\t<div class=\"elementor-widget-wrap elementor-element-populated\">\n\t\t\t\t\t\t<div class=\"elementor-element elementor-element-a6f0d0e elementor-widget elementor-widget-spacer\" data-id=\"a6f0d0e\" data-element_type=\"widget\" data-e-type=\"widget\" data-widget_type=\"spacer.default\">\n\t\t\t\t<div class=\"elementor-widget-container\">\n\t\t\t\t\t\t\t<div class=\"elementor-spacer\">\n\t\t\t<div class=\"elementor-spacer-inner\"><\/div>\n\t\t<\/div>\n\t\t\t\t\t\t<\/div>\n\t\t\t\t<\/div>\n\t\t\t\t<div class=\"elementor-element elementor-element-3e09406 elementor-widget elementor-widget-text-editor\" data-id=\"3e09406\" data-element_type=\"widget\" data-e-type=\"widget\" data-widget_type=\"text-editor.default\">\n\t\t\t\t<div class=\"elementor-widget-container\">\n\t\t\t\t\t\t\t\t\t<p style=\"text-align: justify;\">The massage and testing online course is beneficial for the practicing masseur. You can perform a more structured and targeted massage once you know how to identify tense skeletal muscles through testing. For example, if you can, through testing, determine that the client has tight hamstring muscles, you can focus the massage on relaxing these muscles. The same principle can be applied to the biceps brachi, gastrocnemius, latissimus dorsi muscle, etc. The online course will also review joint testing, as the data collected through joint testing will allow for a more systematic approach to a massage session.<\/p><p style=\"text-align: justify;\"><span style=\"font-size: 1.17em; font-style: normal; font-weight: 600;\">Requirements for starting a course<\/span><\/p><p style=\"font-size: 16px; font-style: normal; font-weight: 400; text-align: justify;\" class=\"translation-block\">There are two prerequisites for participation in the online course on massage and testing. Firstly, you must have previously completed a <a href=\"http:\/\/multifarius.ee\/eng\/funktsionaalne-anatoomia\/\" target=\"_self\">Functional Anatomy online course<\/a> or a similar course. The underlying reason is that the abovementioned (online) course provides knowledge of the skeletal muscle system and of the basic movements of the human body; this is essential for a more systematic understanding of the human body movements used in testing. Secondly, at least one <a href=\"http:\/\/multifarius.ee\/eng\/sundmused\/\" target=\"_self\">(online) course on massage<\/a> must have been completed previously \u2013 one <span style=\"font-size: 16px;font-style: normal;font-weight: 400\">of the best choices would be <\/span><a href=\"http:\/\/multifarius.ee\/eng\/syndmus\/klassikaline-massaaz-e-kursus\/\" target=\"_self\"><span style=\"font-size: 16px;font-style: normal;font-weight: 400\">Classical Massage<\/span><\/a><span style=\"font-size: 16px;font-style: normal;font-weight: 400\"><span style=\"color: #333333\">,<\/span> as this (online) course provides the basics of massage. Knowledge and skills in at least one type of massage will help to better understand the data collected from testing in the context of massage. <\/span><\/p><p style=\"font-size: 16px; font-style: normal; font-weight: 400; text-align: justify;\" class=\"translation-block\">If you plan to participate in the online course \u201cMassage and Testing,\u201d please send copies of your Functional Anatomy and massage (online) course certificates to koolitused@multifarius.ee after enrolling. You do not need to send copies of the certificates if you have completed the Functional Anatomy and massage online course with us. In addition to previous studies, we will also consider work experience; for further information, please contact us.<\/p><h3 style=\"font-style: normal; text-align: justify;\">Volume, duration and structure of the curriculum<\/h3><p style=\"text-align: justify;\">The volume of the online course \"Massage and Testing\" is 30 academic hours, of which 30 are for independent learning (including e-learning). <a style=\"font-size: 16px; background-color: #ffffff;\" href=\"https:\/\/www.riigiteataja.ee\/akt\/110062015010#para9\">One academic hour is equal to 45 minutes<span style=\"color: #333333;\">.<\/span><\/a>\u00a0<\/p><p style=\"text-align: justify;\">The online course can be accessed for two years after enrolment. It is based on recorded video lectures, so you can complete it at a time and pace that suits you.<\/p><p style=\"text-align: justify;\">In the future, you will find the online course structure about massage and testing <strong>here<\/strong>.\u00a0<\/p><h3 style=\"font-style: normal; text-align: justify;\">Learning outcomes and documents to be issued after the online course<\/h3><div style=\"text-align: justify;\"><p>The online course - Massage and Testing - assesses the achievement of learning outcomes. To achieve the learning objectives, you will be required to take multiple-choice tests and complete various tasks (e.g., answering short questions). A final test and a written assessment are also needed. A certificate will be awarded on successful completion of the learning outcomes. If all learning objectives are not achieved, a notice will be issued. A notice will be issued when at least 70% of the e-course has been completed.\u00a0<\/p><p>Delivery of the notice or certificate within Estonia is free of charge; delivery further abroad is subject to agreement. <span style=\"color: var( --e-global-color-text ); font-size: 16px; font-style: normal; font-weight: 400; text-align: justify;\">\u00a0<\/span><\/p><\/div><div style=\"font-size: 16px; font-style: normal; font-weight: 400; text-align: justify;\"><h3>Topics of the online course<\/h3><p class=\"translation-block\">The online course on massage and testing will first provide an answer to the question of which methods of testing are appropriate to apply in the field of massage.<\/p><p class=\"translation-block\">Subsequently, the online course on massage and testing will discuss the following topics:<\/p><\/div><ol style=\"font-size: 16px; font-style: normal; font-weight: 400; text-align: justify;\"><li>testing the elasticity of the skeletal muscles of the shoulder girdle;<\/li><li>testing the elasticity of the skeletal muscles of the upper arm;<\/li><li>testing the elasticity of the skeletal muscles of the forearm;<\/li><li>testing the elasticity of the skeletal muscles of the arm;<\/li><li>testing the elasticity of the skeletal muscles of the neck;<\/li><li>testing the elasticity of the skeletal muscles of the chest;<\/li><li>testing the elasticity of the abdominal skeletal muscles;<\/li><li>testing the elasticity of the skeletal muscles of the back;<\/li><li>testing the elasticity of the skeletal muscles of the pelvic girdle;<\/li><li>testing the elasticity of the skeletal muscles of the thigh;<\/li><li>testing the elasticity of the skeletal muscles of the shin;<\/li><li>testing the elasticity of the skeletal muscles of the leg;<\/li><li>testing joint mobility;<\/li><li>applying the collected data in practice.\u00a0<\/li><\/ol><h3 style=\"font-style: normal; text-align: justify;\">In addition to the online course \u201cMassage and Testing,\u201d what other online courses could I take?<\/h3><p style=\"text-align: justify;\" class=\"translation-block\"><span style=\"font-size: 16px\">The online course on massage and posture is related to the field of massage; therefore, one may consider completing other <a href=\"http:\/\/multifarius.ee\/eng\/sundmused\/\" target=\"_self\"> online courses on massage<\/a><\/span>.<\/p><p style=\"text-align: justify;\" class=\"translation-block\">If you would like to understand the human body in the context <span style=\"font-size: 16px;font-style: normal;font-weight: 400\">of movements<\/span><span style=\"font-size: 16px;font-style: normal;font-weight: 400\"> <\/span><span style=\"font-size: 16px\">in an even broader context, it is worth considering completing a <\/span><a style=\"font-size: 16px;background-color: #ffffff\" href=\"http:\/\/multifarius.ee\/eng\/kinesioloogia-e-kursus\/\" target=\"_self\">Kinesiology online course<span style=\"color: #333333\">.<\/span><\/a><span style=\"font-size: 16px\"><span style=\"color: #333333\"><\/span> This online course will elevate your understanding of the human body to entirely new level. <\/span><\/p><h3 style=\"font-style: normal; text-align: justify;\">Where can I enrol for a Massage and Testing online course?<\/h3><p style=\"font-size: 16px; font-style: normal; text-align: justify;\"><span style=\"font-size: 16px;\">You can register for the online course \u201cMassage and Testing\u201d <a href=\"http:\/\/multifarius.ee\/eng\/syndmus\/massaaz-ja-testimine\/\"><b>here<\/b><\/a><\/span><span style=\"color: #333333;\">.<\/span><\/p><p style=\"font-size: 16px; font-style: normal; font-weight: 400; text-align: justify;\"><span style=\"font-size: 1.17em; font-style: normal; font-weight: 600;\">Any question? Send us an email!\u00a0<\/span><\/p><h3 style=\"font-size: 16px; font-style: normal; font-weight: 400; text-align: justify;\"><span style=\"font-size: 16px; font-style: normal; font-weight: 400; color: var( --e-global-color-text ); text-align: start;\">\n<div class=\"wpcf7 no-js\" id=\"wpcf7-f7-o1\" lang=\"en-US\" dir=\"ltr\" data-wpcf7-id=\"7\">\n<div class=\"screen-reader-response\"><p role=\"status\" aria-live=\"polite\" aria-atomic=\"true\"><\/p> <ul><\/ul><\/div>\n<form action=\"\/eng\/wp-json\/wp\/v2\/pages\/28725#wpcf7-f7-o1\" method=\"post\" class=\"wpcf7-form init\" aria-label=\"Contact form\" novalidate=\"novalidate\" data-status=\"init\" data-trp-original-action=\"\/eng\/wp-json\/wp\/v2\/pages\/28725#wpcf7-f7-o1\">\n<fieldset class=\"hidden-fields-container\"><input type=\"hidden\" name=\"_wpcf7\" value=\"7\" \/><input type=\"hidden\" name=\"_wpcf7_version\" value=\"6.1.5\" \/><input type=\"hidden\" name=\"_wpcf7_locale\" value=\"en_US\" \/><input type=\"hidden\" name=\"_wpcf7_unit_tag\" value=\"wpcf7-f7-o1\" \/><input type=\"hidden\" name=\"_wpcf7_container_post\" value=\"0\" \/><input type=\"hidden\" name=\"_wpcf7_posted_data_hash\" value=\"\" \/><input type=\"hidden\" name=\"_wpcf7_recaptcha_response\" value=\"\" \/>\n<\/fieldset>\n<p><label> Your name<br \/>\n<span class=\"wpcf7-form-control-wrap\" data-name=\"your-name\"><input size=\"40\" maxlength=\"400\" class=\"wpcf7-form-control wpcf7-text wpcf7-validates-as-required\" aria-required=\"true\" aria-invalid=\"false\" value=\"\" type=\"text\" name=\"your-name\" \/><\/span> <\/label>\n<\/p>\n<p><label> Your e-mail address<br \/>\n<span class=\"wpcf7-form-control-wrap\" data-name=\"your-email\"><input size=\"40\" maxlength=\"400\" class=\"wpcf7-form-control wpcf7-email wpcf7-validates-as-required wpcf7-text wpcf7-validates-as-email\" aria-required=\"true\" aria-invalid=\"false\" value=\"\" type=\"email\" name=\"your-email\" \/><\/span> <\/label>\n<\/p>\n<p><label> Subject<br \/>\n<span class=\"wpcf7-form-control-wrap\" data-name=\"your-subject\"><input size=\"40\" maxlength=\"400\" class=\"wpcf7-form-control wpcf7-text\" aria-invalid=\"false\" value=\"\" type=\"text\" name=\"your-subject\" \/><\/span> <\/label>\n<\/p>\n<p><label> Content of the topic (text)<br \/>\n<span class=\"wpcf7-form-control-wrap\" data-name=\"your-message\"><textarea cols=\"40\" rows=\"5\" maxlength=\"2000\" class=\"wpcf7-form-control wpcf7-textarea\" aria-invalid=\"false\" name=\"your-message\"><\/textarea><\/span> <\/label>\n<\/p>\n\n<p><input class=\"wpcf7-form-control wpcf7-submit has-spinner\" type=\"submit\" value=\"Send a letter!\" \/>\n<\/p><div class=\"wpcf7-response-output\" aria-hidden=\"true\"><\/div>\n<input type=\"hidden\" name=\"trp-form-language\" value=\"eng\"\/><\/form>\n<\/div>\n<\/span><span style=\"font-size: 16px; font-style: normal; font-weight: 400; color: var( --e-global-color-text );\">\u00a0<\/span><\/h3>\t\t\t\t\t\t\t\t<\/div>\n\t\t\t\t<\/div>\n\t\t\t\t\t<\/div>\n\t\t<\/div>\n\t\t\t\t\t<\/div>\n\t\t<\/section>\n\t\t\t\t<\/div>","protected":false},"excerpt":{"rendered":"<p>The massage and testing online course is beneficial for the practicing masseur. You can perform a more structured and targeted massage once you know how to identify tense skeletal muscles through testing. For example, if you can, through testing, determine that the client has tight hamstring muscles, you can focus the massage on relaxing these muscles. The same principle can be applied to the biceps brachi, gastrocnemius, latissimus dorsi muscle, etc. The online course will also review joint testing, as the data collected through joint testing will allow for a more systematic approach to a massage session.<\/p>","protected":false},"author":6,"featured_media":0,"parent":0,"menu_order":0,"comment_status":"closed","ping_status":"closed","template":"","meta":{"_monsterinsights_skip_tracking":false,"_monsterinsights_sitenote_active":false,"_monsterinsights_sitenote_note":"","_monsterinsights_sitenote_category":0,"site-sidebar-layout":"right-sidebar","site-content-layout":"plain-container","ast-site-content-layout":"default","site-content-style":"default","site-sidebar-style":"default","ast-global-header-display":"","ast-banner-title-visibility":"","ast-main-header-display":"","ast-hfb-above-header-display":"","ast-hfb-below-header-display":"","ast-hfb-mobile-header-display":"","site-post-title":"","ast-breadcrumbs-content":"","ast-featured-img":"","footer-sml-layout":"","ast-disable-related-posts":"","theme-transparent-header-meta":"default","adv-header-id-meta":"","stick-header-meta":"","header-above-stick-meta":"","header-main-stick-meta":"","header-below-stick-meta":"","astra-migrate-meta-layouts":"default","ast-page-background-enabled":"default","ast-page-background-meta":{"desktop":{"background-color":"","background-image":"","background-repeat":"repeat","background-position":"center center","background-size":"auto","background-attachment":"scroll","background-type":"","background-media":"","overlay-type":"","overlay-color":"","overlay-opacity":"","overlay-gradient":""},"tablet":{"background-color":"","background-image":"","background-repeat":"repeat","background-position":"center center","background-size":"auto","background-attachment":"scroll","background-type":"","background-media":"","overlay-type":"","overlay-color":"","overlay-opacity":"","overlay-gradient":""},"mobile":{"background-color":"","background-image":"","background-repeat":"repeat","background-position":"center center","background-size":"auto","background-attachment":"scroll","background-type":"","background-media":"","overlay-type":"","overlay-color":"","overlay-opacity":"","overlay-gradient":""}},"ast-content-background-meta":{"desktop":{"background-color":"var(--ast-global-color-5)","background-image":"","background-repeat":"repeat","background-position":"center center","background-size":"auto","background-attachment":"scroll","background-type":"","background-media":"","overlay-type":"","overlay-color":"","overlay-opacity":"","overlay-gradient":""},"tablet":{"background-color":"var(--ast-global-color-5)","background-image":"","background-repeat":"repeat","background-position":"center center","background-size":"auto","background-attachment":"scroll","background-type":"","background-media":"","overlay-type":"","overlay-color":"","overlay-opacity":"","overlay-gradient":""},"mobile":{"background-color":"var(--ast-global-color-5)","background-image":"","background-repeat":"repeat","background-position":"center center","background-size":"auto","background-attachment":"scroll","background-type":"","background-media":"","overlay-type":"","overlay-color":"","overlay-opacity":"","overlay-gradient":""}},"footnotes":""},"class_list":["post-28725","page","type-page","status-publish","hentry"],"yoast_head":"<!-- This site is optimized with the Yoast SEO Premium plugin v24.4 (Yoast SEO v27.4) - https:\/\/yoast.com\/product\/yoast-seo-premium-wordpress\/ -->\n<title>E-kursus &quot;Massaa\u017e ja testimine&quot; - TeadmisteRadar<\/title>\n<meta name=\"robots\" content=\"index, follow, max-snippet:-1, max-image-preview:large, max-video-preview:-1\" \/>\n<link rel=\"canonical\" href=\"https:\/\/multifarius.ee\/eng\/e-kursus-massaaz-ja-testimine\/\" \/>\n<meta property=\"og:locale\" content=\"en_US\" \/>\n<meta property=\"og:type\" content=\"article\" \/>\n<meta property=\"og:title\" content=\"E-kursus &quot;Massaa\u017e ja testimine&quot;\" \/>\n<meta property=\"og:description\" content=\"Massaa\u017ei- ja testimisteemaline e-kursus on v\u00e4ga kasulik praktiseerivale mass\u00f6\u00f6rile. Kui Teil on olemas teadmised, kuidas teha testimise teel kindlaks pinges skeletilihased, saab selle p\u00f5hjal massaa\u017ei struktureeritumalt ja suunatumalt l\u00e4bi viia. N\u00e4iteks kui teete testimise teel kindlaks, et kliendil on pinges reie-kakspealihas, saate massaa\u017eiga p\u00f5hiliselt keskenduda eelnimetatud skeletilihase l\u00f5\u00f5gastamisele. Sama p\u00f5him\u00f5tet saab rakendada \u00f5lavarre-kakspealihasele, kaksik-s\u00e4\u00e4remarjalihasele, seljalailihasele jne. Samuti vaadatakse e-kursusel \u00fcle liigeste testimine, sest liigeste testimise teel kogutud andmete p\u00f5hjal saab massaa\u017ei veelgi s\u00fcsteemsemalt teostada.\" \/>\n<meta property=\"og:url\" content=\"https:\/\/multifarius.ee\/eng\/e-kursus-massaaz-ja-testimine\/\" \/>\n<meta property=\"og:site_name\" content=\"TeadmisteRadar\" \/>\n<meta property=\"article:modified_time\" content=\"2024-05-02T15:20:11+00:00\" \/>\n<meta name=\"twitter:card\" content=\"summary_large_image\" \/>\n<meta name=\"twitter:label1\" content=\"Est. reading time\" \/>\n\t<meta name=\"twitter:data1\" content=\"3 minutes\" \/>\n<script type=\"application\/ld+json\" class=\"yoast-schema-graph\">{\"@context\":\"https:\\\/\\\/schema.org\",\"@graph\":[{\"@type\":\"WebPage\",\"@id\":\"https:\\\/\\\/multifarius.ee\\\/e-kursus-massaaz-ja-testimine\\\/\",\"url\":\"https:\\\/\\\/multifarius.ee\\\/e-kursus-massaaz-ja-testimine\\\/\",\"name\":\"E-kursus \\\"Massaa\u017e ja testimine\\\" - TeadmisteRadar\",\"isPartOf\":{\"@id\":\"https:\\\/\\\/multifarius.ee\\\/#website\"},\"datePublished\":\"2024-03-20T07:35:51+00:00\",\"dateModified\":\"2024-05-02T15:20:11+00:00\",\"breadcrumb\":{\"@id\":\"https:\\\/\\\/multifarius.ee\\\/e-kursus-massaaz-ja-testimine\\\/#breadcrumb\"},\"inLanguage\":\"en-US\",\"potentialAction\":[{\"@type\":\"ReadAction\",\"target\":[\"https:\\\/\\\/multifarius.ee\\\/e-kursus-massaaz-ja-testimine\\\/\"]}]},{\"@type\":\"BreadcrumbList\",\"@id\":\"https:\\\/\\\/multifarius.ee\\\/e-kursus-massaaz-ja-testimine\\\/#breadcrumb\",\"itemListElement\":[{\"@type\":\"ListItem\",\"position\":1,\"name\":\"Home\",\"item\":\"https:\\\/\\\/multifarius.ee\\\/\"},{\"@type\":\"ListItem\",\"position\":2,\"name\":\"E-kursus &#8220;Massaa\u017e ja testimine&#8221;\"}]},{\"@type\":\"WebSite\",\"@id\":\"https:\\\/\\\/multifarius.ee\\\/#website\",\"url\":\"https:\\\/\\\/multifarius.ee\\\/\",\"name\":\"TeadmisteRadar\",\"description\":\"Koolitused ja e-kursused\",\"publisher\":{\"@id\":\"https:\\\/\\\/multifarius.ee\\\/#organization\"},\"potentialAction\":[{\"@type\":\"SearchAction\",\"target\":{\"@type\":\"EntryPoint\",\"urlTemplate\":\"https:\\\/\\\/multifarius.ee\\\/?s={search_term_string}\"},\"query-input\":{\"@type\":\"PropertyValueSpecification\",\"valueRequired\":true,\"valueName\":\"search_term_string\"}}],\"inLanguage\":\"en-US\"},{\"@type\":\"Organization\",\"@id\":\"https:\\\/\\\/multifarius.ee\\\/#organization\",\"name\":\"TeadmisteRadar\",\"url\":\"https:\\\/\\\/multifarius.ee\\\/\",\"logo\":{\"@type\":\"ImageObject\",\"inLanguage\":\"en-US\",\"@id\":\"https:\\\/\\\/multifarius.ee\\\/#\\\/schema\\\/logo\\\/image\\\/\",\"url\":\"https:\\\/\\\/multifarius.ee\\\/wp-content\\\/uploads\\\/2022\\\/09\\\/tr-logo-uus3.png\",\"contentUrl\":\"https:\\\/\\\/multifarius.ee\\\/wp-content\\\/uploads\\\/2022\\\/09\\\/tr-logo-uus3.png\",\"width\":650,\"height\":143,\"caption\":\"TeadmisteRadar\"},\"image\":{\"@id\":\"https:\\\/\\\/multifarius.ee\\\/#\\\/schema\\\/logo\\\/image\\\/\"}}]}<\/script>\n<!-- \/ Yoast SEO Premium plugin. -->","yoast_head_json":{"title":"E-kursus \"Massaa\u017e ja testimine\" - TeadmisteRadar","robots":{"index":"index","follow":"follow","max-snippet":"max-snippet:-1","max-image-preview":"max-image-preview:large","max-video-preview":"max-video-preview:-1"},"canonical":"https:\/\/multifarius.ee\/eng\/e-kursus-massaaz-ja-testimine\/","og_locale":"en_US","og_type":"article","og_title":"E-kursus \"Massaa\u017e ja testimine\"","og_description":"Massaa\u017ei- ja testimisteemaline e-kursus on v\u00e4ga kasulik praktiseerivale mass\u00f6\u00f6rile. Kui Teil on olemas teadmised, kuidas teha testimise teel kindlaks pinges skeletilihased, saab selle p\u00f5hjal massaa\u017ei struktureeritumalt ja suunatumalt l\u00e4bi viia. N\u00e4iteks kui teete testimise teel kindlaks, et kliendil on pinges reie-kakspealihas, saate massaa\u017eiga p\u00f5hiliselt keskenduda eelnimetatud skeletilihase l\u00f5\u00f5gastamisele. Sama p\u00f5him\u00f5tet saab rakendada \u00f5lavarre-kakspealihasele, kaksik-s\u00e4\u00e4remarjalihasele, seljalailihasele jne. Samuti vaadatakse e-kursusel \u00fcle liigeste testimine, sest liigeste testimise teel kogutud andmete p\u00f5hjal saab massaa\u017ei veelgi s\u00fcsteemsemalt teostada.","og_url":"https:\/\/multifarius.ee\/eng\/e-kursus-massaaz-ja-testimine\/","og_site_name":"TeadmisteRadar","article_modified_time":"2024-05-02T15:20:11+00:00","twitter_card":"summary_large_image","twitter_misc":{"Est. reading time":"3 minutes"},"schema":{"@context":"https:\/\/schema.org","@graph":[{"@type":"WebPage","@id":"https:\/\/multifarius.ee\/e-kursus-massaaz-ja-testimine\/","url":"https:\/\/multifarius.ee\/e-kursus-massaaz-ja-testimine\/","name":"E-kursus \"Massaa\u017e ja testimine\" - TeadmisteRadar","isPartOf":{"@id":"https:\/\/multifarius.ee\/#website"},"datePublished":"2024-03-20T07:35:51+00:00","dateModified":"2024-05-02T15:20:11+00:00","breadcrumb":{"@id":"https:\/\/multifarius.ee\/e-kursus-massaaz-ja-testimine\/#breadcrumb"},"inLanguage":"en-US","potentialAction":[{"@type":"ReadAction","target":["https:\/\/multifarius.ee\/e-kursus-massaaz-ja-testimine\/"]}]},{"@type":"BreadcrumbList","@id":"https:\/\/multifarius.ee\/e-kursus-massaaz-ja-testimine\/#breadcrumb","itemListElement":[{"@type":"ListItem","position":1,"name":"Home","item":"https:\/\/multifarius.ee\/"},{"@type":"ListItem","position":2,"name":"E-kursus &#8220;Massaa\u017e ja testimine&#8221;"}]},{"@type":"WebSite","@id":"https:\/\/multifarius.ee\/#website","url":"https:\/\/multifarius.ee\/","name":"TeadmisteRadar","description":"Koolitused ja e-kursused","publisher":{"@id":"https:\/\/multifarius.ee\/#organization"},"potentialAction":[{"@type":"SearchAction","target":{"@type":"EntryPoint","urlTemplate":"https:\/\/multifarius.ee\/?s={search_term_string}"},"query-input":{"@type":"PropertyValueSpecification","valueRequired":true,"valueName":"search_term_string"}}],"inLanguage":"en-US"},{"@type":"Organization","@id":"https:\/\/multifarius.ee\/#organization","name":"TeadmisteRadar","url":"https:\/\/multifarius.ee\/","logo":{"@type":"ImageObject","inLanguage":"en-US","@id":"https:\/\/multifarius.ee\/#\/schema\/logo\/image\/","url":"https:\/\/multifarius.ee\/wp-content\/uploads\/2022\/09\/tr-logo-uus3.png","contentUrl":"https:\/\/multifarius.ee\/wp-content\/uploads\/2022\/09\/tr-logo-uus3.png","width":650,"height":143,"caption":"TeadmisteRadar"},"image":{"@id":"https:\/\/multifarius.ee\/#\/schema\/logo\/image\/"}}]}},"_links":{"self":[{"href":"https:\/\/multifarius.ee\/eng\/wp-json\/wp\/v2\/pages\/28725","targetHints":{"allow":["GET"]}}],"collection":[{"href":"https:\/\/multifarius.ee\/eng\/wp-json\/wp\/v2\/pages"}],"about":[{"href":"https:\/\/multifarius.ee\/eng\/wp-json\/wp\/v2\/types\/page"}],"author":[{"embeddable":true,"href":"https:\/\/multifarius.ee\/eng\/wp-json\/wp\/v2\/users\/6"}],"replies":[{"embeddable":true,"href":"https:\/\/multifarius.ee\/eng\/wp-json\/wp\/v2\/comments?post=28725"}],"version-history":[{"count":5,"href":"https:\/\/multifarius.ee\/eng\/wp-json\/wp\/v2\/pages\/28725\/revisions"}],"predecessor-version":[{"id":29728,"href":"https:\/\/multifarius.ee\/eng\/wp-json\/wp\/v2\/pages\/28725\/revisions\/29728"}],"wp:attachment":[{"href":"https:\/\/multifarius.ee\/eng\/wp-json\/wp\/v2\/media?parent=28725"}],"curies":[{"name":"wp","href":"https:\/\/api.w.org\/{rel}","templated":true}]}}