{"id":28718,"date":"2024-03-19T22:22:38","date_gmt":"2024-03-19T20:22:38","guid":{"rendered":"http:\/\/multifarius.ee\/?page_id=28718"},"modified":"2024-04-21T01:19:11","modified_gmt":"2024-04-20T22:19:11","slug":"maksuoiguse-e-kursus","status":"publish","type":"page","link":"https:\/\/multifarius.ee\/eng\/maksuoiguse-e-kursus\/","title":{"rendered":"Estonian Tax Law online course"},"content":{"rendered":"<div data-elementor-type=\"wp-post\" data-elementor-id=\"28718\" class=\"elementor elementor-28718\" data-elementor-post-type=\"page\">\n\t\t\t\t\t\t<section class=\"has_ae_slider elementor-section elementor-top-section elementor-element elementor-element-efc178c elementor-section-boxed elementor-section-height-default elementor-section-height-default ae-bg-gallery-type-default\" data-id=\"efc178c\" data-element_type=\"section\" data-e-type=\"section\">\n\t\t\t\t\t\t<div class=\"elementor-container elementor-column-gap-default\">\n\t\t\t\t\t<div class=\"has_ae_slider elementor-column elementor-col-100 elementor-top-column elementor-element elementor-element-c695d5d ae-bg-gallery-type-default\" data-id=\"c695d5d\" data-element_type=\"column\" data-e-type=\"column\">\n\t\t\t<div class=\"elementor-widget-wrap elementor-element-populated\">\n\t\t\t\t\t\t<div class=\"elementor-element elementor-element-c7a54a4 elementor-button-success oppekava-ruhm elementor-widget elementor-widget-button\" data-id=\"c7a54a4\" data-element_type=\"widget\" data-e-type=\"widget\" data-widget_type=\"button.default\">\n\t\t\t\t<div class=\"elementor-widget-container\">\n\t\t\t\t\t\t\t\t\t<div class=\"elementor-button-wrapper\">\n\t\t\t\t\t<a class=\"elementor-button elementor-button-link elementor-size-sm\" href=\"#\">\n\t\t\t\t\t\t<span class=\"elementor-button-content-wrapper\">\n\t\t\t\t\t\t\t\t\t<span class=\"elementor-button-text\">Law<\/span>\n\t\t\t\t\t<\/span>\n\t\t\t\t\t<\/a>\n\t\t\t\t<\/div>\n\t\t\t\t\t\t\t\t<\/div>\n\t\t\t\t<\/div>\n\t\t\t\t<div class=\"elementor-element elementor-element-6ca0256 elementor-widget elementor-widget-spacer\" data-id=\"6ca0256\" data-element_type=\"widget\" data-e-type=\"widget\" data-widget_type=\"spacer.default\">\n\t\t\t\t<div class=\"elementor-widget-container\">\n\t\t\t\t\t\t\t<div class=\"elementor-spacer\">\n\t\t\t<div class=\"elementor-spacer-inner\"><\/div>\n\t\t<\/div>\n\t\t\t\t\t\t<\/div>\n\t\t\t\t<\/div>\n\t\t\t\t<div class=\"elementor-element elementor-element-994953a elementor-widget elementor-widget-text-editor\" data-id=\"994953a\" data-element_type=\"widget\" data-e-type=\"widget\" data-widget_type=\"text-editor.default\">\n\t\t\t\t<div class=\"elementor-widget-container\">\n\t\t\t\t\t\t\t\t\t<p style=\"font-style: normal; font-weight: 400; font-size: 16px; text-align: justify;\">The online course on Estonian tax law will review both national and local taxes, and the corresponding legislation and distinctions:<\/p><ol style=\"text-align: justify;\"><li style=\"font-style: normal; text-align: justify; font-weight: 400; font-size: 16px;\"><span style=\"font-size: 16px;\">income tax;<\/span><\/li><li style=\"font-style: normal; text-align: justify; font-weight: 400; font-size: 16px;\"><span style=\"font-size: 16px;\">social tax;<\/span><\/li><li style=\"font-style: normal; text-align: justify; font-weight: 400; font-size: 16px;\"><span style=\"font-size: 16px;\">land tax;<\/span><\/li><li style=\"font-style: normal; text-align: justify; font-weight: 400; font-size: 16px;\"><span style=\"font-size: 16px;\">gambling tax;<\/span><\/li><li style=\"font-style: normal; text-align: justify; font-weight: 400; font-size: 16px;\"><span style=\"font-size: 16px;\">value added tax;<\/span><\/li><li style=\"font-style: normal; text-align: justify; font-weight: 400; font-size: 16px;\"><span style=\"font-size: 16px;\">customs duty;<\/span><\/li><li style=\"font-style: normal; text-align: justify; font-weight: 400; font-size: 16px;\"><span style=\"font-size: 16px;\">excise duties;<\/span><\/li><li style=\"font-style: normal; text-align: justify; font-weight: 400; font-size: 16px;\"><span style=\"font-size: 16px;\">heavy goods vehicles tax;<\/span><\/li><li style=\"font-style: normal; text-align: justify; font-weight: 400; font-size: 16px;\"><span style=\"font-size: 16px;\">business income tax;<\/span><\/li><li style=\"font-style: normal; text-align: justify; font-weight: 400; font-size: 16px;\">advertisement tax;<\/li><li style=\"font-style: normal; text-align: justify; font-weight: 400; font-size: 16px;\">road and street closure tax;<\/li><li style=\"font-style: normal; text-align: justify; font-weight: 400; font-size: 16px;\">motor vehicle tax;<\/li><li style=\"font-style: normal; text-align: justify; font-weight: 400; font-size: 16px;\">animal tax;<\/li><li style=\"font-style: normal; text-align: justify; font-weight: 400; font-size: 16px;\">entertainment tax;<\/li><li style=\"font-style: normal; text-align: justify; font-weight: 400; font-size: 16px;\">parking charge.\u00a0<\/li><\/ol><p><span style=\"font-size: 1.17em; font-style: normal; font-weight: 600; color: var( --e-global-color-text );\">Requirements for starting a course<\/span><\/p><p style=\"box-sizing: inherit; font-size: 16px; font-style: normal; font-weight: 400; color: #353535; text-align: justify;\" class=\"translation-block\">There are no prerequisites for participation in the Estonian Tax Law online course; it is open to everyone who wishes to acquire knowledge about Estonian tax law.<\/p><h3>The volume, duration and structure of the curriculum<\/h3><p style=\"font-size: 16px; font-style: normal; font-weight: 400; text-align: justify;\">The Estonian Tax Law online course volume is 100 academic hours, of which 100 academic hours are independent learning (including e-learning). <a style=\"font-size: 16px; background-color: #ffffff;\" href=\"https:\/\/www.riigiteataja.ee\/akt\/110062015010#para9\">One academic hour is equal to 45 minutes<span style=\"color: #333333;\">.<\/span><\/a><\/p><p style=\"font-size: 16px; font-style: normal; font-weight: 400; text-align: justify;\"><span style=\"font-size: 16px; font-style: normal;\">The Estonian Tax Law online course can be completed for two years after registration. It is based on recorded video lectures and can be completed at your own time and pace.<\/span><\/p><p style=\"font-size: 16px; font-style: normal; font-weight: 400; text-align: justify;\">The structure of the Estonian tax law online course can be found <span style=\"font-size: 16px; font-weight: bold;\">here<\/span>.\u00a0<\/p><h3 style=\"font-style: normal; text-align: justify;\">Learning outcomes and documents to be issued after the online course<\/h3><div style=\"font-size: 16px; font-style: normal; font-weight: 400; text-align: justify;\"><p style=\"font-size: 16px;\" class=\"translation-block\">The Estonian Tax Law online course assesses the achievement of the learning outcomes. For the learning objectives to be achieved, multiple-choice tests must be passed and various written tasks (e.g. answering short questions) must be solved. A final test and a written examination are also compulsory. A certificate will be awarded on completion of the learning outcomes. A notice will be issued if all the learning outcomes are not achieved. A notice will be issued on condition that at least 70% of the online course has been completed.<\/p><p style=\"font-size: 16px;\">Sending a certificate within Estonia is free of charge; sending abroad is subject to agreement. We can also issue the certificate electronically on request. <span style=\"font-size: 16px; font-style: normal; font-weight: 400; color: var( --e-global-color-text );\">\u00a0<\/span><\/p><\/div><div style=\"font-size: 16px; font-style: normal; font-weight: 400; text-align: justify;\"><h3>Topics of the online course<\/h3><p style=\"font-size: 16px;\">The Estonian Tax Law online course discusses the following topics:<\/p><\/div><ol style=\"font-size: 16px; font-style: normal; font-weight: 400; text-align: justify;\"><li style=\"font-size: 16px;\">Estonia's tax system;<\/li><li style=\"font-size: 16px;\">state taxes;<\/li><li style=\"font-size: 16px;\">local taxes;<\/li><li style=\"font-size: 16px;\">direct and indirect taxes;<\/li><li style=\"font-size: 16px;\">tax legislation: Value-Added Tax Act, Income Tax Act, Social Tax Act, etc;<\/li><li style=\"font-size: 16px;\">taxable person and tax liability;<\/li><li style=\"font-size: 16px;\">tax authority;<\/li><li style=\"font-size: 16px;\">object of taxation;<\/li><li style=\"font-size: 16px;\"><span style=\"font-size: 16px; color: var( --e-global-color-text );\">general principles of taxation;<\/span><\/li><li><span style=\"font-size: 16px; color: var( --e-global-color-text );\">taxable transactions and activities;<\/span><\/li><li style=\"font-size: 16px;\">taxpayer;<\/li><li style=\"font-size: 16px;\">tax rates;<\/li><li style=\"font-size: 16px;\">the taxable period;<\/li><li><span style=\"color: var( --e-global-color-text ); font-size: 16px;\">etc.<\/span><\/li><\/ol><h3 style=\"font-style: normal; text-align: justify;\">In addition to the Estonian Tax Law online course, what other online courses could I participate in?<\/h3><p style=\"font-style: normal; text-align: justify;\"><span style=\"font-size: 16px;\">If you are interested in legal science in its entirety, you might also wish to consider other law-related online courses. For example <a href=\"http:\/\/multifarius.ee\/eng\/toooigus\/\">Labour Law online course<\/a><span style=\"color: #333333;\">.<\/span><\/span><span style=\"font-size: 16px;\">\u00a0<\/span><\/p><h3 style=\"font-style: normal; text-align: justify;\">Where can I enrol for the Estonian Tax Law online course?<\/h3><p style=\"font-size: 16px; font-style: normal; font-weight: 400; text-align: justify;\"><span style=\"font-size: 16px;\">You can enrol in the Estonian Tax Law online course <a style=\"font-size: 16px;\" href=\"http:\/\/multifarius.ee\/eng\/syndmus\/maksuoiguse-e-kursus\/\"><span style=\"font-size: 16px; font-weight: bold;\">here<\/span><\/a><\/span>.<\/p><p style=\"font-size: 16px; font-style: normal; font-weight: 400; text-align: justify;\"><span style=\"font-size: 1.17em; font-style: normal; font-weight: 600; color: var( --e-global-color-text );\">Any question? Send us an email!\u00a0<\/span><\/p><h3 style=\"font-size: 16px; font-style: normal; font-weight: 400; text-align: justify;\"><span style=\"font-size: 16px; font-style: normal; font-weight: 400; color: var( --e-global-color-text ); text-align: start;\">\n<div class=\"wpcf7 no-js\" id=\"wpcf7-f7-o1\" lang=\"en-US\" dir=\"ltr\" data-wpcf7-id=\"7\">\n<div class=\"screen-reader-response\"><p role=\"status\" aria-live=\"polite\" aria-atomic=\"true\"><\/p> <ul><\/ul><\/div>\n<form action=\"\/eng\/wp-json\/wp\/v2\/pages\/28718#wpcf7-f7-o1\" method=\"post\" class=\"wpcf7-form init\" aria-label=\"Contact form\" novalidate=\"novalidate\" data-status=\"init\" data-trp-original-action=\"\/eng\/wp-json\/wp\/v2\/pages\/28718#wpcf7-f7-o1\">\n<fieldset class=\"hidden-fields-container\"><input type=\"hidden\" name=\"_wpcf7\" value=\"7\" \/><input type=\"hidden\" name=\"_wpcf7_version\" value=\"6.1.5\" \/><input type=\"hidden\" name=\"_wpcf7_locale\" value=\"en_US\" \/><input type=\"hidden\" name=\"_wpcf7_unit_tag\" value=\"wpcf7-f7-o1\" \/><input type=\"hidden\" name=\"_wpcf7_container_post\" value=\"0\" \/><input type=\"hidden\" name=\"_wpcf7_posted_data_hash\" value=\"\" \/><input type=\"hidden\" name=\"_wpcf7_recaptcha_response\" value=\"\" \/>\n<\/fieldset>\n<p><label> Your name<br \/>\n<span class=\"wpcf7-form-control-wrap\" data-name=\"your-name\"><input size=\"40\" maxlength=\"400\" class=\"wpcf7-form-control wpcf7-text wpcf7-validates-as-required\" aria-required=\"true\" aria-invalid=\"false\" value=\"\" type=\"text\" name=\"your-name\" \/><\/span> <\/label>\n<\/p>\n<p><label> Your e-mail address<br \/>\n<span class=\"wpcf7-form-control-wrap\" data-name=\"your-email\"><input size=\"40\" maxlength=\"400\" class=\"wpcf7-form-control wpcf7-email wpcf7-validates-as-required wpcf7-text wpcf7-validates-as-email\" aria-required=\"true\" aria-invalid=\"false\" value=\"\" type=\"email\" name=\"your-email\" \/><\/span> <\/label>\n<\/p>\n<p><label> Subject<br \/>\n<span class=\"wpcf7-form-control-wrap\" data-name=\"your-subject\"><input size=\"40\" maxlength=\"400\" class=\"wpcf7-form-control wpcf7-text\" aria-invalid=\"false\" value=\"\" type=\"text\" name=\"your-subject\" \/><\/span> <\/label>\n<\/p>\n<p><label> Content of the topic (text)<br \/>\n<span class=\"wpcf7-form-control-wrap\" data-name=\"your-message\"><textarea cols=\"40\" rows=\"5\" maxlength=\"2000\" class=\"wpcf7-form-control wpcf7-textarea\" aria-invalid=\"false\" name=\"your-message\"><\/textarea><\/span> <\/label>\n<\/p>\n\n<p><input class=\"wpcf7-form-control wpcf7-submit has-spinner\" type=\"submit\" value=\"Send a letter!\" \/>\n<\/p><div class=\"wpcf7-response-output\" aria-hidden=\"true\"><\/div>\n<input type=\"hidden\" name=\"trp-form-language\" value=\"eng\"\/><\/form>\n<\/div>\n<\/span><\/h3><div style=\"font-size: 16px; font-style: normal; font-weight: 400; text-align: justify;\">\u00a0<\/div>\t\t\t\t\t\t\t\t<\/div>\n\t\t\t\t<\/div>\n\t\t\t\t\t<\/div>\n\t\t<\/div>\n\t\t\t\t\t<\/div>\n\t\t<\/section>\n\t\t\t\t<\/div>","protected":false},"excerpt":{"rendered":"<p>The online course on Estonian tax law will review both national and local taxes, and the corresponding legislation and distinctions:<\/p>","protected":false},"author":6,"featured_media":0,"parent":0,"menu_order":0,"comment_status":"closed","ping_status":"closed","template":"","meta":{"_monsterinsights_skip_tracking":false,"_monsterinsights_sitenote_active":false,"_monsterinsights_sitenote_note":"","_monsterinsights_sitenote_category":0,"site-sidebar-layout":"right-sidebar","site-content-layout":"plain-container","ast-site-content-layout":"default","site-content-style":"default","site-sidebar-style":"default","ast-global-header-display":"","ast-banner-title-visibility":"","ast-main-header-display":"","ast-hfb-above-header-display":"","ast-hfb-below-header-display":"","ast-hfb-mobile-header-display":"","site-post-title":"","ast-breadcrumbs-content":"","ast-featured-img":"","footer-sml-layout":"","ast-disable-related-posts":"","theme-transparent-header-meta":"default","adv-header-id-meta":"","stick-header-meta":"","header-above-stick-meta":"","header-main-stick-meta":"","header-below-stick-meta":"","astra-migrate-meta-layouts":"default","ast-page-background-enabled":"default","ast-page-background-meta":{"desktop":{"background-color":"","background-image":"","background-repeat":"repeat","background-position":"center center","background-size":"auto","background-attachment":"scroll","background-type":"","background-media":"","overlay-type":"","overlay-color":"","overlay-opacity":"","overlay-gradient":""},"tablet":{"background-color":"","background-image":"","background-repeat":"repeat","background-position":"center center","background-size":"auto","background-attachment":"scroll","background-type":"","background-media":"","overlay-type":"","overlay-color":"","overlay-opacity":"","overlay-gradient":""},"mobile":{"background-color":"","background-image":"","background-repeat":"repeat","background-position":"center center","background-size":"auto","background-attachment":"scroll","background-type":"","background-media":"","overlay-type":"","overlay-color":"","overlay-opacity":"","overlay-gradient":""}},"ast-content-background-meta":{"desktop":{"background-color":"var(--ast-global-color-5)","background-image":"","background-repeat":"repeat","background-position":"center center","background-size":"auto","background-attachment":"scroll","background-type":"","background-media":"","overlay-type":"","overlay-color":"","overlay-opacity":"","overlay-gradient":""},"tablet":{"background-color":"var(--ast-global-color-5)","background-image":"","background-repeat":"repeat","background-position":"center center","background-size":"auto","background-attachment":"scroll","background-type":"","background-media":"","overlay-type":"","overlay-color":"","overlay-opacity":"","overlay-gradient":""},"mobile":{"background-color":"var(--ast-global-color-5)","background-image":"","background-repeat":"repeat","background-position":"center center","background-size":"auto","background-attachment":"scroll","background-type":"","background-media":"","overlay-type":"","overlay-color":"","overlay-opacity":"","overlay-gradient":""}},"footnotes":""},"class_list":["post-28718","page","type-page","status-publish","hentry"],"yoast_head":"<!-- This site is optimized with the Yoast SEO Premium plugin v24.4 (Yoast SEO v27.3) - https:\/\/yoast.com\/product\/yoast-seo-premium-wordpress\/ -->\n<title>Eesti maksu\u00f5iguse e-kursus - TeadmisteRadar<\/title>\n<meta name=\"description\" content=\"T\u00f6\u00f6lepingu seadus, t\u00f6\u00f6\u00f5igus, t\u00f6\u00f6tingimused, t\u00f6\u00f6lepingu s\u00f5lmimine alaealisega, \u00fcletunnit\u00f6\u00f6, p\u00f5hipuhkus, rasedus-ja s\u00fcnnituspuhkus, \u00f5ppepuhkus, t\u00f6\u00f6taja\" \/>\n<meta name=\"robots\" content=\"index, follow, max-snippet:-1, max-image-preview:large, max-video-preview:-1\" \/>\n<link rel=\"canonical\" href=\"https:\/\/multifarius.ee\/eng\/maksuoiguse-e-kursus\/\" \/>\n<meta property=\"og:locale\" content=\"en_US\" \/>\n<meta property=\"og:type\" content=\"article\" \/>\n<meta property=\"og:title\" content=\"T\u00f6\u00f6\u00f5iguse kursuse \u00f5ppekava\" \/>\n<meta property=\"og:description\" content=\"T\u00f6\u00f6lepingu seadus, t\u00f6\u00f6\u00f5igus, t\u00f6\u00f6tingimused, t\u00f6\u00f6lepingu s\u00f5lmimine alaealisega, \u00fcletunnit\u00f6\u00f6, p\u00f5hipuhkus, rasedus-ja s\u00fcnnituspuhkus, \u00f5ppepuhkus, t\u00f6\u00f6taja\" \/>\n<meta property=\"og:url\" content=\"https:\/\/multifarius.ee\/eng\/maksuoiguse-e-kursus\/\" \/>\n<meta property=\"og:site_name\" content=\"TeadmisteRadar\" \/>\n<meta property=\"article:modified_time\" content=\"2024-04-20T22:19:11+00:00\" \/>\n<meta property=\"og:image\" content=\"https:\/\/multifarius.ee\/wp-content\/uploads\/2019\/07\/allkiri-1024x768.jpg\" \/>\n\t<meta property=\"og:image:width\" content=\"1024\" \/>\n\t<meta property=\"og:image:height\" content=\"768\" \/>\n\t<meta property=\"og:image:type\" content=\"image\/jpeg\" \/>\n<meta name=\"twitter:card\" content=\"summary_large_image\" \/>\n<meta name=\"twitter:title\" content=\"Eesti maksu\u00f5iguse e-kursus\" \/>\n<meta name=\"twitter:label1\" content=\"Est. reading time\" \/>\n\t<meta name=\"twitter:data1\" content=\"2 minutes\" \/>\n<script type=\"application\/ld+json\" class=\"yoast-schema-graph\">{\"@context\":\"https:\\\/\\\/schema.org\",\"@graph\":[{\"@type\":\"WebPage\",\"@id\":\"https:\\\/\\\/multifarius.ee\\\/maksuoiguse-e-kursus\\\/\",\"url\":\"https:\\\/\\\/multifarius.ee\\\/maksuoiguse-e-kursus\\\/\",\"name\":\"Eesti maksu\u00f5iguse e-kursus - TeadmisteRadar\",\"isPartOf\":{\"@id\":\"https:\\\/\\\/multifarius.ee\\\/#website\"},\"datePublished\":\"2024-03-19T20:22:38+00:00\",\"dateModified\":\"2024-04-20T22:19:11+00:00\",\"description\":\"T\u00f6\u00f6lepingu seadus, t\u00f6\u00f6\u00f5igus, t\u00f6\u00f6tingimused, t\u00f6\u00f6lepingu s\u00f5lmimine alaealisega, \u00fcletunnit\u00f6\u00f6, p\u00f5hipuhkus, rasedus-ja s\u00fcnnituspuhkus, \u00f5ppepuhkus, t\u00f6\u00f6taja\",\"breadcrumb\":{\"@id\":\"https:\\\/\\\/multifarius.ee\\\/maksuoiguse-e-kursus\\\/#breadcrumb\"},\"inLanguage\":\"en-US\",\"potentialAction\":[{\"@type\":\"ReadAction\",\"target\":[\"https:\\\/\\\/multifarius.ee\\\/maksuoiguse-e-kursus\\\/\"]}]},{\"@type\":\"BreadcrumbList\",\"@id\":\"https:\\\/\\\/multifarius.ee\\\/maksuoiguse-e-kursus\\\/#breadcrumb\",\"itemListElement\":[{\"@type\":\"ListItem\",\"position\":1,\"name\":\"Home\",\"item\":\"https:\\\/\\\/multifarius.ee\\\/\"},{\"@type\":\"ListItem\",\"position\":2,\"name\":\"Eesti maksu\u00f5iguse e-kursus\"}]},{\"@type\":\"WebSite\",\"@id\":\"https:\\\/\\\/multifarius.ee\\\/#website\",\"url\":\"https:\\\/\\\/multifarius.ee\\\/\",\"name\":\"TeadmisteRadar\",\"description\":\"Koolitused ja e-kursused\",\"publisher\":{\"@id\":\"https:\\\/\\\/multifarius.ee\\\/#organization\"},\"potentialAction\":[{\"@type\":\"SearchAction\",\"target\":{\"@type\":\"EntryPoint\",\"urlTemplate\":\"https:\\\/\\\/multifarius.ee\\\/?s={search_term_string}\"},\"query-input\":{\"@type\":\"PropertyValueSpecification\",\"valueRequired\":true,\"valueName\":\"search_term_string\"}}],\"inLanguage\":\"en-US\"},{\"@type\":\"Organization\",\"@id\":\"https:\\\/\\\/multifarius.ee\\\/#organization\",\"name\":\"TeadmisteRadar\",\"url\":\"https:\\\/\\\/multifarius.ee\\\/\",\"logo\":{\"@type\":\"ImageObject\",\"inLanguage\":\"en-US\",\"@id\":\"https:\\\/\\\/multifarius.ee\\\/#\\\/schema\\\/logo\\\/image\\\/\",\"url\":\"https:\\\/\\\/multifarius.ee\\\/wp-content\\\/uploads\\\/2022\\\/09\\\/tr-logo-uus3.png\",\"contentUrl\":\"https:\\\/\\\/multifarius.ee\\\/wp-content\\\/uploads\\\/2022\\\/09\\\/tr-logo-uus3.png\",\"width\":650,\"height\":143,\"caption\":\"TeadmisteRadar\"},\"image\":{\"@id\":\"https:\\\/\\\/multifarius.ee\\\/#\\\/schema\\\/logo\\\/image\\\/\"}}]}<\/script>\n<!-- \/ Yoast SEO Premium plugin. -->","yoast_head_json":{"title":"Eesti maksu\u00f5iguse e-kursus - TeadmisteRadar","description":"T\u00f6\u00f6lepingu seadus, t\u00f6\u00f6\u00f5igus, t\u00f6\u00f6tingimused, t\u00f6\u00f6lepingu s\u00f5lmimine alaealisega, \u00fcletunnit\u00f6\u00f6, p\u00f5hipuhkus, rasedus-ja s\u00fcnnituspuhkus, \u00f5ppepuhkus, t\u00f6\u00f6taja","robots":{"index":"index","follow":"follow","max-snippet":"max-snippet:-1","max-image-preview":"max-image-preview:large","max-video-preview":"max-video-preview:-1"},"canonical":"https:\/\/multifarius.ee\/eng\/maksuoiguse-e-kursus\/","og_locale":"en_US","og_type":"article","og_title":"T\u00f6\u00f6\u00f5iguse kursuse \u00f5ppekava","og_description":"T\u00f6\u00f6lepingu seadus, t\u00f6\u00f6\u00f5igus, t\u00f6\u00f6tingimused, t\u00f6\u00f6lepingu s\u00f5lmimine alaealisega, \u00fcletunnit\u00f6\u00f6, p\u00f5hipuhkus, rasedus-ja s\u00fcnnituspuhkus, \u00f5ppepuhkus, t\u00f6\u00f6taja","og_url":"https:\/\/multifarius.ee\/eng\/maksuoiguse-e-kursus\/","og_site_name":"TeadmisteRadar","article_modified_time":"2024-04-20T22:19:11+00:00","og_image":[{"width":1024,"height":768,"url":"https:\/\/multifarius.ee\/wp-content\/uploads\/2019\/07\/allkiri-1024x768.jpg","type":"image\/jpeg"}],"twitter_card":"summary_large_image","twitter_title":"Eesti maksu\u00f5iguse e-kursus","twitter_misc":{"Est. reading time":"2 minutes"},"schema":{"@context":"https:\/\/schema.org","@graph":[{"@type":"WebPage","@id":"https:\/\/multifarius.ee\/maksuoiguse-e-kursus\/","url":"https:\/\/multifarius.ee\/maksuoiguse-e-kursus\/","name":"Eesti maksu\u00f5iguse e-kursus - TeadmisteRadar","isPartOf":{"@id":"https:\/\/multifarius.ee\/#website"},"datePublished":"2024-03-19T20:22:38+00:00","dateModified":"2024-04-20T22:19:11+00:00","description":"T\u00f6\u00f6lepingu seadus, t\u00f6\u00f6\u00f5igus, t\u00f6\u00f6tingimused, t\u00f6\u00f6lepingu s\u00f5lmimine alaealisega, \u00fcletunnit\u00f6\u00f6, p\u00f5hipuhkus, rasedus-ja s\u00fcnnituspuhkus, \u00f5ppepuhkus, t\u00f6\u00f6taja","breadcrumb":{"@id":"https:\/\/multifarius.ee\/maksuoiguse-e-kursus\/#breadcrumb"},"inLanguage":"en-US","potentialAction":[{"@type":"ReadAction","target":["https:\/\/multifarius.ee\/maksuoiguse-e-kursus\/"]}]},{"@type":"BreadcrumbList","@id":"https:\/\/multifarius.ee\/maksuoiguse-e-kursus\/#breadcrumb","itemListElement":[{"@type":"ListItem","position":1,"name":"Home","item":"https:\/\/multifarius.ee\/"},{"@type":"ListItem","position":2,"name":"Eesti maksu\u00f5iguse e-kursus"}]},{"@type":"WebSite","@id":"https:\/\/multifarius.ee\/#website","url":"https:\/\/multifarius.ee\/","name":"TeadmisteRadar","description":"Koolitused ja e-kursused","publisher":{"@id":"https:\/\/multifarius.ee\/#organization"},"potentialAction":[{"@type":"SearchAction","target":{"@type":"EntryPoint","urlTemplate":"https:\/\/multifarius.ee\/?s={search_term_string}"},"query-input":{"@type":"PropertyValueSpecification","valueRequired":true,"valueName":"search_term_string"}}],"inLanguage":"en-US"},{"@type":"Organization","@id":"https:\/\/multifarius.ee\/#organization","name":"TeadmisteRadar","url":"https:\/\/multifarius.ee\/","logo":{"@type":"ImageObject","inLanguage":"en-US","@id":"https:\/\/multifarius.ee\/#\/schema\/logo\/image\/","url":"https:\/\/multifarius.ee\/wp-content\/uploads\/2022\/09\/tr-logo-uus3.png","contentUrl":"https:\/\/multifarius.ee\/wp-content\/uploads\/2022\/09\/tr-logo-uus3.png","width":650,"height":143,"caption":"TeadmisteRadar"},"image":{"@id":"https:\/\/multifarius.ee\/#\/schema\/logo\/image\/"}}]}},"_links":{"self":[{"href":"https:\/\/multifarius.ee\/eng\/wp-json\/wp\/v2\/pages\/28718","targetHints":{"allow":["GET"]}}],"collection":[{"href":"https:\/\/multifarius.ee\/eng\/wp-json\/wp\/v2\/pages"}],"about":[{"href":"https:\/\/multifarius.ee\/eng\/wp-json\/wp\/v2\/types\/page"}],"author":[{"embeddable":true,"href":"https:\/\/multifarius.ee\/eng\/wp-json\/wp\/v2\/users\/6"}],"replies":[{"embeddable":true,"href":"https:\/\/multifarius.ee\/eng\/wp-json\/wp\/v2\/comments?post=28718"}],"version-history":[{"count":5,"href":"https:\/\/multifarius.ee\/eng\/wp-json\/wp\/v2\/pages\/28718\/revisions"}],"predecessor-version":[{"id":29019,"href":"https:\/\/multifarius.ee\/eng\/wp-json\/wp\/v2\/pages\/28718\/revisions\/29019"}],"wp:attachment":[{"href":"https:\/\/multifarius.ee\/eng\/wp-json\/wp\/v2\/media?parent=28718"}],"curies":[{"name":"wp","href":"https:\/\/api.w.org\/{rel}","templated":true}]}}