{"id":28715,"date":"2024-03-19T22:19:59","date_gmt":"2024-03-19T20:19:59","guid":{"rendered":"http:\/\/multifarius.ee\/?page_id=28715"},"modified":"2024-05-17T13:13:32","modified_gmt":"2024-05-17T10:13:32","slug":"e-kursus-trigger-punktide-susteem","status":"publish","type":"page","link":"https:\/\/multifarius.ee\/eng\/e-kursus-trigger-punktide-susteem\/","title":{"rendered":"Online course \"Trigger Points System\""},"content":{"rendered":"<div data-elementor-type=\"wp-post\" data-elementor-id=\"28715\" class=\"elementor elementor-28715\" data-elementor-post-type=\"page\">\n\t\t\t\t\t\t<section class=\"has_ae_slider elementor-section elementor-top-section elementor-element elementor-element-1b29b69a elementor-section-boxed elementor-section-height-default elementor-section-height-default ae-bg-gallery-type-default\" data-id=\"1b29b69a\" data-element_type=\"section\" data-e-type=\"section\">\n\t\t\t\t\t\t<div class=\"elementor-container elementor-column-gap-default\">\n\t\t\t\t\t<div class=\"has_ae_slider elementor-column elementor-col-100 elementor-top-column elementor-element elementor-element-2ce57419 ae-bg-gallery-type-default\" data-id=\"2ce57419\" data-element_type=\"column\" data-e-type=\"column\">\n\t\t\t<div class=\"elementor-widget-wrap elementor-element-populated\">\n\t\t\t\t\t\t<div class=\"elementor-element elementor-element-a6f0d0e elementor-widget elementor-widget-spacer\" data-id=\"a6f0d0e\" data-element_type=\"widget\" data-e-type=\"widget\" data-widget_type=\"spacer.default\">\n\t\t\t\t<div class=\"elementor-widget-container\">\n\t\t\t\t\t\t\t<div class=\"elementor-spacer\">\n\t\t\t<div class=\"elementor-spacer-inner\"><\/div>\n\t\t<\/div>\n\t\t\t\t\t\t<\/div>\n\t\t\t\t<\/div>\n\t\t\t\t<div class=\"elementor-element elementor-element-3e09406 elementor-widget elementor-widget-text-editor\" data-id=\"3e09406\" data-element_type=\"widget\" data-e-type=\"widget\" data-widget_type=\"text-editor.default\">\n\t\t\t\t<div class=\"elementor-widget-container\">\n\t\t\t\t\t\t\t\t\t<p style=\"box-sizing: inherit; font-size: 16px; font-style: normal; font-weight: 400; color: #353535; text-align: justify;\">Trigger points are one of the most controversial yet fascinating topics to address and analyze in massage and other fields. They have given rise to much controversy, so it is sensible to explore all these views calmly and thoroughly. The main aim of this online course is to provide a comprehensive analysis of the trigger points system in the context of skeletal muscles and its effects on the body as a whole. It also makes sense to consider trigger points in parallel with the field of massage.<\/p><p style=\"text-align: justify;\"><span style=\"color: var( --e-global-color-text ); font-size: 1.17em; font-weight: 600;\">Requirements for starting a course<\/span><\/p><p style=\"box-sizing: inherit; font-size: 16px; font-style: normal; font-weight: 400; color: #353535; text-align: justify;\">There is one prerequisite to participate in the Trigger Points online course. You must have previously completed at least\u00a0<a style=\"box-sizing: inherit; font-size: 16px;\" href=\"http:\/\/multifarius.ee\/eng\/funktsionaalne-anatoomia\/\">the Functional Anatomy online course<\/a> or a similar course. This is because the abovementioned (online) course provides knowledge of the skeletal muscle system, which is essential for a more systematic understanding of the Trigger Points system, <span style=\"font-size: 16px; font-weight: 400;\">which is closely related to the skeletal muscles<\/span><span style=\"font-size: 16px; font-weight: 400;\">.<\/span><\/p><p style=\"font-size: 16px; font-style: normal; font-weight: 400; text-align: justify;\">If you plan to participate in the Trigger Points System online course, please send a copy of your Functional Anatomy (online) course certificate to our e-mail address koolitused@multifarius.ee after registering for the online course. If you have completed our institution's Functional Anatomy online course, you do not need to send a copy of the certificate. In addition to previous studies, we also consider work experience; please contact us by e-mail for further information.\u00a0<\/p><h3 style=\"font-style: normal; text-align: justify;\">Volume, duration and structure of the curriculum<\/h3><p style=\"text-align: justify;\">The Trigger Points System online course volume is 50 academic hours, of which 50 are independent learning (including e-learning). <a style=\"font-size: 16px; background-color: #ffffff;\" href=\"https:\/\/www.riigiteataja.ee\/akt\/110062015010#para9\">One academic hour is equal to 45 minutes<span style=\"color: #333333;\">.<\/span><\/a><\/p><p style=\"text-align: justify;\">The Trigger Points System online course can be accessed for two years after registration. The online course can be completed at a time and pace that suits you, as it is based on recorded video lessons.<\/p><p style=\"text-align: justify;\">The structure of the Trigger Points System online course can be found in the future <strong>here<\/strong>.\u00a0<\/p><h3 style=\"font-style: normal; text-align: justify;\">Learning outcomes and documents to be issued after the online course<\/h3><div style=\"text-align: justify;\"><p>The Trigger Points System online course assesses the achievement of learning outcomes. To achieve the learning objectives, you have to complete multiple-choice tests and various tasks (e.g., answering short questions). A final test and a written assessment are also required. A certificate will be awarded on the achievement of the learning outcomes. If not all learning objetives are achieved, a notice is issued. The notice will be issued on condition that at least 70% of the online course has been completed.\u00a0<\/p><p>Delivery of the notice or certificate within Estonia is free of charge; delivery further abroad is subject to agreement. <span style=\"color: var( --e-global-color-text ); font-size: 16px; font-weight: 400; text-align: justify;\">\u00a0<\/span><\/p><\/div><div style=\"font-size: 16px; font-style: normal; font-weight: 400; text-align: justify;\"><h3>Topics of the online course<\/h3><p>The Trigger Points System online course includes the following topics:<\/p><\/div><ol style=\"font-size: 16px; font-style: normal; font-weight: 400; text-align: justify;\"><li>(text to be inserted);<\/li><li>(text to be inserted);<\/li><li>(text to be inserted);<\/li><li>(text to be inserted);<\/li><li>(text to be inserted);<\/li><li>(text to be inserted);<\/li><li>(text to be inserted);<\/li><li>(text to be inserted);<\/li><li>(text to be inserted);<\/li><li>(text to be inserted).\u00a0<\/li><\/ol><h3 style=\"font-style: normal; text-align: justify;\">In addition to the online course on the Trigger Points System, what other online courses could be completed?<\/h3><p style=\"text-align: justify;\" class=\"translation-block\"><span style=\"font-size: 16px\">The Trigger Points System online course is closely related to the massage field; therefore, it is worth considering taking\u00a0<a href=\"http:\/\/multifarius.ee\/eng\/sundmused\/\" target=\"_self\">online\u00a0courses on massage<\/a>. <\/span><\/p><h3 style=\"font-style: normal; text-align: justify;\">Where can I enrol in a Trigger Points System online course?<\/h3><p style=\"font-size: 16px; font-style: normal; text-align: justify;\"><span style=\"font-size: 16px;\">You can enroll in the Trigger Points System online course <a href=\"http:\/\/multifarius.ee\/eng\/syndmus\/triggerpunktide-susteem\/\"><b>here<\/b><\/a><\/span><span style=\"color: #333333;\">.<\/span><\/p><p style=\"font-size: 16px; font-style: normal; font-weight: 400; text-align: justify;\"><span style=\"font-size: 1.17em; font-weight: 600;\">Any question? Send us an email!\u00a0<\/span><\/p><h3 style=\"font-size: 16px; font-style: normal; font-weight: 400; text-align: justify;\"><span style=\"font-size: 16px; font-weight: 400; color: var( --e-global-color-text ); text-align: start;\">\n<div class=\"wpcf7 no-js\" id=\"wpcf7-f7-o1\" lang=\"en-US\" dir=\"ltr\" data-wpcf7-id=\"7\">\n<div class=\"screen-reader-response\"><p role=\"status\" aria-live=\"polite\" aria-atomic=\"true\"><\/p> <ul><\/ul><\/div>\n<form action=\"\/eng\/wp-json\/wp\/v2\/pages\/28715#wpcf7-f7-o1\" method=\"post\" class=\"wpcf7-form init\" aria-label=\"Contact form\" novalidate=\"novalidate\" data-status=\"init\" data-trp-original-action=\"\/eng\/wp-json\/wp\/v2\/pages\/28715#wpcf7-f7-o1\">\n<fieldset class=\"hidden-fields-container\"><input type=\"hidden\" name=\"_wpcf7\" value=\"7\" \/><input type=\"hidden\" name=\"_wpcf7_version\" value=\"6.1.5\" \/><input type=\"hidden\" name=\"_wpcf7_locale\" value=\"en_US\" \/><input type=\"hidden\" name=\"_wpcf7_unit_tag\" value=\"wpcf7-f7-o1\" \/><input type=\"hidden\" name=\"_wpcf7_container_post\" value=\"0\" \/><input type=\"hidden\" name=\"_wpcf7_posted_data_hash\" value=\"\" \/><input type=\"hidden\" name=\"_wpcf7_recaptcha_response\" value=\"\" \/>\n<\/fieldset>\n<p><label> Your name<br \/>\n<span class=\"wpcf7-form-control-wrap\" data-name=\"your-name\"><input size=\"40\" maxlength=\"400\" class=\"wpcf7-form-control wpcf7-text wpcf7-validates-as-required\" aria-required=\"true\" aria-invalid=\"false\" value=\"\" type=\"text\" name=\"your-name\" \/><\/span> <\/label>\n<\/p>\n<p><label> Your e-mail address<br \/>\n<span class=\"wpcf7-form-control-wrap\" data-name=\"your-email\"><input size=\"40\" maxlength=\"400\" class=\"wpcf7-form-control wpcf7-email wpcf7-validates-as-required wpcf7-text wpcf7-validates-as-email\" aria-required=\"true\" aria-invalid=\"false\" value=\"\" type=\"email\" name=\"your-email\" \/><\/span> <\/label>\n<\/p>\n<p><label> Subject<br \/>\n<span class=\"wpcf7-form-control-wrap\" data-name=\"your-subject\"><input size=\"40\" maxlength=\"400\" class=\"wpcf7-form-control wpcf7-text\" aria-invalid=\"false\" value=\"\" type=\"text\" name=\"your-subject\" \/><\/span> <\/label>\n<\/p>\n<p><label> Content of the topic (text)<br \/>\n<span class=\"wpcf7-form-control-wrap\" data-name=\"your-message\"><textarea cols=\"40\" rows=\"5\" maxlength=\"2000\" class=\"wpcf7-form-control wpcf7-textarea\" aria-invalid=\"false\" name=\"your-message\"><\/textarea><\/span> <\/label>\n<\/p>\n\n<p><input class=\"wpcf7-form-control wpcf7-submit has-spinner\" type=\"submit\" value=\"Send a letter!\" \/>\n<\/p><div class=\"wpcf7-response-output\" aria-hidden=\"true\"><\/div>\n<input type=\"hidden\" name=\"trp-form-language\" value=\"eng\"\/><\/form>\n<\/div>\n<\/span><\/h3>\t\t\t\t\t\t\t\t<\/div>\n\t\t\t\t<\/div>\n\t\t\t\t\t<\/div>\n\t\t<\/div>\n\t\t\t\t\t<\/div>\n\t\t<\/section>\n\t\t\t\t<\/div>","protected":false},"excerpt":{"rendered":"<p>Trigger points are one of the most controversial yet fascinating topics to address and analyze in massage and other fields. They have given rise to much controversy, so it is sensible to explore all these views calmly and thoroughly. The main aim of this online course is to provide a comprehensive analysis of the trigger points system in the context of skeletal muscles and its effects on the body as a whole. It also makes sense to consider trigger points in parallel with the field of massage.<\/p>","protected":false},"author":6,"featured_media":0,"parent":0,"menu_order":0,"comment_status":"closed","ping_status":"closed","template":"","meta":{"_monsterinsights_skip_tracking":false,"_monsterinsights_sitenote_active":false,"_monsterinsights_sitenote_note":"","_monsterinsights_sitenote_category":0,"site-sidebar-layout":"right-sidebar","site-content-layout":"plain-container","ast-site-content-layout":"default","site-content-style":"default","site-sidebar-style":"default","ast-global-header-display":"","ast-banner-title-visibility":"","ast-main-header-display":"","ast-hfb-above-header-display":"","ast-hfb-below-header-display":"","ast-hfb-mobile-header-display":"","site-post-title":"","ast-breadcrumbs-content":"","ast-featured-img":"","footer-sml-layout":"","ast-disable-related-posts":"","theme-transparent-header-meta":"default","adv-header-id-meta":"","stick-header-meta":"","header-above-stick-meta":"","header-main-stick-meta":"","header-below-stick-meta":"","astra-migrate-meta-layouts":"default","ast-page-background-enabled":"default","ast-page-background-meta":{"desktop":{"background-color":"","background-image":"","background-repeat":"repeat","background-position":"center center","background-size":"auto","background-attachment":"scroll","background-type":"","background-media":"","overlay-type":"","overlay-color":"","overlay-opacity":"","overlay-gradient":""},"tablet":{"background-color":"","background-image":"","background-repeat":"repeat","background-position":"center center","background-size":"auto","background-attachment":"scroll","background-type":"","background-media":"","overlay-type":"","overlay-color":"","overlay-opacity":"","overlay-gradient":""},"mobile":{"background-color":"","background-image":"","background-repeat":"repeat","background-position":"center center","background-size":"auto","background-attachment":"scroll","background-type":"","background-media":"","overlay-type":"","overlay-color":"","overlay-opacity":"","overlay-gradient":""}},"ast-content-background-meta":{"desktop":{"background-color":"var(--ast-global-color-5)","background-image":"","background-repeat":"repeat","background-position":"center center","background-size":"auto","background-attachment":"scroll","background-type":"","background-media":"","overlay-type":"","overlay-color":"","overlay-opacity":"","overlay-gradient":""},"tablet":{"background-color":"var(--ast-global-color-5)","background-image":"","background-repeat":"repeat","background-position":"center center","background-size":"auto","background-attachment":"scroll","background-type":"","background-media":"","overlay-type":"","overlay-color":"","overlay-opacity":"","overlay-gradient":""},"mobile":{"background-color":"var(--ast-global-color-5)","background-image":"","background-repeat":"repeat","background-position":"center center","background-size":"auto","background-attachment":"scroll","background-type":"","background-media":"","overlay-type":"","overlay-color":"","overlay-opacity":"","overlay-gradient":""}},"footnotes":""},"class_list":["post-28715","page","type-page","status-publish","hentry"],"yoast_head":"<!-- This site is optimized with the Yoast SEO Premium plugin v24.4 (Yoast SEO v27.4) - https:\/\/yoast.com\/product\/yoast-seo-premium-wordpress\/ -->\n<title>E-kursus \u201eTrigger-punktide s\u00fcsteem\u201c - TeadmisteRadar<\/title>\n<meta name=\"robots\" content=\"index, follow, max-snippet:-1, max-image-preview:large, max-video-preview:-1\" \/>\n<link rel=\"canonical\" href=\"https:\/\/multifarius.ee\/eng\/e-kursus-trigger-punktide-susteem\/\" \/>\n<meta property=\"og:locale\" content=\"en_US\" \/>\n<meta property=\"og:type\" content=\"article\" \/>\n<meta property=\"og:title\" content=\"E-kursus \u201eTrigger-punktide s\u00fcsteem\u201c\" \/>\n<meta property=\"og:description\" content=\"Trigger-punktid on massaa\u017eivaldkonnas, aga ka teistes valdkondades \u00fcks k\u00fcsitavaimaid, samas p\u00f5nevamaid teemasid, mida k\u00e4sitleda ja anal\u00fc\u00fcsida. Trigger-punktid on p\u00f5hjustanud omajagu eriarvamusi, mist\u00f5ttu on m\u00f5istlik k\u00f5iki neid seisukohti rahulikult ja p\u00f5hjalikult anal\u00fc\u00fcsida. E-kursuse p\u00f5hiline eesm\u00e4rk on mitmek\u00fclgselt anal\u00fc\u00fcsida trigger-punktide s\u00fcsteemi skeletilihaste kontekstis ning nende m\u00f5ju organismile kui tervikule. Samuti on\u00a0trigger-punkte m\u00f5istlik\u00a0k\u00e4sitleda paralleelselt massaa\u017eivaldkonnaga.\" \/>\n<meta property=\"og:url\" content=\"https:\/\/multifarius.ee\/eng\/e-kursus-trigger-punktide-susteem\/\" \/>\n<meta property=\"og:site_name\" content=\"TeadmisteRadar\" \/>\n<meta property=\"article:modified_time\" content=\"2024-05-17T10:13:32+00:00\" \/>\n<meta name=\"twitter:card\" content=\"summary_large_image\" \/>\n<meta name=\"twitter:label1\" content=\"Est. reading time\" \/>\n\t<meta name=\"twitter:data1\" content=\"2 minutes\" \/>\n<script type=\"application\/ld+json\" class=\"yoast-schema-graph\">{\"@context\":\"https:\\\/\\\/schema.org\",\"@graph\":[{\"@type\":\"WebPage\",\"@id\":\"https:\\\/\\\/multifarius.ee\\\/e-kursus-trigger-punktide-susteem\\\/\",\"url\":\"https:\\\/\\\/multifarius.ee\\\/e-kursus-trigger-punktide-susteem\\\/\",\"name\":\"E-kursus \u201eTrigger-punktide s\u00fcsteem\u201c - TeadmisteRadar\",\"isPartOf\":{\"@id\":\"https:\\\/\\\/multifarius.ee\\\/#website\"},\"datePublished\":\"2024-03-19T20:19:59+00:00\",\"dateModified\":\"2024-05-17T10:13:32+00:00\",\"breadcrumb\":{\"@id\":\"https:\\\/\\\/multifarius.ee\\\/e-kursus-trigger-punktide-susteem\\\/#breadcrumb\"},\"inLanguage\":\"en-US\",\"potentialAction\":[{\"@type\":\"ReadAction\",\"target\":[\"https:\\\/\\\/multifarius.ee\\\/e-kursus-trigger-punktide-susteem\\\/\"]}]},{\"@type\":\"BreadcrumbList\",\"@id\":\"https:\\\/\\\/multifarius.ee\\\/e-kursus-trigger-punktide-susteem\\\/#breadcrumb\",\"itemListElement\":[{\"@type\":\"ListItem\",\"position\":1,\"name\":\"Home\",\"item\":\"https:\\\/\\\/multifarius.ee\\\/\"},{\"@type\":\"ListItem\",\"position\":2,\"name\":\"E-kursus \u201eTrigger-punktide s\u00fcsteem\u201c\"}]},{\"@type\":\"WebSite\",\"@id\":\"https:\\\/\\\/multifarius.ee\\\/#website\",\"url\":\"https:\\\/\\\/multifarius.ee\\\/\",\"name\":\"TeadmisteRadar\",\"description\":\"Koolitused ja e-kursused\",\"publisher\":{\"@id\":\"https:\\\/\\\/multifarius.ee\\\/#organization\"},\"potentialAction\":[{\"@type\":\"SearchAction\",\"target\":{\"@type\":\"EntryPoint\",\"urlTemplate\":\"https:\\\/\\\/multifarius.ee\\\/?s={search_term_string}\"},\"query-input\":{\"@type\":\"PropertyValueSpecification\",\"valueRequired\":true,\"valueName\":\"search_term_string\"}}],\"inLanguage\":\"en-US\"},{\"@type\":\"Organization\",\"@id\":\"https:\\\/\\\/multifarius.ee\\\/#organization\",\"name\":\"TeadmisteRadar\",\"url\":\"https:\\\/\\\/multifarius.ee\\\/\",\"logo\":{\"@type\":\"ImageObject\",\"inLanguage\":\"en-US\",\"@id\":\"https:\\\/\\\/multifarius.ee\\\/#\\\/schema\\\/logo\\\/image\\\/\",\"url\":\"https:\\\/\\\/multifarius.ee\\\/wp-content\\\/uploads\\\/2022\\\/09\\\/tr-logo-uus3.png\",\"contentUrl\":\"https:\\\/\\\/multifarius.ee\\\/wp-content\\\/uploads\\\/2022\\\/09\\\/tr-logo-uus3.png\",\"width\":650,\"height\":143,\"caption\":\"TeadmisteRadar\"},\"image\":{\"@id\":\"https:\\\/\\\/multifarius.ee\\\/#\\\/schema\\\/logo\\\/image\\\/\"}}]}<\/script>\n<!-- \/ Yoast SEO Premium plugin. -->","yoast_head_json":{"title":"E-kursus \u201eTrigger-punktide s\u00fcsteem\u201c - TeadmisteRadar","robots":{"index":"index","follow":"follow","max-snippet":"max-snippet:-1","max-image-preview":"max-image-preview:large","max-video-preview":"max-video-preview:-1"},"canonical":"https:\/\/multifarius.ee\/eng\/e-kursus-trigger-punktide-susteem\/","og_locale":"en_US","og_type":"article","og_title":"E-kursus \u201eTrigger-punktide s\u00fcsteem\u201c","og_description":"Trigger-punktid on massaa\u017eivaldkonnas, aga ka teistes valdkondades \u00fcks k\u00fcsitavaimaid, samas p\u00f5nevamaid teemasid, mida k\u00e4sitleda ja anal\u00fc\u00fcsida. Trigger-punktid on p\u00f5hjustanud omajagu eriarvamusi, mist\u00f5ttu on m\u00f5istlik k\u00f5iki neid seisukohti rahulikult ja p\u00f5hjalikult anal\u00fc\u00fcsida. E-kursuse p\u00f5hiline eesm\u00e4rk on mitmek\u00fclgselt anal\u00fc\u00fcsida trigger-punktide s\u00fcsteemi skeletilihaste kontekstis ning nende m\u00f5ju organismile kui tervikule. Samuti on\u00a0trigger-punkte m\u00f5istlik\u00a0k\u00e4sitleda paralleelselt massaa\u017eivaldkonnaga.","og_url":"https:\/\/multifarius.ee\/eng\/e-kursus-trigger-punktide-susteem\/","og_site_name":"TeadmisteRadar","article_modified_time":"2024-05-17T10:13:32+00:00","twitter_card":"summary_large_image","twitter_misc":{"Est. reading time":"2 minutes"},"schema":{"@context":"https:\/\/schema.org","@graph":[{"@type":"WebPage","@id":"https:\/\/multifarius.ee\/e-kursus-trigger-punktide-susteem\/","url":"https:\/\/multifarius.ee\/e-kursus-trigger-punktide-susteem\/","name":"E-kursus \u201eTrigger-punktide s\u00fcsteem\u201c - TeadmisteRadar","isPartOf":{"@id":"https:\/\/multifarius.ee\/#website"},"datePublished":"2024-03-19T20:19:59+00:00","dateModified":"2024-05-17T10:13:32+00:00","breadcrumb":{"@id":"https:\/\/multifarius.ee\/e-kursus-trigger-punktide-susteem\/#breadcrumb"},"inLanguage":"en-US","potentialAction":[{"@type":"ReadAction","target":["https:\/\/multifarius.ee\/e-kursus-trigger-punktide-susteem\/"]}]},{"@type":"BreadcrumbList","@id":"https:\/\/multifarius.ee\/e-kursus-trigger-punktide-susteem\/#breadcrumb","itemListElement":[{"@type":"ListItem","position":1,"name":"Home","item":"https:\/\/multifarius.ee\/"},{"@type":"ListItem","position":2,"name":"E-kursus \u201eTrigger-punktide s\u00fcsteem\u201c"}]},{"@type":"WebSite","@id":"https:\/\/multifarius.ee\/#website","url":"https:\/\/multifarius.ee\/","name":"TeadmisteRadar","description":"Koolitused ja e-kursused","publisher":{"@id":"https:\/\/multifarius.ee\/#organization"},"potentialAction":[{"@type":"SearchAction","target":{"@type":"EntryPoint","urlTemplate":"https:\/\/multifarius.ee\/?s={search_term_string}"},"query-input":{"@type":"PropertyValueSpecification","valueRequired":true,"valueName":"search_term_string"}}],"inLanguage":"en-US"},{"@type":"Organization","@id":"https:\/\/multifarius.ee\/#organization","name":"TeadmisteRadar","url":"https:\/\/multifarius.ee\/","logo":{"@type":"ImageObject","inLanguage":"en-US","@id":"https:\/\/multifarius.ee\/#\/schema\/logo\/image\/","url":"https:\/\/multifarius.ee\/wp-content\/uploads\/2022\/09\/tr-logo-uus3.png","contentUrl":"https:\/\/multifarius.ee\/wp-content\/uploads\/2022\/09\/tr-logo-uus3.png","width":650,"height":143,"caption":"TeadmisteRadar"},"image":{"@id":"https:\/\/multifarius.ee\/#\/schema\/logo\/image\/"}}]}},"_links":{"self":[{"href":"https:\/\/multifarius.ee\/eng\/wp-json\/wp\/v2\/pages\/28715","targetHints":{"allow":["GET"]}}],"collection":[{"href":"https:\/\/multifarius.ee\/eng\/wp-json\/wp\/v2\/pages"}],"about":[{"href":"https:\/\/multifarius.ee\/eng\/wp-json\/wp\/v2\/types\/page"}],"author":[{"embeddable":true,"href":"https:\/\/multifarius.ee\/eng\/wp-json\/wp\/v2\/users\/6"}],"replies":[{"embeddable":true,"href":"https:\/\/multifarius.ee\/eng\/wp-json\/wp\/v2\/comments?post=28715"}],"version-history":[{"count":5,"href":"https:\/\/multifarius.ee\/eng\/wp-json\/wp\/v2\/pages\/28715\/revisions"}],"predecessor-version":[{"id":29921,"href":"https:\/\/multifarius.ee\/eng\/wp-json\/wp\/v2\/pages\/28715\/revisions\/29921"}],"wp:attachment":[{"href":"https:\/\/multifarius.ee\/eng\/wp-json\/wp\/v2\/media?parent=28715"}],"curies":[{"name":"wp","href":"https:\/\/api.w.org\/{rel}","templated":true}]}}