{"id":28710,"date":"2024-03-19T22:16:06","date_gmt":"2024-03-19T20:16:06","guid":{"rendered":"http:\/\/multifarius.ee\/?page_id=28710"},"modified":"2024-05-05T03:49:47","modified_gmt":"2024-05-05T00:49:47","slug":"lumfisusteemist-massoori-erialast-lahtuvalt","status":"publish","type":"page","link":"https:\/\/multifarius.ee\/eng\/lumfisusteemist-massoori-erialast-lahtuvalt\/","title":{"rendered":"Online course \u201cThe Lymphatic System from the Perspective of the Masseur's Profession\u201d"},"content":{"rendered":"<div data-elementor-type=\"wp-post\" data-elementor-id=\"28710\" class=\"elementor elementor-28710\" data-elementor-post-type=\"page\">\n\t\t\t\t\t\t<section class=\"has_ae_slider elementor-section elementor-top-section elementor-element elementor-element-1b29b69a elementor-section-boxed elementor-section-height-default elementor-section-height-default ae-bg-gallery-type-default\" data-id=\"1b29b69a\" data-element_type=\"section\" data-e-type=\"section\">\n\t\t\t\t\t\t<div class=\"elementor-container elementor-column-gap-default\">\n\t\t\t\t\t<div class=\"has_ae_slider elementor-column elementor-col-100 elementor-top-column elementor-element elementor-element-2ce57419 ae-bg-gallery-type-default\" data-id=\"2ce57419\" data-element_type=\"column\" data-e-type=\"column\">\n\t\t\t<div class=\"elementor-widget-wrap elementor-element-populated\">\n\t\t\t\t\t\t<div class=\"elementor-element elementor-element-a6f0d0e elementor-widget elementor-widget-spacer\" data-id=\"a6f0d0e\" data-element_type=\"widget\" data-e-type=\"widget\" data-widget_type=\"spacer.default\">\n\t\t\t\t<div class=\"elementor-widget-container\">\n\t\t\t\t\t\t\t<div class=\"elementor-spacer\">\n\t\t\t<div class=\"elementor-spacer-inner\"><\/div>\n\t\t<\/div>\n\t\t\t\t\t\t<\/div>\n\t\t\t\t<\/div>\n\t\t\t\t<div class=\"elementor-element elementor-element-3e09406 elementor-widget elementor-widget-text-editor\" data-id=\"3e09406\" data-element_type=\"widget\" data-e-type=\"widget\" data-widget_type=\"text-editor.default\">\n\t\t\t\t<div class=\"elementor-widget-container\">\n\t\t\t\t\t\t\t\t\t<p style=\"text-align: justify;\">In the online course \u201cThe Lymphatic System from the Perspective of the Masseur's Profession,\u201d two topics are focused on: the lymphatic system and the masseur's profession. Massage can affect different systems of the human body, including the lymphatic system. The lymphatic system can be addressed in several ways (e.g., the immune system, swelling, etc.). The lymphatic system can also be affected by different types of massage; the question is to what extent massage affects the lymphatic system and what effect it has on the human body as a whole. Consequently, the online course will detail the human lymphatic system and analyse the different parts of it from the view of the (lymphatic) massage. The analysis will be based not only on lymphatic massage but also on other types of massage.<\/p><p style=\"text-align: justify;\"><span style=\"font-size: 1.17em; font-style: normal; font-weight: 600;\">Requirements for starting a course<\/span><\/p><p style=\"font-size: 16px; font-style: normal; font-weight: 400; text-align: justify;\">In order to participate in the online course \"The Lymphatic System from the Perspective of the Masseur's Profession,\" you must have previously completed at least one type of massage (e.g. <a href=\"http:\/\/multifarius.ee\/eng\/syndmus\/klassikaline-massaaz-e-kursus\/\">Classical Massage<\/a>, <a href=\"http:\/\/multifarius.ee\/eng\/syndmus\/kupumassaazi-e-kursus\/\">Cupping Massage<\/a>, <a href=\"http:\/\/multifarius.ee\/eng\/syndmus\/situatsioonipohine-massaaz\/\">Situational Massage<\/a>, <a href=\"http:\/\/multifarius.ee\/eng\/syndmus\/tai-massaazi-e-kursus\/\">Thai Massage<\/a> or <a href=\"http:\/\/multifarius.ee\/eng\/syndmus\/spordimassaazi-e-kursus\/\">Sports Massage<\/a>) (online) course. The underlying reason is that the effects of massage on the lymphatic system can only be understood if there is prior knowledge of massage.\u00a0\u00a0<\/p><p style=\"font-size: 16px; font-style: normal; font-weight: 400; text-align: justify;\"><span style=\"font-size: 16px; color: var( --e-global-color-text );\">If you plan to participate in the Lymphatic System online course, please send copies of your certificates to koolitused@multifarius.ee after enrolling. In addition to previous studies, we also take work experience into account; for more information, please contact us.\u00a0<\/span><\/p><h3 style=\"font-style: normal; text-align: justify;\">\u00d5ppekava maht ja kestus; struktuur<\/h3><p style=\"text-align: justify;\">The duration of the online course \"The Lymphatic System from the Perspective of the Masseur's Profession\" is 30 academic hours, of which independent work (including online learning) is 30 academic hours. <a style=\"font-size: 16px; background-color: #ffffff;\" href=\"https:\/\/www.riigiteataja.ee\/akt\/110062015010#para9\">One academic hour is equal to 45 minutes<span style=\"color: #333333;\">.<\/span><\/a><\/p><p style=\"text-align: justify;\">The online course \"The Lymphatic System from the Perspective of the Masseur's Profession\" can be completed within 2 years after registration. The online course can be completed at one's preferred time and a suitable pace, as it is based on recorded video lectures.<\/p><p style=\"text-align: justify;\">In the future, you will find the structure of the online course \"The Lymphatic System from the Perspective of the Masseur's Profession\" <strong>here<\/strong>.\u00a0<\/p><h3 style=\"font-style: normal; text-align: justify;\">Learning outcomes and documents to be issued after the online course<\/h3><div style=\"text-align: justify;\"><p>In the online course \"The Lymphatic System from the Perspective of the Masseur's Profession,\" learning objectives are assessed. To achieve the learning outcomes, participants will be required to take multiple-choice tests and complete various tasks (e.g. answering short questions). A final test and a written examination are also compulsory. Upon achieving the learning outcomes, a certificate will be issued. If not all learning outcomes are achieved, a notice will be issued. A certificate will be issued on condition that at least 70% of the online course has been completed.\u00a0<\/p><p>Delivery of the notice or certificate within Estonia is free of charge; delivery further abroad is subject to agreement. <span style=\"color: var( --e-global-color-text ); font-size: 16px; font-style: normal; font-weight: 400; text-align: justify;\">\u00a0<\/span><\/p><\/div><div style=\"font-size: 16px; font-style: normal; font-weight: 400; text-align: justify;\"><h3>Topics of the online course<\/h3><p>The online course \"The Lymphatic System from the Perspective of the Masseur's Profession\" provides answers to the following questions:<\/p><ol style=\"font-size: 16px; font-style: normal; font-weight: 400; text-align: justify;\"><li style=\"font-size: 16px;\">What is the lymphatic system?\u00a0<\/li><li style=\"font-size: 16px;\">How to classify and distinguish between types of massage?\u00a0<\/li><li style=\"font-size: 16px;\">Which types of massage are most suitable if the aim is to affect the lymphatic system?<\/li><\/ol><p>The online course \"The Lymphatic System from the Perspective of the Masseur's Profession\" will discuss the following topics:<\/p><\/div><ol style=\"font-size: 16px; font-style: normal; font-weight: 400; text-align: justify;\"><li>anatomy and physiology of the lymphatic system;<\/li><li>indications and contraindications for lymphatic massage;<\/li><li>lymphatic system in relation<span style=\"font-size: 16px; font-style: normal; font-weight: 400;\">\u00a0to other systems\u00a0<\/span>of the human body;\u00a0<\/li><li>structure of the massage session for affecting the lymphatic system.\u00a0\u00a0<\/li><\/ol><h3 style=\"font-style: normal; text-align: justify;\">In addition to the online course \"The Lymphatic System from the Perspective of the Masseur's Profession,\" what other online courses could I take?<\/h3><p style=\"text-align: justify;\" class=\"translation-block\"><span style=\"font-size: 16px\">The online course \"The Lymphatic System from the Perspective of the Masseur's Profession\" is related to the field of massage; therefore, it is worth considering taking other <a href=\"http:\/\/multifarius.ee\/eng\/sundmused\/\" target=\"_self\">massage-related online courses<\/a>.<\/span><\/p><p style=\"text-align: justify;\" class=\"translation-block\"><span style=\"font-size: 16px\">As the lymphatic system is<\/span><span style=\"font-size: 16px;font-style: normal;font-weight: 400\"> <\/span><span style=\"font-size: 16px;font-style: normal;font-weight: 400\">one of many systems <\/span><span style=\"font-size: 16px\">of the human body, it would be wise to also acquire knowledge <\/span><span style=\"font-size: 16px;font-style: normal;font-weight: 400\">of other systems <\/span><span style=\"font-size: 16px\">of the human body. These systems will be discussed  in the <a href=\"http:\/\/multifarius.ee\/eng\/anatoomia-ja-fusioloogia\/\" target=\"_self\">Human Anatomy and Physiology<\/a> and <a href=\"http:\/\/multifarius.ee\/eng\/funktsionaalne-anatoomia\/\" target=\"_self\">Functional Anatomy<\/a> online courses.<\/span><span style=\"font-size: 16px\">  <\/span><\/p><h3 style=\"font-style: normal; text-align: justify;\">Where can I register for the online course \"The Lymphatic System from the Perspective of the Masseur's Profession\"?<\/h3><p style=\"font-size: 16px; font-style: normal; text-align: justify;\"><span style=\"font-size: 16px;\">You can register for the online course \"The Lymphatic System from the Perspective of the Masseur's Profession\" <a href=\"http:\/\/multifarius.ee\/eng\/syndmus\/lumfisusteemist-massoori-eriala-vaates\/\"><b>here<\/b><\/a><\/span><span style=\"color: #333333;\">.<\/span><\/p><p style=\"font-size: 16px; font-style: normal; font-weight: 400; text-align: justify;\"><span style=\"font-size: 1.17em; font-style: normal; font-weight: 600;\">Any question? Send us an email!\u00a0<\/span><\/p><h3 style=\"font-size: 16px; font-style: normal; font-weight: 400; text-align: justify;\"><span style=\"font-size: 16px; font-style: normal; font-weight: 400; color: var( --e-global-color-text ); text-align: start;\">\n<div class=\"wpcf7 no-js\" id=\"wpcf7-f7-o1\" lang=\"en-US\" dir=\"ltr\" data-wpcf7-id=\"7\">\n<div class=\"screen-reader-response\"><p role=\"status\" aria-live=\"polite\" aria-atomic=\"true\"><\/p> <ul><\/ul><\/div>\n<form action=\"\/eng\/wp-json\/wp\/v2\/pages\/28710#wpcf7-f7-o1\" method=\"post\" class=\"wpcf7-form init\" aria-label=\"Contact form\" novalidate=\"novalidate\" data-status=\"init\" data-trp-original-action=\"\/eng\/wp-json\/wp\/v2\/pages\/28710#wpcf7-f7-o1\">\n<fieldset class=\"hidden-fields-container\"><input type=\"hidden\" name=\"_wpcf7\" value=\"7\" \/><input type=\"hidden\" name=\"_wpcf7_version\" value=\"6.1.5\" \/><input type=\"hidden\" name=\"_wpcf7_locale\" value=\"en_US\" \/><input type=\"hidden\" name=\"_wpcf7_unit_tag\" value=\"wpcf7-f7-o1\" \/><input type=\"hidden\" name=\"_wpcf7_container_post\" value=\"0\" \/><input type=\"hidden\" name=\"_wpcf7_posted_data_hash\" value=\"\" \/><input type=\"hidden\" name=\"_wpcf7_recaptcha_response\" value=\"\" \/>\n<\/fieldset>\n<p><label> Your name<br \/>\n<span class=\"wpcf7-form-control-wrap\" data-name=\"your-name\"><input size=\"40\" maxlength=\"400\" class=\"wpcf7-form-control wpcf7-text wpcf7-validates-as-required\" aria-required=\"true\" aria-invalid=\"false\" value=\"\" type=\"text\" name=\"your-name\" \/><\/span> <\/label>\n<\/p>\n<p><label> Your e-mail address<br \/>\n<span class=\"wpcf7-form-control-wrap\" data-name=\"your-email\"><input size=\"40\" maxlength=\"400\" class=\"wpcf7-form-control wpcf7-email wpcf7-validates-as-required wpcf7-text wpcf7-validates-as-email\" aria-required=\"true\" aria-invalid=\"false\" value=\"\" type=\"email\" name=\"your-email\" \/><\/span> <\/label>\n<\/p>\n<p><label> Subject<br \/>\n<span class=\"wpcf7-form-control-wrap\" data-name=\"your-subject\"><input size=\"40\" maxlength=\"400\" class=\"wpcf7-form-control wpcf7-text\" aria-invalid=\"false\" value=\"\" type=\"text\" name=\"your-subject\" \/><\/span> <\/label>\n<\/p>\n<p><label> Content of the topic (text)<br \/>\n<span class=\"wpcf7-form-control-wrap\" data-name=\"your-message\"><textarea cols=\"40\" rows=\"5\" maxlength=\"2000\" class=\"wpcf7-form-control wpcf7-textarea\" aria-invalid=\"false\" name=\"your-message\"><\/textarea><\/span> <\/label>\n<\/p>\n\n<p><input class=\"wpcf7-form-control wpcf7-submit has-spinner\" type=\"submit\" value=\"Send a letter!\" \/>\n<\/p><div class=\"wpcf7-response-output\" aria-hidden=\"true\"><\/div>\n<input type=\"hidden\" name=\"trp-form-language\" value=\"eng\"\/><\/form>\n<\/div>\n<\/span><span style=\"font-size: 16px; font-style: normal; font-weight: 400; color: var( --e-global-color-text );\">\u00a0<\/span><\/h3>\t\t\t\t\t\t\t\t<\/div>\n\t\t\t\t<\/div>\n\t\t\t\t\t<\/div>\n\t\t<\/div>\n\t\t\t\t\t<\/div>\n\t\t<\/section>\n\t\t\t\t<\/div>","protected":false},"excerpt":{"rendered":"<p>In the online course \u201cThe Lymphatic System from the Perspective of the Masseur's Profession,\u201d two topics are focused on: the lymphatic system and the masseur's profession. Massage can affect different systems of the human body, including the lymphatic system. The lymphatic system can be addressed in several ways (e.g., the immune system, swelling, etc.). The lymphatic system can also be affected by different types of massage; the question is to what extent massage affects the lymphatic system and what effect it has on the human body as a whole. Consequently, the online course will detail the human lymphatic system and analyse the different parts of it from the view of the (lymphatic) massage. The analysis will be based not only on lymphatic massage but also on other types of massage.<\/p>","protected":false},"author":6,"featured_media":0,"parent":0,"menu_order":0,"comment_status":"closed","ping_status":"closed","template":"","meta":{"_monsterinsights_skip_tracking":false,"_monsterinsights_sitenote_active":false,"_monsterinsights_sitenote_note":"","_monsterinsights_sitenote_category":0,"site-sidebar-layout":"right-sidebar","site-content-layout":"plain-container","ast-site-content-layout":"default","site-content-style":"default","site-sidebar-style":"default","ast-global-header-display":"","ast-banner-title-visibility":"","ast-main-header-display":"","ast-hfb-above-header-display":"","ast-hfb-below-header-display":"","ast-hfb-mobile-header-display":"","site-post-title":"","ast-breadcrumbs-content":"","ast-featured-img":"","footer-sml-layout":"","ast-disable-related-posts":"","theme-transparent-header-meta":"default","adv-header-id-meta":"","stick-header-meta":"","header-above-stick-meta":"","header-main-stick-meta":"","header-below-stick-meta":"","astra-migrate-meta-layouts":"default","ast-page-background-enabled":"default","ast-page-background-meta":{"desktop":{"background-color":"","background-image":"","background-repeat":"repeat","background-position":"center center","background-size":"auto","background-attachment":"scroll","background-type":"","background-media":"","overlay-type":"","overlay-color":"","overlay-opacity":"","overlay-gradient":""},"tablet":{"background-color":"","background-image":"","background-repeat":"repeat","background-position":"center center","background-size":"auto","background-attachment":"scroll","background-type":"","background-media":"","overlay-type":"","overlay-color":"","overlay-opacity":"","overlay-gradient":""},"mobile":{"background-color":"","background-image":"","background-repeat":"repeat","background-position":"center center","background-size":"auto","background-attachment":"scroll","background-type":"","background-media":"","overlay-type":"","overlay-color":"","overlay-opacity":"","overlay-gradient":""}},"ast-content-background-meta":{"desktop":{"background-color":"var(--ast-global-color-5)","background-image":"","background-repeat":"repeat","background-position":"center center","background-size":"auto","background-attachment":"scroll","background-type":"","background-media":"","overlay-type":"","overlay-color":"","overlay-opacity":"","overlay-gradient":""},"tablet":{"background-color":"var(--ast-global-color-5)","background-image":"","background-repeat":"repeat","background-position":"center center","background-size":"auto","background-attachment":"scroll","background-type":"","background-media":"","overlay-type":"","overlay-color":"","overlay-opacity":"","overlay-gradient":""},"mobile":{"background-color":"var(--ast-global-color-5)","background-image":"","background-repeat":"repeat","background-position":"center center","background-size":"auto","background-attachment":"scroll","background-type":"","background-media":"","overlay-type":"","overlay-color":"","overlay-opacity":"","overlay-gradient":""}},"footnotes":""},"class_list":["post-28710","page","type-page","status-publish","hentry"],"yoast_head":"<!-- This site is optimized with the Yoast SEO Premium plugin v24.4 (Yoast SEO v27.3) - https:\/\/yoast.com\/product\/yoast-seo-premium-wordpress\/ -->\n<title>E-kursus \u201eL\u00fcmfis\u00fcsteemist mass\u00f6\u00f6ri eriala vaates\u201c - TeadmisteRadar<\/title>\n<meta name=\"robots\" content=\"index, follow, max-snippet:-1, max-image-preview:large, max-video-preview:-1\" \/>\n<link rel=\"canonical\" href=\"https:\/\/multifarius.ee\/eng\/lumfisusteemist-massoori-erialast-lahtuvalt\/\" \/>\n<meta property=\"og:locale\" content=\"en_US\" \/>\n<meta property=\"og:type\" content=\"article\" \/>\n<meta property=\"og:title\" content=\"E-kursus \u201eL\u00fcmfis\u00fcsteemist mass\u00f6\u00f6ri eriala vaates\u201c\" \/>\n<meta property=\"og:description\" content=\"E-kursusel \u201eL\u00fcmfis\u00fcsteemist mass\u00f6\u00f6ri eriala vaates\u201c on kesksel kohal kaks asja: l\u00fcmfis\u00fcsteem ja mass\u00f6\u00f6ri eriala. Massaa\u017eil on inimkehale palju kasulikke toimeid; muuhulgas saab massaa\u017eiga m\u00f5jutada inimkeha erinevaid s\u00fcsteeme, sh ka l\u00fcmfis\u00fcsteemi. L\u00fcmfis\u00fcsteemi saab omakorda k\u00e4sitleda mitmest aspektist (nt immuuns\u00fcsteemi vaatest, tursete tekkest jne) l\u00e4htuvalt. Samuti saab l\u00fcmfis\u00fcsteemi m\u00f5jutada erinevate massaa\u017eiliikidega. P\u00f5hik\u00fcsimused on: millises ulatuses m\u00f5jutab massaa\u017e l\u00fcmfis\u00fcsteemi ja millist m\u00f5ju avaldab massaa\u017e inimkehale kui tervikule? Nendest tulenevalt v\u00f5etakse e-kursusel inimese l\u00fcmfis\u00fcsteem detailseteks osadeks ning anal\u00fc\u00fcsitakse erinevaid osasid (l\u00fcmfi)massaa\u017eist l\u00e4htuvalt. Anal\u00fc\u00fcsi ei teostata ainult l\u00fcmfimassaa\u017ei, vaid ka teiste massaa\u017eiliikide p\u00f5hiselt.\" \/>\n<meta property=\"og:url\" content=\"https:\/\/multifarius.ee\/eng\/lumfisusteemist-massoori-erialast-lahtuvalt\/\" \/>\n<meta property=\"og:site_name\" content=\"TeadmisteRadar\" \/>\n<meta property=\"article:modified_time\" content=\"2024-05-05T00:49:47+00:00\" \/>\n<meta name=\"twitter:card\" content=\"summary_large_image\" \/>\n<meta name=\"twitter:label1\" content=\"Est. reading time\" \/>\n\t<meta name=\"twitter:data1\" content=\"3 minutes\" \/>\n<script type=\"application\/ld+json\" class=\"yoast-schema-graph\">{\"@context\":\"https:\\\/\\\/schema.org\",\"@graph\":[{\"@type\":\"WebPage\",\"@id\":\"https:\\\/\\\/multifarius.ee\\\/lumfisusteemist-massoori-erialast-lahtuvalt\\\/\",\"url\":\"https:\\\/\\\/multifarius.ee\\\/lumfisusteemist-massoori-erialast-lahtuvalt\\\/\",\"name\":\"E-kursus \u201eL\u00fcmfis\u00fcsteemist mass\u00f6\u00f6ri eriala vaates\u201c - TeadmisteRadar\",\"isPartOf\":{\"@id\":\"https:\\\/\\\/multifarius.ee\\\/#website\"},\"datePublished\":\"2024-03-19T20:16:06+00:00\",\"dateModified\":\"2024-05-05T00:49:47+00:00\",\"breadcrumb\":{\"@id\":\"https:\\\/\\\/multifarius.ee\\\/lumfisusteemist-massoori-erialast-lahtuvalt\\\/#breadcrumb\"},\"inLanguage\":\"en-US\",\"potentialAction\":[{\"@type\":\"ReadAction\",\"target\":[\"https:\\\/\\\/multifarius.ee\\\/lumfisusteemist-massoori-erialast-lahtuvalt\\\/\"]}]},{\"@type\":\"BreadcrumbList\",\"@id\":\"https:\\\/\\\/multifarius.ee\\\/lumfisusteemist-massoori-erialast-lahtuvalt\\\/#breadcrumb\",\"itemListElement\":[{\"@type\":\"ListItem\",\"position\":1,\"name\":\"Home\",\"item\":\"https:\\\/\\\/multifarius.ee\\\/\"},{\"@type\":\"ListItem\",\"position\":2,\"name\":\"E-kursus \u201eL\u00fcmfis\u00fcsteemist mass\u00f6\u00f6ri eriala vaates\u201c\"}]},{\"@type\":\"WebSite\",\"@id\":\"https:\\\/\\\/multifarius.ee\\\/#website\",\"url\":\"https:\\\/\\\/multifarius.ee\\\/\",\"name\":\"TeadmisteRadar\",\"description\":\"Koolitused ja e-kursused\",\"publisher\":{\"@id\":\"https:\\\/\\\/multifarius.ee\\\/#organization\"},\"potentialAction\":[{\"@type\":\"SearchAction\",\"target\":{\"@type\":\"EntryPoint\",\"urlTemplate\":\"https:\\\/\\\/multifarius.ee\\\/?s={search_term_string}\"},\"query-input\":{\"@type\":\"PropertyValueSpecification\",\"valueRequired\":true,\"valueName\":\"search_term_string\"}}],\"inLanguage\":\"en-US\"},{\"@type\":\"Organization\",\"@id\":\"https:\\\/\\\/multifarius.ee\\\/#organization\",\"name\":\"TeadmisteRadar\",\"url\":\"https:\\\/\\\/multifarius.ee\\\/\",\"logo\":{\"@type\":\"ImageObject\",\"inLanguage\":\"en-US\",\"@id\":\"https:\\\/\\\/multifarius.ee\\\/#\\\/schema\\\/logo\\\/image\\\/\",\"url\":\"https:\\\/\\\/multifarius.ee\\\/wp-content\\\/uploads\\\/2022\\\/09\\\/tr-logo-uus3.png\",\"contentUrl\":\"https:\\\/\\\/multifarius.ee\\\/wp-content\\\/uploads\\\/2022\\\/09\\\/tr-logo-uus3.png\",\"width\":650,\"height\":143,\"caption\":\"TeadmisteRadar\"},\"image\":{\"@id\":\"https:\\\/\\\/multifarius.ee\\\/#\\\/schema\\\/logo\\\/image\\\/\"}}]}<\/script>\n<!-- \/ Yoast SEO Premium plugin. -->","yoast_head_json":{"title":"E-kursus \u201eL\u00fcmfis\u00fcsteemist mass\u00f6\u00f6ri eriala vaates\u201c - TeadmisteRadar","robots":{"index":"index","follow":"follow","max-snippet":"max-snippet:-1","max-image-preview":"max-image-preview:large","max-video-preview":"max-video-preview:-1"},"canonical":"https:\/\/multifarius.ee\/eng\/lumfisusteemist-massoori-erialast-lahtuvalt\/","og_locale":"en_US","og_type":"article","og_title":"E-kursus \u201eL\u00fcmfis\u00fcsteemist mass\u00f6\u00f6ri eriala vaates\u201c","og_description":"E-kursusel \u201eL\u00fcmfis\u00fcsteemist mass\u00f6\u00f6ri eriala vaates\u201c on kesksel kohal kaks asja: l\u00fcmfis\u00fcsteem ja mass\u00f6\u00f6ri eriala. Massaa\u017eil on inimkehale palju kasulikke toimeid; muuhulgas saab massaa\u017eiga m\u00f5jutada inimkeha erinevaid s\u00fcsteeme, sh ka l\u00fcmfis\u00fcsteemi. L\u00fcmfis\u00fcsteemi saab omakorda k\u00e4sitleda mitmest aspektist (nt immuuns\u00fcsteemi vaatest, tursete tekkest jne) l\u00e4htuvalt. Samuti saab l\u00fcmfis\u00fcsteemi m\u00f5jutada erinevate massaa\u017eiliikidega. P\u00f5hik\u00fcsimused on: millises ulatuses m\u00f5jutab massaa\u017e l\u00fcmfis\u00fcsteemi ja millist m\u00f5ju avaldab massaa\u017e inimkehale kui tervikule? Nendest tulenevalt v\u00f5etakse e-kursusel inimese l\u00fcmfis\u00fcsteem detailseteks osadeks ning anal\u00fc\u00fcsitakse erinevaid osasid (l\u00fcmfi)massaa\u017eist l\u00e4htuvalt. Anal\u00fc\u00fcsi ei teostata ainult l\u00fcmfimassaa\u017ei, vaid ka teiste massaa\u017eiliikide p\u00f5hiselt.","og_url":"https:\/\/multifarius.ee\/eng\/lumfisusteemist-massoori-erialast-lahtuvalt\/","og_site_name":"TeadmisteRadar","article_modified_time":"2024-05-05T00:49:47+00:00","twitter_card":"summary_large_image","twitter_misc":{"Est. reading time":"3 minutes"},"schema":{"@context":"https:\/\/schema.org","@graph":[{"@type":"WebPage","@id":"https:\/\/multifarius.ee\/lumfisusteemist-massoori-erialast-lahtuvalt\/","url":"https:\/\/multifarius.ee\/lumfisusteemist-massoori-erialast-lahtuvalt\/","name":"E-kursus \u201eL\u00fcmfis\u00fcsteemist mass\u00f6\u00f6ri eriala vaates\u201c - TeadmisteRadar","isPartOf":{"@id":"https:\/\/multifarius.ee\/#website"},"datePublished":"2024-03-19T20:16:06+00:00","dateModified":"2024-05-05T00:49:47+00:00","breadcrumb":{"@id":"https:\/\/multifarius.ee\/lumfisusteemist-massoori-erialast-lahtuvalt\/#breadcrumb"},"inLanguage":"en-US","potentialAction":[{"@type":"ReadAction","target":["https:\/\/multifarius.ee\/lumfisusteemist-massoori-erialast-lahtuvalt\/"]}]},{"@type":"BreadcrumbList","@id":"https:\/\/multifarius.ee\/lumfisusteemist-massoori-erialast-lahtuvalt\/#breadcrumb","itemListElement":[{"@type":"ListItem","position":1,"name":"Home","item":"https:\/\/multifarius.ee\/"},{"@type":"ListItem","position":2,"name":"E-kursus \u201eL\u00fcmfis\u00fcsteemist mass\u00f6\u00f6ri eriala vaates\u201c"}]},{"@type":"WebSite","@id":"https:\/\/multifarius.ee\/#website","url":"https:\/\/multifarius.ee\/","name":"TeadmisteRadar","description":"Koolitused ja e-kursused","publisher":{"@id":"https:\/\/multifarius.ee\/#organization"},"potentialAction":[{"@type":"SearchAction","target":{"@type":"EntryPoint","urlTemplate":"https:\/\/multifarius.ee\/?s={search_term_string}"},"query-input":{"@type":"PropertyValueSpecification","valueRequired":true,"valueName":"search_term_string"}}],"inLanguage":"en-US"},{"@type":"Organization","@id":"https:\/\/multifarius.ee\/#organization","name":"TeadmisteRadar","url":"https:\/\/multifarius.ee\/","logo":{"@type":"ImageObject","inLanguage":"en-US","@id":"https:\/\/multifarius.ee\/#\/schema\/logo\/image\/","url":"https:\/\/multifarius.ee\/wp-content\/uploads\/2022\/09\/tr-logo-uus3.png","contentUrl":"https:\/\/multifarius.ee\/wp-content\/uploads\/2022\/09\/tr-logo-uus3.png","width":650,"height":143,"caption":"TeadmisteRadar"},"image":{"@id":"https:\/\/multifarius.ee\/#\/schema\/logo\/image\/"}}]}},"_links":{"self":[{"href":"https:\/\/multifarius.ee\/eng\/wp-json\/wp\/v2\/pages\/28710","targetHints":{"allow":["GET"]}}],"collection":[{"href":"https:\/\/multifarius.ee\/eng\/wp-json\/wp\/v2\/pages"}],"about":[{"href":"https:\/\/multifarius.ee\/eng\/wp-json\/wp\/v2\/types\/page"}],"author":[{"embeddable":true,"href":"https:\/\/multifarius.ee\/eng\/wp-json\/wp\/v2\/users\/6"}],"replies":[{"embeddable":true,"href":"https:\/\/multifarius.ee\/eng\/wp-json\/wp\/v2\/comments?post=28710"}],"version-history":[{"count":5,"href":"https:\/\/multifarius.ee\/eng\/wp-json\/wp\/v2\/pages\/28710\/revisions"}],"predecessor-version":[{"id":28801,"href":"https:\/\/multifarius.ee\/eng\/wp-json\/wp\/v2\/pages\/28710\/revisions\/28801"}],"wp:attachment":[{"href":"https:\/\/multifarius.ee\/eng\/wp-json\/wp\/v2\/media?parent=28710"}],"curies":[{"name":"wp","href":"https:\/\/api.w.org\/{rel}","templated":true}]}}