{"id":17228,"date":"2022-03-21T14:47:27","date_gmt":"2022-03-21T12:47:27","guid":{"rendered":"http:\/\/multifarius.ee\/?page_id=17228"},"modified":"2024-05-13T15:55:35","modified_gmt":"2024-05-13T12:55:35","slug":"tai-massaaz","status":"publish","type":"page","link":"https:\/\/multifarius.ee\/eng\/tai-massaaz\/","title":{"rendered":"Thai Massage online course"},"content":{"rendered":"<div data-elementor-type=\"wp-post\" data-elementor-id=\"17228\" class=\"elementor elementor-17228\" data-elementor-post-type=\"page\">\n\t\t\t\t\t\t<section class=\"has_ae_slider elementor-section elementor-top-section elementor-element elementor-element-170c186 elementor-section-boxed elementor-section-height-default elementor-section-height-default ae-bg-gallery-type-default\" data-id=\"170c186\" data-element_type=\"section\" data-e-type=\"section\">\n\t\t\t\t\t\t<div class=\"elementor-container elementor-column-gap-default\">\n\t\t\t\t\t<div class=\"has_ae_slider elementor-column elementor-col-100 elementor-top-column elementor-element elementor-element-9b02ba8 ae-bg-gallery-type-default\" data-id=\"9b02ba8\" data-element_type=\"column\" data-e-type=\"column\">\n\t\t\t<div class=\"elementor-widget-wrap elementor-element-populated\">\n\t\t\t\t\t\t<div class=\"elementor-element elementor-element-0bd76e6 elementor-button-success oppekava-ruhm elementor-widget elementor-widget-global elementor-global-12948 elementor-widget-button\" data-id=\"0bd76e6\" data-element_type=\"widget\" data-e-type=\"widget\" data-widget_type=\"button.default\">\n\t\t\t\t<div class=\"elementor-widget-container\">\n\t\t\t\t\t\t\t\t\t<div class=\"elementor-button-wrapper\">\n\t\t\t\t\t<a class=\"elementor-button elementor-button-link elementor-size-sm\" href=\"#\">\n\t\t\t\t\t\t<span class=\"elementor-button-content-wrapper\">\n\t\t\t\t\t\t\t\t\t<span class=\"elementor-button-text\">Therapy and rehabilitation<\/span>\n\t\t\t\t\t<\/span>\n\t\t\t\t\t<\/a>\n\t\t\t\t<\/div>\n\t\t\t\t\t\t\t\t<\/div>\n\t\t\t\t<\/div>\n\t\t\t\t<div class=\"elementor-element elementor-element-4dc630d elementor-widget elementor-widget-spacer\" data-id=\"4dc630d\" data-element_type=\"widget\" data-e-type=\"widget\" data-widget_type=\"spacer.default\">\n\t\t\t\t<div class=\"elementor-widget-container\">\n\t\t\t\t\t\t\t<div class=\"elementor-spacer\">\n\t\t\t<div class=\"elementor-spacer-inner\"><\/div>\n\t\t<\/div>\n\t\t\t\t\t\t<\/div>\n\t\t\t\t<\/div>\n\t\t\t\t\t<\/div>\n\t\t<\/div>\n\t\t\t\t\t<\/div>\n\t\t<\/section>\n\t\t\t\t<section class=\"has_ae_slider elementor-section elementor-top-section elementor-element elementor-element-291abce elementor-section-boxed elementor-section-height-default elementor-section-height-default ae-bg-gallery-type-default\" data-id=\"291abce\" data-element_type=\"section\" data-e-type=\"section\">\n\t\t\t\t\t\t<div class=\"elementor-container elementor-column-gap-default\">\n\t\t\t\t\t<div class=\"has_ae_slider elementor-column elementor-col-100 elementor-top-column elementor-element elementor-element-54ba887 ae-bg-gallery-type-default\" data-id=\"54ba887\" data-element_type=\"column\" data-e-type=\"column\">\n\t\t\t<div class=\"elementor-widget-wrap elementor-element-populated\">\n\t\t\t\t\t\t<div class=\"elementor-element elementor-element-b3c0792 elementor-widget elementor-widget-text-editor\" data-id=\"b3c0792\" data-element_type=\"widget\" data-e-type=\"widget\" data-widget_type=\"text-editor.default\">\n\t\t\t\t<div class=\"elementor-widget-container\">\n\t\t\t\t\t\t\t\t\t<div style=\"text-align: justify;\">Thai Massage is one of the most beneficial types of massage for human health, as practically all skeletal muscles, joints, and other systems of the human body are affected during a massage session. The Thai Massage is performed while the client is in different positions: prone, supine, side-lying, or sitting. Thai Massage is performed on the floor on a special mat or a massage table. During the Thai Massage session, various positions ensure that skeletal muscles, ligaments, joints, and other structures are thoroughly influenced. Therefore, Thai Massage can be considered one of the most beneficial types of massage ever developed in the field of massage. Another name for Thai massage is Thai Yoga Massage, which indirectly specifies the benefits of this type of massage for the human body.<\/div><div style=\"text-align: justify;\"><span style=\"color: #353535; font-size: 16px; font-style: normal; font-weight: 400;\">\u00a0<\/span><\/div><div style=\"text-align: justify;\"><h3>Prerequisites for starting studies<\/h3><p style=\"text-align: justify;\"><span style=\"color: #353535; font-size: 16px; font-style: normal; font-weight: 400;\">The Thai massage online course is open to anyone interested in learning about Thai massage. There are no prerequisites for participation, as Thai massage is a different type of massage than conventional Western massage (classical, sports, segmental, lymphatic, etc.).<\/span><\/p><\/div><h3 style=\"font-style: normal; text-align: justify;\"><span style=\"font-size: 1.17em; font-weight: 600;\">Volume, duration, and structure of the online course<\/span><\/h3><p style=\"font-size: 16px; font-style: normal; font-weight: 400; text-align: justify;\">The Thai Massage online course volume is 30 academic hours, of which 30 academic hours are independent learning (including e-learning). <a style=\"font-size: 16px;\" href=\"https:\/\/www.riigiteataja.ee\/akt\/119032019093#para9\">One academic hour is equal to 45 minutes<\/a>.\u00a0<\/p><p style=\"text-align: justify;\">The Thai Massage online course can be accessed for two years after enrolment. It is based on recorded video lectures and can be completed at a time and pace that suits you.\u00a0\u00a0<\/p><p style=\"text-align: justify;\">You can find the structure of the Thai Massage online course <strong><a href=\"http:\/\/multifarius.ee\/eng\/course\/tai-massaaz-teooria\/\">here<\/a><\/strong>.\u00a0<\/p><p style=\"font-size: 16px; font-style: normal; font-weight: 400; text-align: justify;\"><span style=\"font-size: 1.17em; font-style: normal; font-weight: 600;\">Learning outcomes of the curriculum and documents to be issued after the online course<\/span><\/p><div style=\"text-align: justify;\"><p>Thai massage online course assesses the achievement of learning outcomes. To achieve the learning objectives, participants have to pass multiple-choice tests successfully, various written tasks (answering short questions, etc.), the final test, and the written examination. A certificate will be awarded upon achievement of the learning outcomes. If not all learning objectives are achieved, a notice will be issued. The notice is issued on condition that at least 70% of the online course has been completed.\u00a0<\/p><p>A notice and a certificate can be sent free of charge within Estonia; sending abroad is subject to agreement. We can also issue an electronic certificate on request.\u00a0<\/p><h4 style=\"font-size: 16px; font-style: normal; font-weight: 400; text-align: justify;\"><span style=\"font-size: 1.17em; font-style: normal; font-weight: 600;\">Learning outcomes\u00a0<\/span><\/h4><p>Successful completion of the online course means that the participant has achieved the following learning outcomes:<\/p><ol style=\"font-size: 16px; font-style: normal; font-weight: 400;\"><li><span style=\"font-size: 16px;\">(text is being inserted)<\/span><\/li><\/ol><h3>Topics of the Thai massage online course<\/h3><p>The Thai Massage online course first answers whether Thai Massage is, in substance, a Western or an Eastern form of massage.<\/p><p><span style=\"font-size: 16px;\">The following topics will then be discussed:\u00a0<\/span><\/p><ol><li>structure of the Thai massage session;<\/li><li>skeletal muscles and other systems of the human body to be affected;<\/li><li>basic movements of the human body;<\/li><li>general system of massage techniques used in Thai massage;<\/li><li>the logic of derivation of stretching movements;\u00a0<\/li><li>Thai massage massage techniques in the prone position;<\/li><li>Thai massage massage techniques in the supine position;<\/li><li>Thai massage massage techniques in lateral position;<\/li><li>Thai massage techniques in a sitting position;<\/li><li>Thai massage massage techniques on a massage table;<\/li><li>analysis of massage techniques;<\/li><li>etc.<\/li><\/ol><h3>In addition to the Thai Massage online course, what other online courses could I participate in?<\/h3><p class=\"translation-block\">In Thai massage, the focus is on affectioning the skeletal muscles through both massage and stretching techniques. For a structured learning experience, it is recommended that you complete the Thai massage online course first, followed by the\u00a0<a href=\"http:\/\/multifarius.ee\/eng\/syndmus\/funktsionaalne-anatoomia-ekursus\/\" target=\"_self\">Functional Anatomy online course<\/a>. This sequence allows you to build a solid foundation in Thai massage <span style=\"font-size: 16px;font-style: normal;font-weight: 400\">techniques and deepen your understanding of the skeletal muscles, essential <\/span><span style=\"font-size: 16px;font-style: normal;font-weight: 400\">for implementing the stretching techniques in  <\/span><span style=\"font-size: 16px\">Thai massage.<\/span><\/p><p class=\"translation-block\">If you want to understand the workings of the human body more specifically and systematically, you should consider <a href=\"http:\/\/multifarius.ee\/eng\/syndmus\/kinesioloogia\/\" target=\"_self\">Kinesiology<\/a> and <a href=\"http:\/\/multifarius.ee\/eng\/situatsioonipohine-massaaz\/\" target=\"_self\">Situational Massage<\/a> online courses. With these two online courses, the understanding of the skeletal muscle system can be developed even higher.<\/p><\/div><h3 style=\"text-align: justify;\">Where can I enrol for a Thai massage online course?<\/h3><p style=\"font-style: normal; text-align: justify;\"><span style=\"font-size: 16px; font-style: normal; font-weight: 400;\">You can find the Thai massage online course in <\/span><a href=\"http:\/\/multifarius.ee\/eng\/syndmus\/tai-massaazi-e-kursus\/\"><strong>here<\/strong><span style=\"color: #333333;\">.<\/span><\/a><\/p><h3 style=\"text-align: justify;\">Any question? Send us an email!\u00a0<\/h3><p style=\"text-align: justify;\">\n<div class=\"wpcf7 no-js\" id=\"wpcf7-f7-o1\" lang=\"en-US\" dir=\"ltr\" data-wpcf7-id=\"7\">\n<div class=\"screen-reader-response\"><p role=\"status\" aria-live=\"polite\" aria-atomic=\"true\"><\/p> <ul><\/ul><\/div>\n<form action=\"\/eng\/wp-json\/wp\/v2\/pages\/17228#wpcf7-f7-o1\" method=\"post\" class=\"wpcf7-form init\" aria-label=\"Contact form\" novalidate=\"novalidate\" data-status=\"init\" data-trp-original-action=\"\/eng\/wp-json\/wp\/v2\/pages\/17228#wpcf7-f7-o1\">\n<fieldset class=\"hidden-fields-container\"><input type=\"hidden\" name=\"_wpcf7\" value=\"7\" \/><input type=\"hidden\" name=\"_wpcf7_version\" value=\"6.1.5\" \/><input type=\"hidden\" name=\"_wpcf7_locale\" value=\"en_US\" \/><input type=\"hidden\" name=\"_wpcf7_unit_tag\" value=\"wpcf7-f7-o1\" \/><input type=\"hidden\" name=\"_wpcf7_container_post\" value=\"0\" \/><input type=\"hidden\" name=\"_wpcf7_posted_data_hash\" value=\"\" \/><input type=\"hidden\" name=\"_wpcf7_recaptcha_response\" value=\"\" \/>\n<\/fieldset>\n<p><label> Your name<br \/>\n<span class=\"wpcf7-form-control-wrap\" data-name=\"your-name\"><input size=\"40\" maxlength=\"400\" class=\"wpcf7-form-control wpcf7-text wpcf7-validates-as-required\" aria-required=\"true\" aria-invalid=\"false\" value=\"\" type=\"text\" name=\"your-name\" \/><\/span> <\/label>\n<\/p>\n<p><label> Your e-mail address<br \/>\n<span class=\"wpcf7-form-control-wrap\" data-name=\"your-email\"><input size=\"40\" maxlength=\"400\" class=\"wpcf7-form-control wpcf7-email wpcf7-validates-as-required wpcf7-text wpcf7-validates-as-email\" aria-required=\"true\" aria-invalid=\"false\" value=\"\" type=\"email\" name=\"your-email\" \/><\/span> <\/label>\n<\/p>\n<p><label> Subject<br \/>\n<span class=\"wpcf7-form-control-wrap\" data-name=\"your-subject\"><input size=\"40\" maxlength=\"400\" class=\"wpcf7-form-control wpcf7-text\" aria-invalid=\"false\" value=\"\" type=\"text\" name=\"your-subject\" \/><\/span> <\/label>\n<\/p>\n<p><label> Content of the topic (text)<br \/>\n<span class=\"wpcf7-form-control-wrap\" data-name=\"your-message\"><textarea cols=\"40\" rows=\"5\" maxlength=\"2000\" class=\"wpcf7-form-control wpcf7-textarea\" aria-invalid=\"false\" name=\"your-message\"><\/textarea><\/span> <\/label>\n<\/p>\n\n<p><input class=\"wpcf7-form-control wpcf7-submit has-spinner\" type=\"submit\" value=\"Send a letter!\" \/>\n<\/p><div class=\"wpcf7-response-output\" aria-hidden=\"true\"><\/div>\n<input type=\"hidden\" name=\"trp-form-language\" value=\"eng\"\/><\/form>\n<\/div>\n<\/p>\t\t\t\t\t\t\t\t<\/div>\n\t\t\t\t<\/div>\n\t\t\t\t\t<\/div>\n\t\t<\/div>\n\t\t\t\t\t<\/div>\n\t\t<\/section>\n\t\t\t\t<\/div>","protected":false},"excerpt":{"rendered":"<p>The Thai massage online course is open to anyone interested in learning about Thai massage. There are no prerequisites for participation, as Thai massage is a different type of massage than conventional Western massage (classical, sports, segmental, lymphatic, etc.).<\/p>","protected":false},"author":6,"featured_media":0,"parent":0,"menu_order":0,"comment_status":"closed","ping_status":"closed","template":"","meta":{"_monsterinsights_skip_tracking":false,"_monsterinsights_sitenote_active":false,"_monsterinsights_sitenote_note":"","_monsterinsights_sitenote_category":0,"site-sidebar-layout":"right-sidebar","site-content-layout":"plain-container","ast-site-content-layout":"default","site-content-style":"default","site-sidebar-style":"default","ast-global-header-display":"","ast-banner-title-visibility":"","ast-main-header-display":"","ast-hfb-above-header-display":"","ast-hfb-below-header-display":"","ast-hfb-mobile-header-display":"","site-post-title":"","ast-breadcrumbs-content":"","ast-featured-img":"","footer-sml-layout":"","ast-disable-related-posts":"","theme-transparent-header-meta":"default","adv-header-id-meta":"","stick-header-meta":"","header-above-stick-meta":"","header-main-stick-meta":"","header-below-stick-meta":"","astra-migrate-meta-layouts":"default","ast-page-background-enabled":"default","ast-page-background-meta":{"desktop":{"background-color":"","background-image":"","background-repeat":"repeat","background-position":"center center","background-size":"auto","background-attachment":"scroll","background-type":"","background-media":"","overlay-type":"","overlay-color":"","overlay-opacity":"","overlay-gradient":""},"tablet":{"background-color":"","background-image":"","background-repeat":"repeat","background-position":"center center","background-size":"auto","background-attachment":"scroll","background-type":"","background-media":"","overlay-type":"","overlay-color":"","overlay-opacity":"","overlay-gradient":""},"mobile":{"background-color":"","background-image":"","background-repeat":"repeat","background-position":"center center","background-size":"auto","background-attachment":"scroll","background-type":"","background-media":"","overlay-type":"","overlay-color":"","overlay-opacity":"","overlay-gradient":""}},"ast-content-background-meta":{"desktop":{"background-color":"var(--ast-global-color-5)","background-image":"","background-repeat":"repeat","background-position":"center center","background-size":"auto","background-attachment":"scroll","background-type":"","background-media":"","overlay-type":"","overlay-color":"","overlay-opacity":"","overlay-gradient":""},"tablet":{"background-color":"var(--ast-global-color-5)","background-image":"","background-repeat":"repeat","background-position":"center center","background-size":"auto","background-attachment":"scroll","background-type":"","background-media":"","overlay-type":"","overlay-color":"","overlay-opacity":"","overlay-gradient":""},"mobile":{"background-color":"var(--ast-global-color-5)","background-image":"","background-repeat":"repeat","background-position":"center center","background-size":"auto","background-attachment":"scroll","background-type":"","background-media":"","overlay-type":"","overlay-color":"","overlay-opacity":"","overlay-gradient":""}},"footnotes":""},"class_list":["post-17228","page","type-page","status-publish","hentry"],"yoast_head":"<!-- This site is optimized with the Yoast SEO Premium plugin v24.4 (Yoast SEO v27.3) - https:\/\/yoast.com\/product\/yoast-seo-premium-wordpress\/ -->\n<title>TAI massaa\u017ei e-kursus - TeadmisteRadar<\/title>\n<meta name=\"description\" content=\"Massaa\u017ei koolitus, massaa\u017ei kursused Tartus, Tallinnas, P\u00e4rnus jne, klassikalise massaa\u017ei kursus, baaskoolitus, mass\u00f6\u00f6r tase 5.\" \/>\n<meta name=\"robots\" content=\"index, follow, max-snippet:-1, max-image-preview:large, max-video-preview:-1\" \/>\n<link rel=\"canonical\" href=\"https:\/\/multifarius.ee\/eng\/tai-massaaz\/\" \/>\n<meta property=\"og:locale\" content=\"en_US\" \/>\n<meta property=\"og:type\" content=\"article\" \/>\n<meta property=\"og:title\" content=\"TAI massaa\u017ei e-kursus\" \/>\n<meta property=\"og:description\" content=\"Massaa\u017ei koolitus, massaa\u017ei kursused Tartus, Tallinnas, P\u00e4rnus jne, klassikalise massaa\u017ei kursus, baaskoolitus, mass\u00f6\u00f6r tase 5.\" \/>\n<meta property=\"og:url\" content=\"https:\/\/multifarius.ee\/eng\/tai-massaaz\/\" \/>\n<meta property=\"og:site_name\" content=\"TeadmisteRadar\" \/>\n<meta property=\"article:modified_time\" content=\"2024-05-13T12:55:35+00:00\" \/>\n<meta property=\"og:image\" content=\"https:\/\/multifarius.ee\/wp-content\/uploads\/2019\/07\/massaaz-1024x576.jpg\" \/>\n\t<meta property=\"og:image:width\" content=\"1024\" \/>\n\t<meta property=\"og:image:height\" content=\"576\" \/>\n\t<meta property=\"og:image:type\" content=\"image\/jpeg\" \/>\n<meta name=\"twitter:card\" content=\"summary_large_image\" \/>\n<meta name=\"twitter:label1\" content=\"Est. reading time\" \/>\n\t<meta name=\"twitter:data1\" content=\"3 minutes\" \/>\n<script type=\"application\/ld+json\" class=\"yoast-schema-graph\">{\"@context\":\"https:\\\/\\\/schema.org\",\"@graph\":[{\"@type\":\"WebPage\",\"@id\":\"https:\\\/\\\/multifarius.ee\\\/tai-massaaz\\\/\",\"url\":\"https:\\\/\\\/multifarius.ee\\\/tai-massaaz\\\/\",\"name\":\"TAI massaa\u017ei e-kursus - TeadmisteRadar\",\"isPartOf\":{\"@id\":\"https:\\\/\\\/multifarius.ee\\\/#website\"},\"datePublished\":\"2022-03-21T12:47:27+00:00\",\"dateModified\":\"2024-05-13T12:55:35+00:00\",\"description\":\"Massaa\u017ei koolitus, massaa\u017ei kursused Tartus, Tallinnas, P\u00e4rnus jne, klassikalise massaa\u017ei kursus, baaskoolitus, mass\u00f6\u00f6r tase 5.\",\"breadcrumb\":{\"@id\":\"https:\\\/\\\/multifarius.ee\\\/tai-massaaz\\\/#breadcrumb\"},\"inLanguage\":\"en-US\",\"potentialAction\":[{\"@type\":\"ReadAction\",\"target\":[\"https:\\\/\\\/multifarius.ee\\\/tai-massaaz\\\/\"]}]},{\"@type\":\"BreadcrumbList\",\"@id\":\"https:\\\/\\\/multifarius.ee\\\/tai-massaaz\\\/#breadcrumb\",\"itemListElement\":[{\"@type\":\"ListItem\",\"position\":1,\"name\":\"Home\",\"item\":\"https:\\\/\\\/multifarius.ee\\\/\"},{\"@type\":\"ListItem\",\"position\":2,\"name\":\"TAI massaa\u017ei e-kursus\"}]},{\"@type\":\"WebSite\",\"@id\":\"https:\\\/\\\/multifarius.ee\\\/#website\",\"url\":\"https:\\\/\\\/multifarius.ee\\\/\",\"name\":\"TeadmisteRadar\",\"description\":\"Koolitused ja e-kursused\",\"publisher\":{\"@id\":\"https:\\\/\\\/multifarius.ee\\\/#organization\"},\"potentialAction\":[{\"@type\":\"SearchAction\",\"target\":{\"@type\":\"EntryPoint\",\"urlTemplate\":\"https:\\\/\\\/multifarius.ee\\\/?s={search_term_string}\"},\"query-input\":{\"@type\":\"PropertyValueSpecification\",\"valueRequired\":true,\"valueName\":\"search_term_string\"}}],\"inLanguage\":\"en-US\"},{\"@type\":\"Organization\",\"@id\":\"https:\\\/\\\/multifarius.ee\\\/#organization\",\"name\":\"TeadmisteRadar\",\"url\":\"https:\\\/\\\/multifarius.ee\\\/\",\"logo\":{\"@type\":\"ImageObject\",\"inLanguage\":\"en-US\",\"@id\":\"https:\\\/\\\/multifarius.ee\\\/#\\\/schema\\\/logo\\\/image\\\/\",\"url\":\"https:\\\/\\\/multifarius.ee\\\/wp-content\\\/uploads\\\/2022\\\/09\\\/tr-logo-uus3.png\",\"contentUrl\":\"https:\\\/\\\/multifarius.ee\\\/wp-content\\\/uploads\\\/2022\\\/09\\\/tr-logo-uus3.png\",\"width\":650,\"height\":143,\"caption\":\"TeadmisteRadar\"},\"image\":{\"@id\":\"https:\\\/\\\/multifarius.ee\\\/#\\\/schema\\\/logo\\\/image\\\/\"}}]}<\/script>\n<!-- \/ Yoast SEO Premium plugin. -->","yoast_head_json":{"title":"TAI massaa\u017ei e-kursus - TeadmisteRadar","description":"Massaa\u017ei koolitus, massaa\u017ei kursused Tartus, Tallinnas, P\u00e4rnus jne, klassikalise massaa\u017ei kursus, baaskoolitus, mass\u00f6\u00f6r tase 5.","robots":{"index":"index","follow":"follow","max-snippet":"max-snippet:-1","max-image-preview":"max-image-preview:large","max-video-preview":"max-video-preview:-1"},"canonical":"https:\/\/multifarius.ee\/eng\/tai-massaaz\/","og_locale":"en_US","og_type":"article","og_title":"TAI massaa\u017ei e-kursus","og_description":"Massaa\u017ei koolitus, massaa\u017ei kursused Tartus, Tallinnas, P\u00e4rnus jne, klassikalise massaa\u017ei kursus, baaskoolitus, mass\u00f6\u00f6r tase 5.","og_url":"https:\/\/multifarius.ee\/eng\/tai-massaaz\/","og_site_name":"TeadmisteRadar","article_modified_time":"2024-05-13T12:55:35+00:00","og_image":[{"width":1024,"height":576,"url":"https:\/\/multifarius.ee\/wp-content\/uploads\/2019\/07\/massaaz-1024x576.jpg","type":"image\/jpeg"}],"twitter_card":"summary_large_image","twitter_misc":{"Est. reading time":"3 minutes"},"schema":{"@context":"https:\/\/schema.org","@graph":[{"@type":"WebPage","@id":"https:\/\/multifarius.ee\/tai-massaaz\/","url":"https:\/\/multifarius.ee\/tai-massaaz\/","name":"TAI massaa\u017ei e-kursus - TeadmisteRadar","isPartOf":{"@id":"https:\/\/multifarius.ee\/#website"},"datePublished":"2022-03-21T12:47:27+00:00","dateModified":"2024-05-13T12:55:35+00:00","description":"Massaa\u017ei koolitus, massaa\u017ei kursused Tartus, Tallinnas, P\u00e4rnus jne, klassikalise massaa\u017ei kursus, baaskoolitus, mass\u00f6\u00f6r tase 5.","breadcrumb":{"@id":"https:\/\/multifarius.ee\/tai-massaaz\/#breadcrumb"},"inLanguage":"en-US","potentialAction":[{"@type":"ReadAction","target":["https:\/\/multifarius.ee\/tai-massaaz\/"]}]},{"@type":"BreadcrumbList","@id":"https:\/\/multifarius.ee\/tai-massaaz\/#breadcrumb","itemListElement":[{"@type":"ListItem","position":1,"name":"Home","item":"https:\/\/multifarius.ee\/"},{"@type":"ListItem","position":2,"name":"TAI massaa\u017ei e-kursus"}]},{"@type":"WebSite","@id":"https:\/\/multifarius.ee\/#website","url":"https:\/\/multifarius.ee\/","name":"TeadmisteRadar","description":"Koolitused ja e-kursused","publisher":{"@id":"https:\/\/multifarius.ee\/#organization"},"potentialAction":[{"@type":"SearchAction","target":{"@type":"EntryPoint","urlTemplate":"https:\/\/multifarius.ee\/?s={search_term_string}"},"query-input":{"@type":"PropertyValueSpecification","valueRequired":true,"valueName":"search_term_string"}}],"inLanguage":"en-US"},{"@type":"Organization","@id":"https:\/\/multifarius.ee\/#organization","name":"TeadmisteRadar","url":"https:\/\/multifarius.ee\/","logo":{"@type":"ImageObject","inLanguage":"en-US","@id":"https:\/\/multifarius.ee\/#\/schema\/logo\/image\/","url":"https:\/\/multifarius.ee\/wp-content\/uploads\/2022\/09\/tr-logo-uus3.png","contentUrl":"https:\/\/multifarius.ee\/wp-content\/uploads\/2022\/09\/tr-logo-uus3.png","width":650,"height":143,"caption":"TeadmisteRadar"},"image":{"@id":"https:\/\/multifarius.ee\/#\/schema\/logo\/image\/"}}]}},"_links":{"self":[{"href":"https:\/\/multifarius.ee\/eng\/wp-json\/wp\/v2\/pages\/17228","targetHints":{"allow":["GET"]}}],"collection":[{"href":"https:\/\/multifarius.ee\/eng\/wp-json\/wp\/v2\/pages"}],"about":[{"href":"https:\/\/multifarius.ee\/eng\/wp-json\/wp\/v2\/types\/page"}],"author":[{"embeddable":true,"href":"https:\/\/multifarius.ee\/eng\/wp-json\/wp\/v2\/users\/6"}],"replies":[{"embeddable":true,"href":"https:\/\/multifarius.ee\/eng\/wp-json\/wp\/v2\/comments?post=17228"}],"version-history":[{"count":5,"href":"https:\/\/multifarius.ee\/eng\/wp-json\/wp\/v2\/pages\/17228\/revisions"}],"predecessor-version":[{"id":29905,"href":"https:\/\/multifarius.ee\/eng\/wp-json\/wp\/v2\/pages\/17228\/revisions\/29905"}],"wp:attachment":[{"href":"https:\/\/multifarius.ee\/eng\/wp-json\/wp\/v2\/media?parent=17228"}],"curies":[{"name":"wp","href":"https:\/\/api.w.org\/{rel}","templated":true}]}}