{"id":151,"date":"2018-07-23T16:09:08","date_gmt":"2018-07-23T13:09:08","guid":{"rendered":"http:\/\/multifarius.ee\/?page_id=151"},"modified":"2024-05-16T22:13:14","modified_gmt":"2024-05-16T19:13:14","slug":"muofastsiaalsed-liinid","status":"publish","type":"page","link":"https:\/\/multifarius.ee\/eng\/muofastsiaalsed-liinid\/","title":{"rendered":"Myofascial Lines online course"},"content":{"rendered":"<div data-elementor-type=\"wp-post\" data-elementor-id=\"151\" class=\"elementor elementor-151\" data-elementor-post-type=\"page\">\n\t\t\t\t\t\t<section class=\"has_ae_slider elementor-section elementor-top-section elementor-element elementor-element-1b29b69a elementor-section-boxed elementor-section-height-default elementor-section-height-default ae-bg-gallery-type-default\" data-id=\"1b29b69a\" data-element_type=\"section\" data-e-type=\"section\">\n\t\t\t\t\t\t<div class=\"elementor-container elementor-column-gap-default\">\n\t\t\t\t\t<div class=\"has_ae_slider elementor-column elementor-col-100 elementor-top-column elementor-element elementor-element-2ce57419 ae-bg-gallery-type-default\" data-id=\"2ce57419\" data-element_type=\"column\" data-e-type=\"column\">\n\t\t\t<div class=\"elementor-widget-wrap elementor-element-populated\">\n\t\t\t\t\t\t<div class=\"elementor-element elementor-element-a6f0d0e elementor-widget elementor-widget-spacer\" data-id=\"a6f0d0e\" data-element_type=\"widget\" data-e-type=\"widget\" data-widget_type=\"spacer.default\">\n\t\t\t\t<div class=\"elementor-widget-container\">\n\t\t\t\t\t\t\t<div class=\"elementor-spacer\">\n\t\t\t<div class=\"elementor-spacer-inner\"><\/div>\n\t\t<\/div>\n\t\t\t\t\t\t<\/div>\n\t\t\t\t<\/div>\n\t\t\t\t<div class=\"elementor-element elementor-element-3e09406 elementor-widget elementor-widget-text-editor\" data-id=\"3e09406\" data-element_type=\"widget\" data-e-type=\"widget\" data-widget_type=\"text-editor.default\">\n\t\t\t\t<div class=\"elementor-widget-container\">\n\t\t\t\t\t\t\t\t\t<p style=\"text-align: justify;\">One of the leaders of myofascial lines has been Tom Myers. The developed myofascial lines system consists of several skeletal muscles connected by fasciae. For example, the superficial back line comprises the skeletal muscles of the tibia, the posterior group of skeletal muscles of the thigh, the erector spinae, etc. There are more than ten myofascial lines and they can be classified in various ways. Understanding the myofascial lines requires a strong knowledge of the skeletal muscles; it enables to look at the human body from a totally different perspective and much more systematically.<\/p><p style=\"text-align: justify;\"><span style=\"font-size: 1.17em; font-style: normal; font-weight: 600;\">Requirements for starting a course<\/span><\/p><p style=\"font-size: 16px; font-style: normal; font-weight: 400; text-align: justify;\" class=\"translation-block\">There are some prerequisites to participate in the Myofascial Lines online course. You must have previously completed at least the <a href=\"http:\/\/multifarius.ee\/eng\/funktsionaalne-anatoomia\/\" target=\"_self\">Functional Anatomy online course<\/a> or a similar course. This is because the aforementioned online course provides knowledge of the skeletal muscle system, which is essential for a systematic understanding of the functioning of the myofascial lines.<\/p><p style=\"text-align: justify;\">If you plan to participate in the Myofascial Lines online course, please send a copy of your Functional Anatomy course certificate to koolitused@multifarius.ee after registering for the online course. If you have completed the Functional Anatomy course at our continuing education institution, you do not need to send a copy of the certificate.<\/p><h3 style=\"font-style: normal; text-align: justify;\">Volume, duration and structure of the curriculum<\/h3><p style=\"text-align: justify;\">The volume of the Myofascial Lines online course is 30 academic hours, of which 30 are independent learning (including e-learning). <a style=\"font-size: 16px; background-color: #ffffff;\" href=\"https:\/\/www.riigiteataja.ee\/akt\/110062015010#para9\">1 academic hour is equivalent to 45 minutes.<\/a> Once registered, the online course can be accessed for two years.<\/p><p style=\"text-align: justify;\">The Myofascial Lines online course can be accessed for two years after registration. It is based on recorded video lectures and can be completed at your own time and pace.<\/p><p style=\"text-align: justify;\">You will find the structure of the Myofascial Lines online course in the future <strong>here<\/strong>.\u00a0<\/p><h3 style=\"font-style: normal; text-align: justify;\">Learning outcomes and documents to be issued after the online course<\/h3><div style=\"text-align: justify;\"><p><span style=\"font-size: 16px; font-style: normal; font-weight: 400; color: var( --e-global-color-text ); text-align: justify;\">The Myofascial Lines online course<\/span> assesses the achievement of learning outcomes.<\/p><p>To achieve the learning outcomes, you need to pass multiple-choice tests and complete various tasks (answering short questions, etc.). You will also have to complete a final test and a written assessment. A certificate will be awarded upon achieving the learning outcomes. A notice will be issued if not all the learning objectives are achieved. The notice will be issued on condition that at least 70% of the online course has been completed.\u00a0<\/p><p>Delivery of the certificate within Estonia is free of charge; delivery abroad is subject to agreement. <span style=\"color: var( --e-global-color-text ); font-size: 16px; font-style: normal; font-weight: 400; text-align: justify;\">\u00a0<\/span><\/p><\/div><div style=\"font-size: 16px; font-style: normal; font-weight: 400; text-align: justify;\"><h3>Topics of the online course<\/h3><p>The Myofascial Lines online course discusses the following topics:<\/p><\/div><ol style=\"font-size: 16px; font-style: normal; font-weight: 400; text-align: justify;\"><li>introduction to the online course;<\/li><li>terminology, basics of Myofascial Lines classification, etc;<\/li><li style=\"font-size: 16px;\">principles of the derivation of Myofascial Lines names;<\/li><li><span style=\"color: var( --e-global-color-text ); font-size: 16px;\">the Superficial Back Line and the skeletal muscles forming it;<\/span><\/li><li>the Superficial Front Line and <span style=\"color: var( --e-global-color-text ); font-size: 16px;\">the skeletal muscles forming it<\/span>;<\/li><li>the Lateral Line and <span style=\"color: var( --e-global-color-text ); font-size: 16px;\">the skeletal muscles forming it<\/span>;<\/li><li>the Spiral Line and <span style=\"color: var( --e-global-color-text ); font-size: 16px;\">the skeletal muscles forming it<\/span>;<\/li><li><span style=\"color: var( --e-global-color-text ); font-size: 16px;\">the Deep Front Arm Line and its skeletal muscles;<\/span><\/li><li style=\"font-size: 16px;\">the Superficial Front Arm Line and its skeletal muscles;<\/li><li style=\"font-size: 16px;\">the Deep Back Arm Line and its skeletal muscles;<\/li><li style=\"font-size: 16px;\">the Superficial Back Arm Line and its skeletal muscles;<\/li><li style=\"font-size: 16px;\">the Functional Lines and its skeletal muscles;<\/li><li style=\"font-size: 16px;\">the Deep Front Line and its skeletal muscles;<\/li><li style=\"font-size: 16px;\">connections between the Myofascial Lines;<\/li><li>practical application of the Myofascial Lines system.\u00a0<\/li><\/ol><h3 style=\"font-style: normal; text-align: justify;\">In addition to the Myofascial Lines online course, what other online courses could be completed?<\/h3><p style=\"font-size: 16px; font-style: normal; font-weight: 400; text-align: justify;\" class=\"translation-block\">Myofascial Lines can be viewed and analyzed in parallel with\u00a0trigger points, so<a href=\"http:\/\/multifarius.ee\/eng\/syndmus\/triggerpunktide-susteem\/\" target=\"_self\"><em> an online\u00a0course on the trigger points system <\/em> <\/a>could be completed.<\/p><p style=\"text-align: justify;\"><span style=\"font-size: 16px;\">The Myofascial Lines system is very compatible with the massage field. Consequently, after the Myofascial Lines online course, it is wise to acquire <a href=\"http:\/\/multifarius.ee\/eng\/sundmused\/\">knowledge of the different types of massage<\/a>.<\/span><\/p><h3 style=\"font-style: normal; text-align: justify;\">Where can I enroll for the Myofascial Lines online course?<\/h3><p style=\"font-size: 16px; font-style: normal; text-align: justify;\"><span style=\"font-size: 16px;\">You can enroll for the Myofascial Lines online course <a href=\"http:\/\/multifarius.ee\/eng\/syndmus\/muofastsiaalsed-liinid\/\"><b>here<\/b><\/a><\/span>.<\/p><p style=\"font-size: 16px; font-style: normal; font-weight: 400; text-align: justify;\"><span style=\"font-size: 1.17em; font-style: normal; font-weight: 600;\">Any question? Send us an email!\u00a0<\/span><\/p><h3 style=\"font-size: 16px; font-style: normal; font-weight: 400; text-align: justify;\"><span style=\"font-size: 16px; font-style: normal; font-weight: 400; color: var( --e-global-color-text ); text-align: start;\">\n<div class=\"wpcf7 no-js\" id=\"wpcf7-f7-o1\" lang=\"en-US\" dir=\"ltr\" data-wpcf7-id=\"7\">\n<div class=\"screen-reader-response\"><p role=\"status\" aria-live=\"polite\" aria-atomic=\"true\"><\/p> <ul><\/ul><\/div>\n<form action=\"\/eng\/wp-json\/wp\/v2\/pages\/151#wpcf7-f7-o1\" method=\"post\" class=\"wpcf7-form init\" aria-label=\"Contact form\" novalidate=\"novalidate\" data-status=\"init\" data-trp-original-action=\"\/eng\/wp-json\/wp\/v2\/pages\/151#wpcf7-f7-o1\">\n<fieldset class=\"hidden-fields-container\"><input type=\"hidden\" name=\"_wpcf7\" value=\"7\" \/><input type=\"hidden\" name=\"_wpcf7_version\" value=\"6.1.5\" \/><input type=\"hidden\" name=\"_wpcf7_locale\" value=\"en_US\" \/><input type=\"hidden\" name=\"_wpcf7_unit_tag\" value=\"wpcf7-f7-o1\" \/><input type=\"hidden\" name=\"_wpcf7_container_post\" value=\"0\" \/><input type=\"hidden\" name=\"_wpcf7_posted_data_hash\" value=\"\" \/><input type=\"hidden\" name=\"_wpcf7_recaptcha_response\" value=\"\" \/>\n<\/fieldset>\n<p><label> Your name<br \/>\n<span class=\"wpcf7-form-control-wrap\" data-name=\"your-name\"><input size=\"40\" maxlength=\"400\" class=\"wpcf7-form-control wpcf7-text wpcf7-validates-as-required\" aria-required=\"true\" aria-invalid=\"false\" value=\"\" type=\"text\" name=\"your-name\" \/><\/span> <\/label>\n<\/p>\n<p><label> Your e-mail address<br \/>\n<span class=\"wpcf7-form-control-wrap\" data-name=\"your-email\"><input size=\"40\" maxlength=\"400\" class=\"wpcf7-form-control wpcf7-email wpcf7-validates-as-required wpcf7-text wpcf7-validates-as-email\" aria-required=\"true\" aria-invalid=\"false\" value=\"\" type=\"email\" name=\"your-email\" \/><\/span> <\/label>\n<\/p>\n<p><label> Subject<br \/>\n<span class=\"wpcf7-form-control-wrap\" data-name=\"your-subject\"><input size=\"40\" maxlength=\"400\" class=\"wpcf7-form-control wpcf7-text\" aria-invalid=\"false\" value=\"\" type=\"text\" name=\"your-subject\" \/><\/span> <\/label>\n<\/p>\n<p><label> Content of the topic (text)<br \/>\n<span class=\"wpcf7-form-control-wrap\" data-name=\"your-message\"><textarea cols=\"40\" rows=\"5\" maxlength=\"2000\" class=\"wpcf7-form-control wpcf7-textarea\" aria-invalid=\"false\" name=\"your-message\"><\/textarea><\/span> <\/label>\n<\/p>\n\n<p><input class=\"wpcf7-form-control wpcf7-submit has-spinner\" type=\"submit\" value=\"Send a letter!\" \/>\n<\/p><div class=\"wpcf7-response-output\" aria-hidden=\"true\"><\/div>\n<input type=\"hidden\" name=\"trp-form-language\" value=\"eng\"\/><\/form>\n<\/div>\n<\/span><span style=\"font-size: 16px; font-style: normal; font-weight: 400; color: var( --e-global-color-text );\">\u00a0<\/span><\/h3>\t\t\t\t\t\t\t\t<\/div>\n\t\t\t\t<\/div>\n\t\t\t\t\t<\/div>\n\t\t<\/div>\n\t\t\t\t\t<\/div>\n\t\t<\/section>\n\t\t\t\t<\/div>","protected":false},"excerpt":{"rendered":"<p>One of the leaders of myofascial lines has been Tom Myers. The developed myofascial lines system consists of several skeletal muscles connected by fasciae. For example, the superficial back line comprises the skeletal muscles of the tibia, the posterior group of skeletal muscles of the thigh, the erector spinae, etc. There are more than ten myofascial lines and they can be classified in various ways. Understanding the myofascial lines requires a strong knowledge of the skeletal muscles; it enables to look at the human body from a totally different perspective and much more systematically.<\/p>","protected":false},"author":6,"featured_media":0,"parent":0,"menu_order":0,"comment_status":"closed","ping_status":"closed","template":"","meta":{"_monsterinsights_skip_tracking":false,"_monsterinsights_sitenote_active":false,"_monsterinsights_sitenote_note":"","_monsterinsights_sitenote_category":0,"site-sidebar-layout":"right-sidebar","site-content-layout":"plain-container","ast-site-content-layout":"default","site-content-style":"default","site-sidebar-style":"default","ast-global-header-display":"","ast-banner-title-visibility":"","ast-main-header-display":"","ast-hfb-above-header-display":"","ast-hfb-below-header-display":"","ast-hfb-mobile-header-display":"","site-post-title":"","ast-breadcrumbs-content":"","ast-featured-img":"","footer-sml-layout":"","ast-disable-related-posts":"","theme-transparent-header-meta":"default","adv-header-id-meta":"","stick-header-meta":"","header-above-stick-meta":"","header-main-stick-meta":"","header-below-stick-meta":"","astra-migrate-meta-layouts":"default","ast-page-background-enabled":"default","ast-page-background-meta":{"desktop":{"background-color":"","background-image":"","background-repeat":"repeat","background-position":"center center","background-size":"auto","background-attachment":"scroll","background-type":"","background-media":"","overlay-type":"","overlay-color":"","overlay-opacity":"","overlay-gradient":""},"tablet":{"background-color":"","background-image":"","background-repeat":"repeat","background-position":"center center","background-size":"auto","background-attachment":"scroll","background-type":"","background-media":"","overlay-type":"","overlay-color":"","overlay-opacity":"","overlay-gradient":""},"mobile":{"background-color":"","background-image":"","background-repeat":"repeat","background-position":"center center","background-size":"auto","background-attachment":"scroll","background-type":"","background-media":"","overlay-type":"","overlay-color":"","overlay-opacity":"","overlay-gradient":""}},"ast-content-background-meta":{"desktop":{"background-color":"var(--ast-global-color-5)","background-image":"","background-repeat":"repeat","background-position":"center center","background-size":"auto","background-attachment":"scroll","background-type":"","background-media":"","overlay-type":"","overlay-color":"","overlay-opacity":"","overlay-gradient":""},"tablet":{"background-color":"var(--ast-global-color-5)","background-image":"","background-repeat":"repeat","background-position":"center center","background-size":"auto","background-attachment":"scroll","background-type":"","background-media":"","overlay-type":"","overlay-color":"","overlay-opacity":"","overlay-gradient":""},"mobile":{"background-color":"var(--ast-global-color-5)","background-image":"","background-repeat":"repeat","background-position":"center center","background-size":"auto","background-attachment":"scroll","background-type":"","background-media":"","overlay-type":"","overlay-color":"","overlay-opacity":"","overlay-gradient":""}},"footnotes":""},"class_list":["post-151","page","type-page","status-publish","hentry"],"yoast_head":"<!-- This site is optimized with the Yoast SEO Premium plugin v24.4 (Yoast SEO v27.4) - https:\/\/yoast.com\/product\/yoast-seo-premium-wordpress\/ -->\n<title>M\u00fcofastsiaalsete liinide e-kursus - TeadmisteRadar<\/title>\n<meta name=\"robots\" content=\"index, follow, max-snippet:-1, max-image-preview:large, max-video-preview:-1\" \/>\n<link rel=\"canonical\" href=\"https:\/\/multifarius.ee\/eng\/muofastsiaalsed-liinid\/\" \/>\n<meta property=\"og:locale\" content=\"en_US\" \/>\n<meta property=\"og:type\" content=\"article\" \/>\n<meta property=\"og:title\" content=\"M\u00fcofastsiaalsete liinide e-kursus\" \/>\n<meta property=\"og:description\" content=\"M\u00fcofastsiaalsete liinide \u00fcheks eestvedajaks on olnud Tom Myers. V\u00e4lja t\u00f6\u00f6tatud m\u00fcofastsiaalsete liinide s\u00fcsteem koosneb paljudest skeletilihastest, mis\u00a0\u00fchenduvad\u00a0\u00fcksteisega fastsiate abil. N\u00e4iteks tagumise pindmise liini moodustavad s\u00e4\u00e4re skeletilihased, reie tagumise r\u00fchma skeletilihased, selgroosirgestajalihas jne. M\u00fcofastsiaalseid liine on kokku \u00fcle k\u00fcmne ning neid saab mitmeti liigitada. Et m\u00fcofastsiaalseid liine m\u00f5ista, on vaja tugevaid teadmisi skeletilihastest; see v\u00f5imaldab inimkeha hoopis teise nurga alt ja palju s\u00fcstemaatilisemalt\u00a0vaadata.\" \/>\n<meta property=\"og:url\" content=\"https:\/\/multifarius.ee\/eng\/muofastsiaalsed-liinid\/\" \/>\n<meta property=\"og:site_name\" content=\"TeadmisteRadar\" \/>\n<meta property=\"article:modified_time\" content=\"2024-05-16T19:13:14+00:00\" \/>\n<meta name=\"twitter:card\" content=\"summary_large_image\" \/>\n<meta name=\"twitter:label1\" content=\"Est. reading time\" \/>\n\t<meta name=\"twitter:data1\" content=\"3 minutes\" \/>\n<script type=\"application\/ld+json\" class=\"yoast-schema-graph\">{\"@context\":\"https:\\\/\\\/schema.org\",\"@graph\":[{\"@type\":\"WebPage\",\"@id\":\"https:\\\/\\\/multifarius.ee\\\/muofastsiaalsed-liinid\\\/\",\"url\":\"https:\\\/\\\/multifarius.ee\\\/muofastsiaalsed-liinid\\\/\",\"name\":\"M\u00fcofastsiaalsete liinide e-kursus - TeadmisteRadar\",\"isPartOf\":{\"@id\":\"https:\\\/\\\/multifarius.ee\\\/#website\"},\"datePublished\":\"2018-07-23T13:09:08+00:00\",\"dateModified\":\"2024-05-16T19:13:14+00:00\",\"breadcrumb\":{\"@id\":\"https:\\\/\\\/multifarius.ee\\\/muofastsiaalsed-liinid\\\/#breadcrumb\"},\"inLanguage\":\"en-US\",\"potentialAction\":[{\"@type\":\"ReadAction\",\"target\":[\"https:\\\/\\\/multifarius.ee\\\/muofastsiaalsed-liinid\\\/\"]}]},{\"@type\":\"BreadcrumbList\",\"@id\":\"https:\\\/\\\/multifarius.ee\\\/muofastsiaalsed-liinid\\\/#breadcrumb\",\"itemListElement\":[{\"@type\":\"ListItem\",\"position\":1,\"name\":\"Home\",\"item\":\"https:\\\/\\\/multifarius.ee\\\/\"},{\"@type\":\"ListItem\",\"position\":2,\"name\":\"M\u00fcofastsiaalsete liinide e-kursus\"}]},{\"@type\":\"WebSite\",\"@id\":\"https:\\\/\\\/multifarius.ee\\\/#website\",\"url\":\"https:\\\/\\\/multifarius.ee\\\/\",\"name\":\"TeadmisteRadar\",\"description\":\"Koolitused ja e-kursused\",\"publisher\":{\"@id\":\"https:\\\/\\\/multifarius.ee\\\/#organization\"},\"potentialAction\":[{\"@type\":\"SearchAction\",\"target\":{\"@type\":\"EntryPoint\",\"urlTemplate\":\"https:\\\/\\\/multifarius.ee\\\/?s={search_term_string}\"},\"query-input\":{\"@type\":\"PropertyValueSpecification\",\"valueRequired\":true,\"valueName\":\"search_term_string\"}}],\"inLanguage\":\"en-US\"},{\"@type\":\"Organization\",\"@id\":\"https:\\\/\\\/multifarius.ee\\\/#organization\",\"name\":\"TeadmisteRadar\",\"url\":\"https:\\\/\\\/multifarius.ee\\\/\",\"logo\":{\"@type\":\"ImageObject\",\"inLanguage\":\"en-US\",\"@id\":\"https:\\\/\\\/multifarius.ee\\\/#\\\/schema\\\/logo\\\/image\\\/\",\"url\":\"https:\\\/\\\/multifarius.ee\\\/wp-content\\\/uploads\\\/2022\\\/09\\\/tr-logo-uus3.png\",\"contentUrl\":\"https:\\\/\\\/multifarius.ee\\\/wp-content\\\/uploads\\\/2022\\\/09\\\/tr-logo-uus3.png\",\"width\":650,\"height\":143,\"caption\":\"TeadmisteRadar\"},\"image\":{\"@id\":\"https:\\\/\\\/multifarius.ee\\\/#\\\/schema\\\/logo\\\/image\\\/\"}}]}<\/script>\n<!-- \/ Yoast SEO Premium plugin. -->","yoast_head_json":{"title":"M\u00fcofastsiaalsete liinide e-kursus - TeadmisteRadar","robots":{"index":"index","follow":"follow","max-snippet":"max-snippet:-1","max-image-preview":"max-image-preview:large","max-video-preview":"max-video-preview:-1"},"canonical":"https:\/\/multifarius.ee\/eng\/muofastsiaalsed-liinid\/","og_locale":"en_US","og_type":"article","og_title":"M\u00fcofastsiaalsete liinide e-kursus","og_description":"M\u00fcofastsiaalsete liinide \u00fcheks eestvedajaks on olnud Tom Myers. V\u00e4lja t\u00f6\u00f6tatud m\u00fcofastsiaalsete liinide s\u00fcsteem koosneb paljudest skeletilihastest, mis\u00a0\u00fchenduvad\u00a0\u00fcksteisega fastsiate abil. N\u00e4iteks tagumise pindmise liini moodustavad s\u00e4\u00e4re skeletilihased, reie tagumise r\u00fchma skeletilihased, selgroosirgestajalihas jne. M\u00fcofastsiaalseid liine on kokku \u00fcle k\u00fcmne ning neid saab mitmeti liigitada. Et m\u00fcofastsiaalseid liine m\u00f5ista, on vaja tugevaid teadmisi skeletilihastest; see v\u00f5imaldab inimkeha hoopis teise nurga alt ja palju s\u00fcstemaatilisemalt\u00a0vaadata.","og_url":"https:\/\/multifarius.ee\/eng\/muofastsiaalsed-liinid\/","og_site_name":"TeadmisteRadar","article_modified_time":"2024-05-16T19:13:14+00:00","twitter_card":"summary_large_image","twitter_misc":{"Est. reading time":"3 minutes"},"schema":{"@context":"https:\/\/schema.org","@graph":[{"@type":"WebPage","@id":"https:\/\/multifarius.ee\/muofastsiaalsed-liinid\/","url":"https:\/\/multifarius.ee\/muofastsiaalsed-liinid\/","name":"M\u00fcofastsiaalsete liinide e-kursus - TeadmisteRadar","isPartOf":{"@id":"https:\/\/multifarius.ee\/#website"},"datePublished":"2018-07-23T13:09:08+00:00","dateModified":"2024-05-16T19:13:14+00:00","breadcrumb":{"@id":"https:\/\/multifarius.ee\/muofastsiaalsed-liinid\/#breadcrumb"},"inLanguage":"en-US","potentialAction":[{"@type":"ReadAction","target":["https:\/\/multifarius.ee\/muofastsiaalsed-liinid\/"]}]},{"@type":"BreadcrumbList","@id":"https:\/\/multifarius.ee\/muofastsiaalsed-liinid\/#breadcrumb","itemListElement":[{"@type":"ListItem","position":1,"name":"Home","item":"https:\/\/multifarius.ee\/"},{"@type":"ListItem","position":2,"name":"M\u00fcofastsiaalsete liinide e-kursus"}]},{"@type":"WebSite","@id":"https:\/\/multifarius.ee\/#website","url":"https:\/\/multifarius.ee\/","name":"TeadmisteRadar","description":"Koolitused ja e-kursused","publisher":{"@id":"https:\/\/multifarius.ee\/#organization"},"potentialAction":[{"@type":"SearchAction","target":{"@type":"EntryPoint","urlTemplate":"https:\/\/multifarius.ee\/?s={search_term_string}"},"query-input":{"@type":"PropertyValueSpecification","valueRequired":true,"valueName":"search_term_string"}}],"inLanguage":"en-US"},{"@type":"Organization","@id":"https:\/\/multifarius.ee\/#organization","name":"TeadmisteRadar","url":"https:\/\/multifarius.ee\/","logo":{"@type":"ImageObject","inLanguage":"en-US","@id":"https:\/\/multifarius.ee\/#\/schema\/logo\/image\/","url":"https:\/\/multifarius.ee\/wp-content\/uploads\/2022\/09\/tr-logo-uus3.png","contentUrl":"https:\/\/multifarius.ee\/wp-content\/uploads\/2022\/09\/tr-logo-uus3.png","width":650,"height":143,"caption":"TeadmisteRadar"},"image":{"@id":"https:\/\/multifarius.ee\/#\/schema\/logo\/image\/"}}]}},"_links":{"self":[{"href":"https:\/\/multifarius.ee\/eng\/wp-json\/wp\/v2\/pages\/151","targetHints":{"allow":["GET"]}}],"collection":[{"href":"https:\/\/multifarius.ee\/eng\/wp-json\/wp\/v2\/pages"}],"about":[{"href":"https:\/\/multifarius.ee\/eng\/wp-json\/wp\/v2\/types\/page"}],"author":[{"embeddable":true,"href":"https:\/\/multifarius.ee\/eng\/wp-json\/wp\/v2\/users\/6"}],"replies":[{"embeddable":true,"href":"https:\/\/multifarius.ee\/eng\/wp-json\/wp\/v2\/comments?post=151"}],"version-history":[{"count":5,"href":"https:\/\/multifarius.ee\/eng\/wp-json\/wp\/v2\/pages\/151\/revisions"}],"predecessor-version":[{"id":29915,"href":"https:\/\/multifarius.ee\/eng\/wp-json\/wp\/v2\/pages\/151\/revisions\/29915"}],"wp:attachment":[{"href":"https:\/\/multifarius.ee\/eng\/wp-json\/wp\/v2\/media?parent=151"}],"curies":[{"name":"wp","href":"https:\/\/api.w.org\/{rel}","templated":true}]}}