{"id":10185,"date":"2021-05-26T11:13:01","date_gmt":"2021-05-26T08:13:01","guid":{"rendered":"http:\/\/multifarius.ee\/?page_id=10185"},"modified":"2026-01-01T11:37:32","modified_gmt":"2026-01-01T09:37:32","slug":"oigusabi","status":"publish","type":"page","link":"https:\/\/multifarius.ee\/eng\/oigusabi\/","title":{"rendered":"Legal assistance \u2013 a legal professional can help!"},"content":{"rendered":"<div data-elementor-type=\"wp-page\" data-elementor-id=\"10185\" class=\"elementor elementor-10185\" data-elementor-post-type=\"page\">\n\t\t\t\t\t\t<section class=\"has_ae_slider elementor-section elementor-top-section elementor-element elementor-element-f9102ee elementor-section-boxed elementor-section-height-default elementor-section-height-default ae-bg-gallery-type-default\" data-id=\"f9102ee\" data-element_type=\"section\" data-e-type=\"section\">\n\t\t\t\t\t\t<div class=\"elementor-container elementor-column-gap-default\">\n\t\t\t\t\t<div class=\"has_ae_slider elementor-column elementor-col-100 elementor-top-column elementor-element elementor-element-b0581da ae-bg-gallery-type-default\" data-id=\"b0581da\" data-element_type=\"column\" data-e-type=\"column\">\n\t\t\t<div class=\"elementor-widget-wrap elementor-element-populated\">\n\t\t\t\t\t\t<section class=\"has_ae_slider elementor-section elementor-inner-section elementor-element elementor-element-bc8d47a oigusabi-top elementor-section-boxed elementor-section-height-default elementor-section-height-default ae-bg-gallery-type-default\" data-id=\"bc8d47a\" data-element_type=\"section\" data-e-type=\"section\">\n\t\t\t\t\t\t<div class=\"elementor-container elementor-column-gap-wider\">\n\t\t\t\t\t<div class=\"has_ae_slider elementor-column elementor-col-50 elementor-inner-column elementor-element elementor-element-0b6b2d7 ae-bg-gallery-type-default\" data-id=\"0b6b2d7\" data-element_type=\"column\" data-e-type=\"column\">\n\t\t\t<div class=\"elementor-widget-wrap elementor-element-populated\">\n\t\t\t\t\t\t<div class=\"elementor-element elementor-element-94630f0 elementor-widget elementor-widget-heading\" data-id=\"94630f0\" data-element_type=\"widget\" data-e-type=\"widget\" data-widget_type=\"heading.default\">\n\t\t\t\t<div class=\"elementor-widget-container\">\n\t\t\t\t\t<h2 class=\"elementor-heading-title elementor-size-default\"><a href=\"http:\/\/multifarius.ee\/eng\/koolitaja\/henry-kristoving\/\">Legal assistance \u2013 a legal professional can help!<\/a><\/h2>\t\t\t\t<\/div>\n\t\t\t\t<\/div>\n\t\t\t\t<div class=\"elementor-element elementor-element-6d75a19 elementor-widget elementor-widget-text-editor\" data-id=\"6d75a19\" data-element_type=\"widget\" data-e-type=\"widget\" data-widget_type=\"text-editor.default\">\n\t\t\t\t<div class=\"elementor-widget-container\">\n\t\t\t\t\t\t\t\t\t<p style=\"text-align: justify;\">We assist clients in civil and administrative matters, providing professional and reliable legal services throughout Estonia. We help draft claims, applications, appeals, appeals against court rulings, responses, etc., and represent clients both out of court and in court proceedings. In providing legal assistance, we rely on prevailing case law and explain to the client what previous decisions have been made in similar cases, enabling the client to make an informed decision on whether and how to proceed with the legal dispute.<\/p><p><b>E-mail:<\/b> menetlus@multifarius.ee<\/p>\t\t\t\t\t\t\t\t<\/div>\n\t\t\t\t<\/div>\n\t\t\t\t\t<\/div>\n\t\t<\/div>\n\t\t\t\t<div class=\"has_ae_slider elementor-column elementor-col-50 elementor-inner-column elementor-element elementor-element-1c222f5 ae-bg-gallery-type-default\" data-id=\"1c222f5\" data-element_type=\"column\" data-e-type=\"column\">\n\t\t\t<div class=\"elementor-widget-wrap elementor-element-populated\">\n\t\t\t\t\t\t<div class=\"elementor-element elementor-element-a144c85 elementor-author-box--layout-image-above elementor-author-box--align-center elementor-author-box--avatar-yes elementor-author-box--name-yes elementor-widget elementor-widget-author-box\" data-id=\"a144c85\" data-element_type=\"widget\" data-e-type=\"widget\" data-widget_type=\"author-box.default\">\n\t\t\t\t<div class=\"elementor-widget-container\">\n\t\t\t\t\t\t\t<div class=\"elementor-author-box\">\n\t\t\t\t\t\t\t<div  class=\"elementor-author-box__avatar\">\n\t\t\t\t\t<img decoding=\"async\" src=\"https:\/\/multifarius.ee\/wp-content\/uploads\/2018\/07\/Pilt.jpg\" alt=\"Picture of Henry Kristoving\" loading=\"lazy\">\n\t\t\t\t<\/div>\n\t\t\t\n\t\t\t<div class=\"elementor-author-box__text\">\n\t\t\t\t\t\t\t\t\t<div >\n\t\t\t\t\t\t<h3 class=\"elementor-author-box__name\">\n\t\t\t\t\t\t\tHenry Kristoving\t\t\t\t\t\t<\/h3>\n\t\t\t\t\t<\/div>\n\t\t\t\t\n\t\t\t\t\n\t\t\t\t\t\t\t<\/div>\n\t\t<\/div>\n\t\t\t\t\t\t<\/div>\n\t\t\t\t<\/div>\n\t\t\t\t<div class=\"elementor-element elementor-element-6ca8c3c elementor-widget elementor-widget-text-editor\" data-id=\"6ca8c3c\" data-element_type=\"widget\" data-e-type=\"widget\" data-widget_type=\"text-editor.default\">\n\t\t\t\t<div class=\"elementor-widget-container\">\n\t\t\t\t\t\t\t\t\t<p style=\"text-align: center;\"><em><a href=\"http:\/\/multifarius.ee\/eng\/henry-kristoving\/\">legal professional<\/a><\/em><\/p>\t\t\t\t\t\t\t\t<\/div>\n\t\t\t\t<\/div>\n\t\t\t\t\t<\/div>\n\t\t<\/div>\n\t\t\t\t\t<\/div>\n\t\t<\/section>\n\t\t\t\t\t<\/div>\n\t\t<\/div>\n\t\t\t\t\t<\/div>\n\t\t<\/section>\n\t\t\t\t<section class=\"has_ae_slider elementor-section elementor-top-section elementor-element elementor-element-214d8eaa elementor-section-boxed elementor-section-height-default elementor-section-height-default ae-bg-gallery-type-default\" data-id=\"214d8eaa\" data-element_type=\"section\" data-e-type=\"section\">\n\t\t\t\t\t\t<div class=\"elementor-container elementor-column-gap-default\">\n\t\t\t\t\t<div class=\"has_ae_slider elementor-column elementor-col-100 elementor-top-column elementor-element elementor-element-7404722e ae-bg-gallery-type-default\" data-id=\"7404722e\" data-element_type=\"column\" data-e-type=\"column\">\n\t\t\t<div class=\"elementor-widget-wrap elementor-element-populated\">\n\t\t\t\t\t\t<div class=\"elementor-element elementor-element-2a7a9b6 elementor-widget elementor-widget-spacer\" data-id=\"2a7a9b6\" data-element_type=\"widget\" data-e-type=\"widget\" data-widget_type=\"spacer.default\">\n\t\t\t\t<div class=\"elementor-widget-container\">\n\t\t\t\t\t\t\t<div class=\"elementor-spacer\">\n\t\t\t<div class=\"elementor-spacer-inner\"><\/div>\n\t\t<\/div>\n\t\t\t\t\t\t<\/div>\n\t\t\t\t<\/div>\n\t\t\t\t<section class=\"has_ae_slider elementor-section elementor-inner-section elementor-element elementor-element-f6905a3 elementor-section-boxed elementor-section-height-default elementor-section-height-default ae-bg-gallery-type-default\" data-id=\"f6905a3\" data-element_type=\"section\" data-e-type=\"section\">\n\t\t\t\t\t\t<div class=\"elementor-container elementor-column-gap-default\">\n\t\t\t\t\t<div class=\"has_ae_slider elementor-column elementor-col-50 elementor-inner-column elementor-element elementor-element-f7f9ddb ae-bg-gallery-type-default\" data-id=\"f7f9ddb\" data-element_type=\"column\" data-e-type=\"column\" data-settings=\"{&quot;background_background&quot;:&quot;classic&quot;}\">\n\t\t\t<div class=\"elementor-widget-wrap elementor-element-populated\">\n\t\t\t\t\t\t<div class=\"elementor-element elementor-element-5412488 elementor-widget elementor-widget-price-table\" data-id=\"5412488\" data-element_type=\"widget\" data-e-type=\"widget\" data-widget_type=\"price-table.default\">\n\t\t\t\t<div class=\"elementor-widget-container\">\n\t\t\t\t\t\n\t\t<div class=\"elementor-price-table\">\n\t\t\t\t\t\t\t<div class=\"elementor-price-table__header\">\n\t\t\t\t\t\t\t\t\t\t\t<h2 class=\"elementor-price-table__heading\">\n\t\t\t\t\t\tLegal assistance costs\t\t\t\t\t\t<\/h2>\n\t\t\t\t\t\n\t\t\t\t\t\t\t\t\t<\/div>\n\t\t\t\n\t\t\t<div class=\"elementor-price-table__price\">\n\t\t\t\t\t\t\t\t\t\t\t\t\t\t\t\t\t<span class=\"elementor-price-table__integer-part\">\n\t\t\t\t\t\t80-120\t\t\t\t\t<\/span>\n\t\t\t\t\n\t\t\t\t\t\t\t\t\t<div class=\"elementor-price-table__after-price\">\n\t\t\t\t\t\t<span class=\"elementor-price-table__fractional-part\">\n\t\t\t\t\t\t\t\t\t\t\t\t\t<\/span>\n\n\t\t\t\t\t\t\t\t\t\t\t\t\t<span class=\"elementor-price-table__period elementor-typo-excluded\">\u20ac\/hour<\/span>\t\t\t\t\t\t\t\t\t\t\t<\/div>\n\t\t\t\t\n\t\t\t\t\n\t\t\t\t\t\t\t<\/div>\n\n\t\t\t\t\t\t\t<ul class=\"elementor-price-table__features-list\">\n\t\t\t\t\t\t\t\t\t\t\t<li class=\"elementor-repeater-item-de52c01\">\n\t\t\t\t\t\t\t<div class=\"elementor-price-table__feature-inner\">\n\t\t\t\t\t\t\t\t\t\t\t\t\t\t\t\t&nbsp;\t\t\t\t\t\t\t<\/div>\n\t\t\t\t\t\t<\/li>\n\t\t\t\t\t\t\t\t\t<\/ul>\n\t\t\t\n\t\t\t\t\t<\/div>\n\n\t\t\t\t\t\t<\/div>\n\t\t\t\t<\/div>\n\t\t\t\t\t<\/div>\n\t\t<\/div>\n\t\t\t\t<div class=\"has_ae_slider elementor-column elementor-col-50 elementor-inner-column elementor-element elementor-element-0685360 oigusabi-kiri ae-bg-gallery-type-default\" data-id=\"0685360\" data-element_type=\"column\" data-e-type=\"column\" data-settings=\"{&quot;background_background&quot;:&quot;classic&quot;}\">\n\t\t\t<div class=\"elementor-widget-wrap elementor-element-populated\">\n\t\t\t\t\t\t<div class=\"elementor-element elementor-element-e76c119 elementor-widget elementor-widget-text-editor\" data-id=\"e76c119\" data-element_type=\"widget\" data-e-type=\"widget\" data-widget_type=\"text-editor.default\">\n\t\t\t\t<div class=\"elementor-widget-container\">\n\t\t\t\t\t\t\t\t\t<h2 style=\"text-align: left;\">Send us a letter:<\/h2><p style=\"text-align: justify;\"><span style=\"font-size: 14px; font-style: normal; font-weight: 500;\">\n<div class=\"wpcf7 no-js\" id=\"wpcf7-f7-o1\" lang=\"en-US\" dir=\"ltr\" data-wpcf7-id=\"7\">\n<div class=\"screen-reader-response\"><p role=\"status\" aria-live=\"polite\" aria-atomic=\"true\"><\/p> <ul><\/ul><\/div>\n<form action=\"\/eng\/wp-json\/wp\/v2\/pages\/10185#wpcf7-f7-o1\" method=\"post\" class=\"wpcf7-form init\" aria-label=\"Contact form\" novalidate=\"novalidate\" data-status=\"init\" data-trp-original-action=\"\/eng\/wp-json\/wp\/v2\/pages\/10185#wpcf7-f7-o1\">\n<fieldset class=\"hidden-fields-container\"><input type=\"hidden\" name=\"_wpcf7\" value=\"7\" \/><input type=\"hidden\" name=\"_wpcf7_version\" value=\"6.1.5\" \/><input type=\"hidden\" name=\"_wpcf7_locale\" value=\"en_US\" \/><input type=\"hidden\" name=\"_wpcf7_unit_tag\" value=\"wpcf7-f7-o1\" \/><input type=\"hidden\" name=\"_wpcf7_container_post\" value=\"0\" \/><input type=\"hidden\" name=\"_wpcf7_posted_data_hash\" value=\"\" \/><input type=\"hidden\" name=\"_wpcf7_recaptcha_response\" value=\"\" \/>\n<\/fieldset>\n<p><label> Your name<br \/>\n<span class=\"wpcf7-form-control-wrap\" data-name=\"your-name\"><input size=\"40\" maxlength=\"400\" class=\"wpcf7-form-control wpcf7-text wpcf7-validates-as-required\" aria-required=\"true\" aria-invalid=\"false\" value=\"\" type=\"text\" name=\"your-name\" \/><\/span> <\/label>\n<\/p>\n<p><label> Your e-mail address<br \/>\n<span class=\"wpcf7-form-control-wrap\" data-name=\"your-email\"><input size=\"40\" maxlength=\"400\" class=\"wpcf7-form-control wpcf7-email wpcf7-validates-as-required wpcf7-text wpcf7-validates-as-email\" aria-required=\"true\" aria-invalid=\"false\" value=\"\" type=\"email\" name=\"your-email\" \/><\/span> <\/label>\n<\/p>\n<p><label> Subject<br \/>\n<span class=\"wpcf7-form-control-wrap\" data-name=\"your-subject\"><input size=\"40\" maxlength=\"400\" class=\"wpcf7-form-control wpcf7-text\" aria-invalid=\"false\" value=\"\" type=\"text\" name=\"your-subject\" \/><\/span> <\/label>\n<\/p>\n<p><label> Content of the topic (text)<br \/>\n<span class=\"wpcf7-form-control-wrap\" data-name=\"your-message\"><textarea cols=\"40\" rows=\"5\" maxlength=\"2000\" class=\"wpcf7-form-control wpcf7-textarea\" aria-invalid=\"false\" name=\"your-message\"><\/textarea><\/span> <\/label>\n<\/p>\n\n<p><input class=\"wpcf7-form-control wpcf7-submit has-spinner\" type=\"submit\" value=\"Send a letter!\" \/>\n<\/p><div class=\"wpcf7-response-output\" aria-hidden=\"true\"><\/div>\n<input type=\"hidden\" name=\"trp-form-language\" value=\"eng\"\/><\/form>\n<\/div>\n<\/span><\/p>\t\t\t\t\t\t\t\t<\/div>\n\t\t\t\t<\/div>\n\t\t\t\t\t<\/div>\n\t\t<\/div>\n\t\t\t\t\t<\/div>\n\t\t<\/section>\n\t\t\t\t\t<\/div>\n\t\t<\/div>\n\t\t\t\t\t<\/div>\n\t\t<\/section>\n\t\t\t\t<\/div>","protected":false},"excerpt":{"rendered":"<p>We assist clients in civil and administrative matters, providing professional and reliable legal services throughout Estonia. We help draft claims, applications, appeals, appeals against court rulings, responses, etc., and represent clients both out of court and in court proceedings. In providing legal assistance, we rely on prevailing case law and explain to the client what previous decisions have been made in similar cases, enabling the client to make an informed decision on whether and how to proceed with the legal dispute.<\/p>","protected":false},"author":6,"featured_media":30315,"parent":0,"menu_order":0,"comment_status":"closed","ping_status":"closed","template":"","meta":{"_monsterinsights_skip_tracking":false,"_monsterinsights_sitenote_active":false,"_monsterinsights_sitenote_note":"","_monsterinsights_sitenote_category":0,"site-sidebar-layout":"no-sidebar","site-content-layout":"default","ast-site-content-layout":"default","site-content-style":"default","site-sidebar-style":"default","ast-global-header-display":"","ast-banner-title-visibility":"","ast-main-header-display":"","ast-hfb-above-header-display":"","ast-hfb-below-header-display":"","ast-hfb-mobile-header-display":"","site-post-title":"disabled","ast-breadcrumbs-content":"","ast-featured-img":"disabled","footer-sml-layout":"","ast-disable-related-posts":"","theme-transparent-header-meta":"default","adv-header-id-meta":"","stick-header-meta":"","header-above-stick-meta":"","header-main-stick-meta":"","header-below-stick-meta":"","astra-migrate-meta-layouts":"set","ast-page-background-enabled":"default","ast-page-background-meta":{"desktop":{"background-color":"","background-image":"","background-repeat":"repeat","background-position":"center center","background-size":"auto","background-attachment":"scroll","background-type":"","background-media":"","overlay-type":"","overlay-color":"","overlay-opacity":"","overlay-gradient":""},"tablet":{"background-color":"","background-image":"","background-repeat":"repeat","background-position":"center center","background-size":"auto","background-attachment":"scroll","background-type":"","background-media":"","overlay-type":"","overlay-color":"","overlay-opacity":"","overlay-gradient":""},"mobile":{"background-color":"","background-image":"","background-repeat":"repeat","background-position":"center center","background-size":"auto","background-attachment":"scroll","background-type":"","background-media":"","overlay-type":"","overlay-color":"","overlay-opacity":"","overlay-gradient":""}},"ast-content-background-meta":{"desktop":{"background-color":"var(--ast-global-color-5)","background-image":"","background-repeat":"repeat","background-position":"center center","background-size":"auto","background-attachment":"scroll","background-type":"","background-media":"","overlay-type":"","overlay-color":"","overlay-opacity":"","overlay-gradient":""},"tablet":{"background-color":"var(--ast-global-color-5)","background-image":"","background-repeat":"repeat","background-position":"center center","background-size":"auto","background-attachment":"scroll","background-type":"","background-media":"","overlay-type":"","overlay-color":"","overlay-opacity":"","overlay-gradient":""},"mobile":{"background-color":"var(--ast-global-color-5)","background-image":"","background-repeat":"repeat","background-position":"center center","background-size":"auto","background-attachment":"scroll","background-type":"","background-media":"","overlay-type":"","overlay-color":"","overlay-opacity":"","overlay-gradient":""}},"footnotes":""},"class_list":["post-10185","page","type-page","status-publish","has-post-thumbnail","hentry"],"yoast_head":"<!-- This site is optimized with the Yoast SEO Premium plugin v24.4 (Yoast SEO v27.4) - https:\/\/yoast.com\/product\/yoast-seo-premium-wordpress\/ -->\n<title>\u00d5igusabi \u2013 jurist aitab! - TeadmisteRadar<\/title>\n<meta name=\"description\" content=\"Vajad \u00f5igusabi? Jurist, juriidiline konsultatsioon, \u00f5igusteenus, tasuta esman\u00f5ustamine, dokumentide koostamine, kohtu vaidlused, esindamine kohtus.\" \/>\n<meta name=\"robots\" content=\"index, follow, max-snippet:-1, max-image-preview:large, max-video-preview:-1\" \/>\n<link rel=\"canonical\" href=\"https:\/\/multifarius.ee\/eng\/oigusabi\/\" \/>\n<meta property=\"og:locale\" content=\"en_US\" \/>\n<meta property=\"og:type\" content=\"article\" \/>\n<meta property=\"og:title\" content=\"\u00d5igusabi \u2013 jurist aitab!\" \/>\n<meta property=\"og:description\" content=\"Vajad \u00f5igusabi? Jurist, juriidiline konsultatsioon, \u00f5igusteenus, tasuta esman\u00f5ustamine, dokumentide koostamine, kohtu vaidlused, esindamine kohtus.\" \/>\n<meta property=\"og:url\" content=\"https:\/\/multifarius.ee\/eng\/oigusabi\/\" \/>\n<meta property=\"og:site_name\" content=\"TeadmisteRadar\" \/>\n<meta property=\"article:modified_time\" content=\"2026-01-01T09:37:32+00:00\" \/>\n<meta property=\"og:image\" content=\"http:\/\/multifarius.ee\/wp-content\/uploads\/2024\/07\/Oigus.png\" \/>\n\t<meta property=\"og:image:width\" content=\"1920\" \/>\n\t<meta property=\"og:image:height\" content=\"1080\" \/>\n\t<meta property=\"og:image:type\" content=\"image\/png\" \/>\n<meta name=\"twitter:card\" content=\"summary_large_image\" \/>\n<meta name=\"twitter:label1\" content=\"Est. reading time\" \/>\n\t<meta name=\"twitter:data1\" content=\"2 minutes\" \/>\n<script type=\"application\/ld+json\" class=\"yoast-schema-graph\">{\"@context\":\"https:\\\/\\\/schema.org\",\"@graph\":[{\"@type\":\"WebPage\",\"@id\":\"https:\\\/\\\/multifarius.ee\\\/oigusabi\\\/\",\"url\":\"https:\\\/\\\/multifarius.ee\\\/oigusabi\\\/\",\"name\":\"\u00d5igusabi \u2013 jurist aitab! - TeadmisteRadar\",\"isPartOf\":{\"@id\":\"https:\\\/\\\/multifarius.ee\\\/#website\"},\"primaryImageOfPage\":{\"@id\":\"https:\\\/\\\/multifarius.ee\\\/oigusabi\\\/#primaryimage\"},\"image\":{\"@id\":\"https:\\\/\\\/multifarius.ee\\\/oigusabi\\\/#primaryimage\"},\"thumbnailUrl\":\"https:\\\/\\\/multifarius.ee\\\/wp-content\\\/uploads\\\/2024\\\/07\\\/Oigus.png\",\"datePublished\":\"2021-05-26T08:13:01+00:00\",\"dateModified\":\"2026-01-01T09:37:32+00:00\",\"description\":\"Vajad \u00f5igusabi? Jurist, juriidiline konsultatsioon, \u00f5igusteenus, tasuta esman\u00f5ustamine, dokumentide koostamine, kohtu vaidlused, esindamine kohtus.\",\"breadcrumb\":{\"@id\":\"https:\\\/\\\/multifarius.ee\\\/oigusabi\\\/#breadcrumb\"},\"inLanguage\":\"en-US\",\"potentialAction\":[{\"@type\":\"ReadAction\",\"target\":[\"https:\\\/\\\/multifarius.ee\\\/oigusabi\\\/\"]}]},{\"@type\":\"ImageObject\",\"inLanguage\":\"en-US\",\"@id\":\"https:\\\/\\\/multifarius.ee\\\/oigusabi\\\/#primaryimage\",\"url\":\"https:\\\/\\\/multifarius.ee\\\/wp-content\\\/uploads\\\/2024\\\/07\\\/Oigus.png\",\"contentUrl\":\"https:\\\/\\\/multifarius.ee\\\/wp-content\\\/uploads\\\/2024\\\/07\\\/Oigus.png\",\"width\":1920,\"height\":1080},{\"@type\":\"BreadcrumbList\",\"@id\":\"https:\\\/\\\/multifarius.ee\\\/oigusabi\\\/#breadcrumb\",\"itemListElement\":[{\"@type\":\"ListItem\",\"position\":1,\"name\":\"Home\",\"item\":\"https:\\\/\\\/multifarius.ee\\\/\"},{\"@type\":\"ListItem\",\"position\":2,\"name\":\"\u00d5igusabi \u2013 jurist aitab!\"}]},{\"@type\":\"WebSite\",\"@id\":\"https:\\\/\\\/multifarius.ee\\\/#website\",\"url\":\"https:\\\/\\\/multifarius.ee\\\/\",\"name\":\"TeadmisteRadar\",\"description\":\"Koolitused ja e-kursused\",\"publisher\":{\"@id\":\"https:\\\/\\\/multifarius.ee\\\/#organization\"},\"potentialAction\":[{\"@type\":\"SearchAction\",\"target\":{\"@type\":\"EntryPoint\",\"urlTemplate\":\"https:\\\/\\\/multifarius.ee\\\/?s={search_term_string}\"},\"query-input\":{\"@type\":\"PropertyValueSpecification\",\"valueRequired\":true,\"valueName\":\"search_term_string\"}}],\"inLanguage\":\"en-US\"},{\"@type\":\"Organization\",\"@id\":\"https:\\\/\\\/multifarius.ee\\\/#organization\",\"name\":\"TeadmisteRadar\",\"url\":\"https:\\\/\\\/multifarius.ee\\\/\",\"logo\":{\"@type\":\"ImageObject\",\"inLanguage\":\"en-US\",\"@id\":\"https:\\\/\\\/multifarius.ee\\\/#\\\/schema\\\/logo\\\/image\\\/\",\"url\":\"https:\\\/\\\/multifarius.ee\\\/wp-content\\\/uploads\\\/2022\\\/09\\\/tr-logo-uus3.png\",\"contentUrl\":\"https:\\\/\\\/multifarius.ee\\\/wp-content\\\/uploads\\\/2022\\\/09\\\/tr-logo-uus3.png\",\"width\":650,\"height\":143,\"caption\":\"TeadmisteRadar\"},\"image\":{\"@id\":\"https:\\\/\\\/multifarius.ee\\\/#\\\/schema\\\/logo\\\/image\\\/\"}}]}<\/script>\n<!-- \/ Yoast SEO Premium plugin. -->","yoast_head_json":{"title":"\u00d5igusabi \u2013 jurist aitab! - TeadmisteRadar","description":"Vajad \u00f5igusabi? Jurist, juriidiline konsultatsioon, \u00f5igusteenus, tasuta esman\u00f5ustamine, dokumentide koostamine, kohtu vaidlused, esindamine kohtus.","robots":{"index":"index","follow":"follow","max-snippet":"max-snippet:-1","max-image-preview":"max-image-preview:large","max-video-preview":"max-video-preview:-1"},"canonical":"https:\/\/multifarius.ee\/eng\/oigusabi\/","og_locale":"en_US","og_type":"article","og_title":"\u00d5igusabi \u2013 jurist aitab!","og_description":"Vajad \u00f5igusabi? Jurist, juriidiline konsultatsioon, \u00f5igusteenus, tasuta esman\u00f5ustamine, dokumentide koostamine, kohtu vaidlused, esindamine kohtus.","og_url":"https:\/\/multifarius.ee\/eng\/oigusabi\/","og_site_name":"TeadmisteRadar","article_modified_time":"2026-01-01T09:37:32+00:00","og_image":[{"width":1920,"height":1080,"url":"http:\/\/multifarius.ee\/wp-content\/uploads\/2024\/07\/Oigus.png","type":"image\/png"}],"twitter_card":"summary_large_image","twitter_misc":{"Est. reading time":"2 minutes"},"schema":{"@context":"https:\/\/schema.org","@graph":[{"@type":"WebPage","@id":"https:\/\/multifarius.ee\/oigusabi\/","url":"https:\/\/multifarius.ee\/oigusabi\/","name":"\u00d5igusabi \u2013 jurist aitab! - TeadmisteRadar","isPartOf":{"@id":"https:\/\/multifarius.ee\/#website"},"primaryImageOfPage":{"@id":"https:\/\/multifarius.ee\/oigusabi\/#primaryimage"},"image":{"@id":"https:\/\/multifarius.ee\/oigusabi\/#primaryimage"},"thumbnailUrl":"https:\/\/multifarius.ee\/wp-content\/uploads\/2024\/07\/Oigus.png","datePublished":"2021-05-26T08:13:01+00:00","dateModified":"2026-01-01T09:37:32+00:00","description":"Vajad \u00f5igusabi? Jurist, juriidiline konsultatsioon, \u00f5igusteenus, tasuta esman\u00f5ustamine, dokumentide koostamine, kohtu vaidlused, esindamine kohtus.","breadcrumb":{"@id":"https:\/\/multifarius.ee\/oigusabi\/#breadcrumb"},"inLanguage":"en-US","potentialAction":[{"@type":"ReadAction","target":["https:\/\/multifarius.ee\/oigusabi\/"]}]},{"@type":"ImageObject","inLanguage":"en-US","@id":"https:\/\/multifarius.ee\/oigusabi\/#primaryimage","url":"https:\/\/multifarius.ee\/wp-content\/uploads\/2024\/07\/Oigus.png","contentUrl":"https:\/\/multifarius.ee\/wp-content\/uploads\/2024\/07\/Oigus.png","width":1920,"height":1080},{"@type":"BreadcrumbList","@id":"https:\/\/multifarius.ee\/oigusabi\/#breadcrumb","itemListElement":[{"@type":"ListItem","position":1,"name":"Home","item":"https:\/\/multifarius.ee\/"},{"@type":"ListItem","position":2,"name":"\u00d5igusabi \u2013 jurist aitab!"}]},{"@type":"WebSite","@id":"https:\/\/multifarius.ee\/#website","url":"https:\/\/multifarius.ee\/","name":"TeadmisteRadar","description":"Koolitused ja e-kursused","publisher":{"@id":"https:\/\/multifarius.ee\/#organization"},"potentialAction":[{"@type":"SearchAction","target":{"@type":"EntryPoint","urlTemplate":"https:\/\/multifarius.ee\/?s={search_term_string}"},"query-input":{"@type":"PropertyValueSpecification","valueRequired":true,"valueName":"search_term_string"}}],"inLanguage":"en-US"},{"@type":"Organization","@id":"https:\/\/multifarius.ee\/#organization","name":"TeadmisteRadar","url":"https:\/\/multifarius.ee\/","logo":{"@type":"ImageObject","inLanguage":"en-US","@id":"https:\/\/multifarius.ee\/#\/schema\/logo\/image\/","url":"https:\/\/multifarius.ee\/wp-content\/uploads\/2022\/09\/tr-logo-uus3.png","contentUrl":"https:\/\/multifarius.ee\/wp-content\/uploads\/2022\/09\/tr-logo-uus3.png","width":650,"height":143,"caption":"TeadmisteRadar"},"image":{"@id":"https:\/\/multifarius.ee\/#\/schema\/logo\/image\/"}}]}},"_links":{"self":[{"href":"https:\/\/multifarius.ee\/eng\/wp-json\/wp\/v2\/pages\/10185","targetHints":{"allow":["GET"]}}],"collection":[{"href":"https:\/\/multifarius.ee\/eng\/wp-json\/wp\/v2\/pages"}],"about":[{"href":"https:\/\/multifarius.ee\/eng\/wp-json\/wp\/v2\/types\/page"}],"author":[{"embeddable":true,"href":"https:\/\/multifarius.ee\/eng\/wp-json\/wp\/v2\/users\/6"}],"replies":[{"embeddable":true,"href":"https:\/\/multifarius.ee\/eng\/wp-json\/wp\/v2\/comments?post=10185"}],"version-history":[{"count":5,"href":"https:\/\/multifarius.ee\/eng\/wp-json\/wp\/v2\/pages\/10185\/revisions"}],"predecessor-version":[{"id":38799,"href":"https:\/\/multifarius.ee\/eng\/wp-json\/wp\/v2\/pages\/10185\/revisions\/38799"}],"wp:featuredmedia":[{"embeddable":true,"href":"https:\/\/multifarius.ee\/eng\/wp-json\/wp\/v2\/media\/30315"}],"wp:attachment":[{"href":"https:\/\/multifarius.ee\/eng\/wp-json\/wp\/v2\/media?parent=10185"}],"curies":[{"name":"wp","href":"https:\/\/api.w.org\/{rel}","templated":true}]}}